{"id":778,"date":"2025-01-06T18:16:54","date_gmt":"2025-01-06T18:16:54","guid":{"rendered":"https:\/\/kvarner.wine\/wp\/?page_id=778"},"modified":"2025-01-08T16:14:31","modified_gmt":"2025-01-08T16:14:31","slug":"preporuke-za-posluzivanje-vina","status":"publish","type":"page","link":"https:\/\/kvarner.wine\/hr\/okusi-kvarnera\/preporuke-za-posluzivanje-vina\/","title":{"rendered":"Preporuke za poslu\u017eivanje vina"},"content":{"rendered":"\n<div class=\"wp-block-stackable-columns alignfull stk-block-columns stk-block stk-4adbf2b stk-block-background stk--has-background-overlay\" data-block-id=\"4adbf2b\"><style>.stk-4adbf2b {background-image:url(https:\/\/kvarner.wine\/wp-content\/uploads\/2024\/12\/wines-1761613_1920.webp) !important;background-attachment:fixed !important;background-position:center center !important;background-size:cover !important;padding-top:0px !important;padding-right:0px !important;padding-bottom:0px !important;padding-left:0px !important;margin-bottom:50px !important;}@media screen and (max-width: 1023px){.stk-4adbf2b {background-position:center center !important;background-repeat:no-repeat !important;}}@media screen and (max-width: 767px){.stk-4adbf2b {background-position:center right !important;background-size:cover !important;}}<\/style><div class=\"stk-row stk-inner-blocks stk-block-content stk-content-align stk-4adbf2b-column alignfull\">\n<div class=\"wp-block-stackable-column stk-block-column stk-column stk-block stk-dc7759b stk-block-background stk--has-background-overlay\" data-v=\"4\" data-block-id=\"dc7759b\"><style>.stk-dc7759b-container{margin-top:0px !important;margin-right:0px !important;margin-bottom:0px !important;margin-left:0px !important;min-height:420px !important;}.stk-dc7759b-inner-blocks{justify-content:flex-end !important;row-gap:0px !important;}.stk-dc7759b {background-color:transparent !important;}.stk-dc7759b:before{background-image:linear-gradient(54deg,rgb(192,182,64) 37%,rgba(191,181,63,0) 37%) !important;}<\/style><div class=\"stk-column-wrapper stk-block-column__content stk-container stk-dc7759b-container stk--no-background stk--no-padding\"><div class=\"stk--column-flex stk-block-content stk-inner-blocks stk-dc7759b-inner-blocks\">\n<div class=\"wp-block-stackable-text stk-block-text stk-block stk-c5876b1\" data-scroll-speed=\"5\" data-block-id=\"c5876b1\"><style>.stk-c5876b1 {padding-right:5em !important;padding-bottom:1em !important;padding-left:5em !important;}.stk-c5876b1 .stk-block-text__text{font-size:5rem !important;color:#ffffff !important;line-height:1em !important;}@media screen and (max-width: 1023px){.stk-c5876b1 .stk-block-text__text{font-size:5rem !important;}}@media screen and (max-width: 767px){.stk-c5876b1 {padding-top:16px !important;padding-right:16px !important;padding-bottom:16px !important;padding-left:16px !important;margin-top:0px !important;margin-right:0px !important;margin-bottom:0px !important;margin-left:0px !important;}.stk-c5876b1 .stk-block-text__text{font-size:60px !important;}}<\/style><p class=\"stk-block-text__text has-text-color has-text-align-left has-text-align-left-mobile\">Preporuke za <br>poslu\u017eivanje vina<\/p><\/div>\n<\/div><\/div><\/div>\n<\/div><\/div>\n\n\n\n<div class=\"wp-block-stackable-columns stk-block-columns stk-block stk-698cbbd\" data-block-id=\"698cbbd\"><style>.stk-698cbbd {max-width:1080px !important;min-width:auto !important;margin-right:auto !important;margin-left:auto !important;}<\/style><div class=\"stk-row stk-inner-blocks stk-block-content stk-content-align stk-698cbbd-column\">\n<div class=\"wp-block-stackable-column stk-block-column stk-column stk-block stk-8bee56d\" data-v=\"4\" data-block-id=\"8bee56d\"><style>.stk-8bee56d {align-self:stretch !important;}.stk-8bee56d-inner-blocks{justify-content:space-between !important;}<\/style><div class=\"stk-column-wrapper stk-block-column__content stk-container stk-8bee56d-container stk--no-background stk--no-padding\"><div class=\"stk--column-flex stk-block-content stk-inner-blocks stk-8bee56d-inner-blocks\">\n<div class=\"wp-block-group\" data-block-type=\"core\"><div class=\"wp-block-group__inner-container is-layout-constrained wp-block-group-is-layout-constrained\">\n<div class=\"wp-block-stackable-image stk-block-image stk-block stk-85ced07\" data-block-id=\"85ced07\"><style>.stk-85ced07 {max-width:300px !important;min-width:auto !important;margin-right:auto !important;margin-left:auto !important;}<\/style><figure><span class=\"stk-img-wrapper stk-image--shape-stretch\"><img loading=\"lazy\" decoding=\"async\" class=\"stk-img wp-image-779\" src=\"https:\/\/kvarner.wine\/wp-content\/uploads\/2025\/01\/ico-termo.svg\" width=\"150\" height=\"300\"\/><\/span><\/figure><\/div>\n\n\n\n<div class=\"wp-block-stackable-heading stk-block-heading stk-block-heading--v2 stk-block stk-70079be\" id=\"temperatura-vina\" data-block-id=\"70079be\"><style>.stk-70079be .stk-block-heading__text{font-size:32px !important;color:var(--stk-global-color-55114, #c0b640) !important;}@media screen and (max-width: 1023px){.stk-70079be .stk-block-heading__text{font-size:32px !important;}}<\/style><h3 class=\"stk-block-heading__text has-text-color has-text-align-center\">Temperatura vina<\/h3><\/div>\n\n\n\n<div class=\"wp-block-stackable-text stk-block-text stk-block stk-b24e07b\" data-block-id=\"b24e07b\"><style>.stk-b24e07b .stk-block-text__text{color:var(--stk-global-color-19321, #333333) !important;}<\/style><p class=\"stk-block-text__text has-text-color has-text-align-center\"><em>Temperatura poslu\u017eivanja vina izuzetno utje\u010de na miris i okus vina te je, stoga izuzetno bitna.<\/em><\/p><\/div>\n\n\n\n<div class=\"wp-block-stackable-divider stk-block-divider stk-block stk-0ea05cc is-style-bar\" data-block-id=\"0ea05cc\"><style>.stk-0ea05cc hr.stk-block-divider__hr{background:var(--stk-global-color-55114, #c0b640) !important;border-radius:calc(3px \/ 2) !important;height:3px !important;width:75% !important;}.stk-0ea05cc {margin-top:40px !important;margin-bottom:40px !important;}<\/style><hr class=\"stk-block-divider__hr\"\/><\/div>\n<\/div><\/div>\n\n\n\n<div class=\"wp-block-stackable-text stk-block-text stk-block stk-a624295\" data-block-id=\"a624295\"><style>.stk-a624295 {margin-bottom:0px !important;}.stk-a624295 .stk-block-text__text{color:var(--stk-global-color-19321, #333333) !important;}<\/style><p class=\"stk-block-text__text has-text-color has-text-align-center\">Bijela mlada vina serviraju se na<\/p><\/div>\n\n\n\n<div class=\"wp-block-stackable-text stk-block-text stk-block stk-bab41bf\" data-block-id=\"bab41bf\"><style>.stk-bab41bf .stk-block-text__text{font-size:23px !important;color:var(--stk-global-color-55114, #c0b640) !important;font-weight:700 !important;}@media screen and (max-width: 1023px){.stk-bab41bf .stk-block-text__text{font-size:23px !important;}}<\/style><p class=\"stk-block-text__text has-text-color has-text-align-center\">8 &#8211; 10 \u00b0C <\/p><\/div>\n\n\n\n<div class=\"wp-block-stackable-text stk-block-text stk-block stk-3347677\" data-block-id=\"3347677\"><style>.stk-3347677 {margin-bottom:0px !important;}.stk-3347677 .stk-block-text__text{color:var(--stk-global-color-19321, #333333) !important;}<\/style><p class=\"stk-block-text__text has-text-color has-text-align-center\">Bijela odle\u017eana  vina serviraju se na<\/p><\/div>\n\n\n\n<div class=\"wp-block-stackable-text stk-block-text stk-block stk-e21f76f\" data-block-id=\"e21f76f\"><style>.stk-e21f76f .stk-block-text__text{font-size:23px !important;color:var(--stk-global-color-55114, #c0b640) !important;font-weight:700 !important;}@media screen and (max-width: 1023px){.stk-e21f76f .stk-block-text__text{font-size:23px !important;}}<\/style><p class=\"stk-block-text__text has-text-color has-text-align-center\">10 &#8211; 12 \u00b0C <\/p><\/div>\n\n\n\n<div class=\"wp-block-stackable-text stk-block-text stk-block stk-a35abd0\" data-block-id=\"a35abd0\"><style>.stk-a35abd0 {margin-bottom:0px !important;}.stk-a35abd0 .stk-block-text__text{color:var(--stk-global-color-19321, #333333) !important;}<\/style><p class=\"stk-block-text__text has-text-color has-text-align-center\">Rose vina serviraju se na<\/p><\/div>\n\n\n\n<div class=\"wp-block-stackable-text stk-block-text stk-block stk-a20d7e5\" data-block-id=\"a20d7e5\"><style>.stk-a20d7e5 .stk-block-text__text{font-size:23px !important;color:var(--stk-global-color-55114, #c0b640) !important;font-weight:700 !important;}@media screen and (max-width: 1023px){.stk-a20d7e5 .stk-block-text__text{font-size:23px !important;}}<\/style><p class=\"stk-block-text__text has-text-color has-text-align-center\">8 &#8211; 10 \u00b0C <\/p><\/div>\n\n\n\n<div class=\"wp-block-stackable-text stk-block-text stk-block stk-7d74aed\" data-block-id=\"7d74aed\"><style>.stk-7d74aed {margin-bottom:0px !important;}.stk-7d74aed .stk-block-text__text{color:var(--stk-global-color-19321, #333333) !important;}<\/style><p class=\"stk-block-text__text has-text-color has-text-align-center\">Crvena mlada  vina serviraju se na<\/p><\/div>\n\n\n\n<div class=\"wp-block-stackable-text stk-block-text stk-block stk-46dd3ee\" data-block-id=\"46dd3ee\"><style>.stk-46dd3ee .stk-block-text__text{font-size:23px !important;color:var(--stk-global-color-55114, #c0b640) !important;font-weight:700 !important;}@media screen and (max-width: 1023px){.stk-46dd3ee .stk-block-text__text{font-size:23px !important;}}<\/style><p class=\"stk-block-text__text has-text-color has-text-align-center\">14 &#8211; 16 \u00b0C <\/p><\/div>\n\n\n\n<div class=\"wp-block-stackable-text stk-block-text stk-block stk-23dc9e5\" data-block-id=\"23dc9e5\"><style>.stk-23dc9e5 {margin-bottom:0px !important;}.stk-23dc9e5 .stk-block-text__text{color:var(--stk-global-color-19321, #333333) !important;}<\/style><p class=\"stk-block-text__text has-text-color has-text-align-center\">Crvena odle\u017eala vina serviraju se na<\/p><\/div>\n\n\n\n<div class=\"wp-block-stackable-text stk-block-text stk-block stk-7c624bd\" data-block-id=\"7c624bd\"><style>.stk-7c624bd .stk-block-text__text{font-size:23px !important;color:var(--stk-global-color-55114, #c0b640) !important;font-weight:700 !important;}@media screen and (max-width: 1023px){.stk-7c624bd .stk-block-text__text{font-size:23px !important;}}<\/style><p class=\"stk-block-text__text has-text-color has-text-align-center\">16 &#8211; 18 \u00b0C <\/p><\/div>\n\n\n\n<div class=\"wp-block-stackable-text stk-block-text stk-block stk-c4b5af8\" data-block-id=\"c4b5af8\"><style>.stk-c4b5af8 {margin-bottom:0px !important;}.stk-c4b5af8 .stk-block-text__text{color:var(--stk-global-color-19321, #333333) !important;}<\/style><p class=\"stk-block-text__text has-text-color has-text-align-center\">Pjenu\u0161ava vina serviraju se na<\/p><\/div>\n\n\n\n<div class=\"wp-block-stackable-text stk-block-text stk-block stk-d86f496\" data-block-id=\"d86f496\"><style>.stk-d86f496 .stk-block-text__text{font-size:23px !important;color:var(--stk-global-color-55114, #c0b640) !important;font-weight:700 !important;}@media screen and (max-width: 1023px){.stk-d86f496 .stk-block-text__text{font-size:23px !important;}}<\/style><p class=\"stk-block-text__text has-text-color has-text-align-center\">6 &#8211; 8 \u00b0C <\/p><\/div>\n\n\n\n<div class=\"wp-block-stackable-text stk-block-text stk-block stk-9c557af\" data-block-id=\"9c557af\"><style>.stk-9c557af {margin-bottom:0px !important;}.stk-9c557af .stk-block-text__text{color:var(--stk-global-color-19321, #333333) !important;}<\/style><p class=\"stk-block-text__text has-text-color has-text-align-center\">Desertna vina serviraju se na<\/p><\/div>\n\n\n\n<div class=\"wp-block-stackable-text stk-block-text stk-block stk-7467a7c\" data-block-id=\"7467a7c\"><style>.stk-7467a7c .stk-block-text__text{font-size:23px !important;color:var(--stk-global-color-55114, #c0b640) !important;font-weight:700 !important;}@media screen and (max-width: 1023px){.stk-7467a7c .stk-block-text__text{font-size:23px !important;}}<\/style><p class=\"stk-block-text__text has-text-color has-text-align-center\">10 &#8211; 14 \u00b0C <\/p><\/div>\n<\/div><\/div><\/div>\n\n\n\n<div class=\"wp-block-stackable-column stk-block-column stk-column stk-block stk-3951ff8\" data-v=\"4\" data-block-id=\"3951ff8\"><style>.stk-3951ff8-inner-blocks{justify-content:space-around !important;}<\/style><div class=\"stk-column-wrapper stk-block-column__content stk-container stk-3951ff8-container stk--no-background stk--no-padding\"><div class=\"stk--column-flex stk-block-content stk-inner-blocks stk-3951ff8-inner-blocks\">\n<div class=\"wp-block-group\" data-block-type=\"core\"><div class=\"wp-block-group__inner-container is-layout-constrained wp-block-group-is-layout-constrained\">\n<div class=\"wp-block-stackable-image stk-block-image stk-block stk-a212bc2\" data-block-id=\"a212bc2\"><style>.stk-a212bc2 {max-width:300px !important;min-width:auto !important;margin-right:auto !important;margin-left:auto !important;}<\/style><figure><span class=\"stk-img-wrapper stk-image--shape-stretch\"><img loading=\"lazy\" decoding=\"async\" class=\"stk-img wp-image-780\" src=\"https:\/\/kvarner.wine\/wp-content\/uploads\/2025\/01\/ico-casa.svg\" width=\"150\" height=\"300\"\/><\/span><\/figure><\/div>\n\n\n\n<div class=\"wp-block-stackable-heading stk-block-heading stk-block-heading--v2 stk-block stk-58f4006\" id=\"izbor-casa\" data-block-id=\"58f4006\"><style>.stk-58f4006 .stk-block-heading__text{font-size:32px !important;color:var(--stk-global-color-55114, #c0b640) !important;}@media screen and (max-width: 1023px){.stk-58f4006 .stk-block-heading__text{font-size:32px !important;}}<\/style><h3 class=\"stk-block-heading__text has-text-color has-text-align-center\">Izbor \u010da\u0161a<\/h3><\/div>\n\n\n\n<div class=\"wp-block-stackable-text stk-block-text stk-block stk-f53644b\" data-block-id=\"f53644b\"><style>.stk-f53644b .stk-block-text__text{color:var(--stk-global-color-19321, #333333) !important;}<\/style><p class=\"stk-block-text__text has-text-color has-text-align-center\"><em>Vino  se  poslu\u017euje  u  prozirnim  i  bezbojnim  staklenim \u010da\u0161ama  kako  bi  se  mogla  vidjeti  boja  i  bistrost.  Razli\u010diti oblici i dimenzije vinskih \u010da\u0161a omogu\u0107uju potpuno razvijanje osjetilnih svojstava pojedinog vina.<\/em><\/p><\/div>\n\n\n\n<div class=\"wp-block-stackable-divider stk-block-divider stk-block stk-a7cd728 is-style-bar\" data-block-id=\"a7cd728\"><style>.stk-a7cd728 hr.stk-block-divider__hr{background:var(--stk-global-color-55114, #c0b640) !important;border-radius:calc(3px \/ 2) !important;height:3px !important;width:75% !important;}.stk-a7cd728 {margin-top:40px !important;margin-bottom:40px !important;}<\/style><hr class=\"stk-block-divider__hr\"\/><\/div>\n<\/div><\/div>\n\n\n\n<div class=\"wp-block-stackable-text stk-block-text stk-block stk-01bfdca\" data-block-id=\"01bfdca\"><style>.stk-01bfdca {margin-bottom:0px !important;}.stk-01bfdca .stk-block-text__text{font-size:23px !important;color:var(--stk-global-color-55114, #c0b640) !important;font-weight:700 !important;}@media screen and (max-width: 1023px){.stk-01bfdca .stk-block-text__text{font-size:23px !important;}}<\/style><p class=\"stk-block-text__text has-text-color has-text-align-center\">Pjenu\u0161ci<\/p><\/div>\n\n\n\n<div class=\"wp-block-stackable-text stk-block-text stk-block stk-ccea393\" data-block-id=\"ccea393\"><style>.stk-ccea393 .stk-block-text__text{color:var(--stk-global-color-19321, #333333) !important;}<\/style><p class=\"stk-block-text__text has-text-color has-text-align-center\">\u010da\u0161e  su  duguljastog  i  u\u017eeg  oblika,  svrha  im  je zadr\u017eati perla\u017e i hladniju temperaturu \u0161to du\u017ee (pr. flute).<\/p><\/div>\n\n\n\n<div class=\"wp-block-stackable-text stk-block-text stk-block stk-c7f5c9f\" data-block-id=\"c7f5c9f\"><style>.stk-c7f5c9f {margin-bottom:0px !important;}.stk-c7f5c9f .stk-block-text__text{font-size:23px !important;color:var(--stk-global-color-55114, #c0b640) !important;font-weight:700 !important;}@media screen and (max-width: 1023px){.stk-c7f5c9f .stk-block-text__text{font-size:23px !important;}}<\/style><p class=\"stk-block-text__text has-text-color has-text-align-center\">Bijela i rose vina te odle\u017eali pjenu\u0161ci<\/p><\/div>\n\n\n\n<div class=\"wp-block-stackable-text stk-block-text stk-block stk-cee7e01\" data-block-id=\"cee7e01\"><style>.stk-cee7e01 .stk-block-text__text{color:var(--stk-global-color-19321, #333333) !important;}<\/style><p class=\"stk-block-text__text has-text-color has-text-align-center\">\u010da\u0161e su manjeg volumena  da  bi  se  zadr\u017eala  hladnija  temperatura  vina  i vo\u0107nost (pr. tulipan)<\/p><\/div>\n\n\n\n<div class=\"wp-block-stackable-text stk-block-text stk-block stk-8e9abff\" data-block-id=\"8e9abff\"><style>.stk-8e9abff {margin-bottom:0px !important;}.stk-8e9abff .stk-block-text__text{font-size:23px !important;color:var(--stk-global-color-55114, #c0b640) !important;font-weight:700 !important;}@media screen and (max-width: 1023px){.stk-8e9abff .stk-block-text__text{font-size:23px !important;}}<\/style><p class=\"stk-block-text__text has-text-color has-text-align-center\">Crvena vina<\/p><\/div>\n\n\n\n<div class=\"wp-block-stackable-text stk-block-text stk-block stk-9cc4f64\" data-block-id=\"9cc4f64\"><style>.stk-9cc4f64 .stk-block-text__text{color:var(--stk-global-color-19321, #333333) !important;}<\/style><p class=\"stk-block-text__text has-text-color has-text-align-center\">\u010da\u0161e su u pravilu ve\u0107eg volumena u svrhu ozra\u010divanja  vina,  \u0161to  pospje\u0161uje  da  kompleksnost  mirisa do\u0111e do izra\u017eaja i \u010dini tanine, karakteristi\u010dne za crvena vina, mek\u0161ima (pr. bordeaux).<\/p><\/div>\n\n\n\n<div class=\"wp-block-stackable-text stk-block-text stk-block stk-83535e5\" data-block-id=\"83535e5\"><style>.stk-83535e5 {margin-bottom:0px !important;}.stk-83535e5 .stk-block-text__text{font-size:23px !important;color:var(--stk-global-color-55114, #c0b640) !important;font-weight:700 !important;}@media screen and (max-width: 1023px){.stk-83535e5 .stk-block-text__text{font-size:23px !important;}}<\/style><p class=\"stk-block-text__text has-text-color has-text-align-center\">Desertna vina<\/p><\/div>\n\n\n\n<div class=\"wp-block-stackable-text stk-block-text stk-block stk-595fe92\" data-block-id=\"595fe92\"><style>.stk-595fe92 .stk-block-text__text{color:var(--stk-global-color-19321, #333333) !important;}<\/style><p class=\"stk-block-text__text has-text-color has-text-align-center\">\u010da\u0161e su manjeg volumena s obzirom na visoku koncentraciju \u0161e\u0107era i udio alkohola u vinu (pr. tulipan manjih dimenzija).<\/p><\/div>\n<\/div><\/div><\/div>\n<\/div><\/div>\n\n\n\n<p data-block-type=\"core\"><\/p>\n","protected":false},"excerpt":{"rendered":"<p>Preporuke za poslu\u017eivanje vina Temperatura vina Temperatura poslu\u017eivanja vina izuzetno utje\u010de na miris i okus vina te je, stoga izuzetno bitna. Bijela mlada vina serviraju se na 8 &#8211; 10 \u00b0C Bijela odle\u017eana vina serviraju se na 10 &#8211; 12 \u00b0C Rose vina serviraju se na 8 &#8211; 10 \u00b0C Crvena mlada vina serviraju se [&hellip;]<\/p>\n","protected":false},"author":1,"featured_media":0,"parent":712,"menu_order":0,"comment_status":"closed","ping_status":"closed","template":"","meta":{"_acf_changed":false,"iawp_total_views":47,"footnotes":""},"class_list":["post-778","page","type-page","status-publish","hentry"],"acf":[],"_links":{"self":[{"href":"https:\/\/kvarner.wine\/hr\/wp-json\/wp\/v2\/pages\/778","targetHints":{"allow":["GET"]}}],"collection":[{"href":"https:\/\/kvarner.wine\/hr\/wp-json\/wp\/v2\/pages"}],"about":[{"href":"https:\/\/kvarner.wine\/hr\/wp-json\/wp\/v2\/types\/page"}],"author":[{"embeddable":true,"href":"https:\/\/kvarner.wine\/hr\/wp-json\/wp\/v2\/users\/1"}],"replies":[{"embeddable":true,"href":"https:\/\/kvarner.wine\/hr\/wp-json\/wp\/v2\/comments?post=778"}],"version-history":[{"count":5,"href":"https:\/\/kvarner.wine\/hr\/wp-json\/wp\/v2\/pages\/778\/revisions"}],"predecessor-version":[{"id":950,"href":"https:\/\/kvarner.wine\/hr\/wp-json\/wp\/v2\/pages\/778\/revisions\/950"}],"up":[{"embeddable":true,"href":"https:\/\/kvarner.wine\/hr\/wp-json\/wp\/v2\/pages\/712"}],"wp:attachment":[{"href":"https:\/\/kvarner.wine\/hr\/wp-json\/wp\/v2\/media?parent=778"}],"curies":[{"name":"wp","href":"https:\/\/api.w.org\/{rel}","templated":true}]}}