{"id":673,"date":"2024-12-27T14:13:30","date_gmt":"2024-12-27T14:13:30","guid":{"rendered":"https:\/\/kvarner.wine\/wp\/?page_id=673"},"modified":"2025-02-02T19:19:45","modified_gmt":"2025-02-02T19:19:45","slug":"ambasadori","status":"publish","type":"page","link":"https:\/\/kvarner.wine\/hr\/ambasadori\/","title":{"rendered":"Ambasadori"},"content":{"rendered":"\n<div class=\"wp-block-stackable-columns alignfull stk-block-columns stk-block stk-4adbf2b stk-block-background stk--has-background-overlay\" data-block-id=\"4adbf2b\"><style>.stk-4adbf2b {background-image:url(https:\/\/kvarner.wine\/wp-content\/uploads\/2025\/01\/IMG_0023.webp) !important;background-attachment:fixed !important;background-position:center right !important;background-size:80% !important;padding-top:0px !important;padding-right:0px !important;padding-bottom:0px !important;padding-left:0px !important;margin-bottom:75px !important;}@media screen and (max-width: 1023px){.stk-4adbf2b {background-position:center center !important;background-size:cover !important;}}@media screen and (max-width: 767px){.stk-4adbf2b {margin-bottom:75px !important;}}<\/style><div class=\"stk-row stk-inner-blocks stk-block-content stk-content-align stk-4adbf2b-column alignfull\">\n<div class=\"wp-block-stackable-column stk-block-column stk-column stk-block stk-dc7759b stk-block-background stk--has-background-overlay\" data-v=\"4\" data-block-id=\"dc7759b\"><style>.stk-dc7759b-container{margin-top:0px !important;margin-right:0px !important;margin-bottom:0px !important;margin-left:0px !important;min-height:420px !important;}.stk-dc7759b-inner-blocks{justify-content:flex-end !important;row-gap:0px !important;}.stk-dc7759b {background-color:transparent !important;}.stk-dc7759b:before{background-image:linear-gradient(54deg,rgb(192,182,64) 37%,rgba(191,181,63,0) 37%) !important;}<\/style><div class=\"stk-column-wrapper stk-block-column__content stk-container stk-dc7759b-container stk--no-background stk--no-padding\"><div class=\"stk--column-flex stk-block-content stk-inner-blocks stk-dc7759b-inner-blocks\">\n<div class=\"wp-block-stackable-text stk-block-text stk-block stk-c5876b1\" data-scroll-speed=\"5\" data-block-id=\"c5876b1\"><style>.stk-c5876b1 {padding-right:5em !important;padding-bottom:1em !important;padding-left:5em !important;}.stk-c5876b1 .stk-block-text__text{font-size:5rem !important;color:#ffffff !important;line-height:0.8em !important;}@media screen and (max-width: 1023px){.stk-c5876b1 .stk-block-text__text{font-size:5rem !important;}}@media screen and (max-width: 767px){.stk-c5876b1 {padding-top:16px !important;padding-right:16px !important;padding-bottom:16px !important;padding-left:16px !important;margin-top:0px !important;margin-right:0px !important;margin-bottom:0px !important;margin-left:0px !important;}.stk-c5876b1 .stk-block-text__text{font-size:46px !important;}}<\/style><p class=\"stk-block-text__text has-text-color has-text-align-left has-text-align-left-mobile\">Ambasadori<\/p><\/div>\n<\/div><\/div><\/div>\n<\/div><\/div>\n\n\n\n<div class=\"wp-block-stackable-columns stk-block-columns stk-block stk-f396eaf\" data-block-id=\"f396eaf\"><style>.stk-f396eaf-column{max-width:1660px !important;min-width:auto !important;margin-right:auto !important;margin-left:auto !important;}<\/style><div class=\"stk-row stk-inner-blocks stk-block-content stk-content-align stk-f396eaf-column\">\n<div class=\"wp-block-stackable-column stk-block-column stk-column stk-block stk-6c6eb35\" data-v=\"4\" data-block-id=\"6c6eb35\"><style>.stk-6c6eb35-container{max-width:1800px !important;min-width:auto !important;margin-right:auto !important;margin-left:auto !important;}@media screen and (max-width: 767px){.stk-6c6eb35 {padding-right:1em !important;padding-left:1em !important;}}<\/style><div class=\"stk-column-wrapper stk-block-column__content stk-container stk-6c6eb35-container stk--no-background stk--no-padding\"><div class=\"stk-block-content stk-inner-blocks stk-6c6eb35-inner-blocks\">\n<div class=\"wp-block-query news-query is-layout-flow wp-block-query-is-layout-flow\" data-block-type=\"core\"><ul class=\"columns-5 wp-block-post-template is-layout-grid wp-container-core-post-template-is-layout-fa521803 wp-block-post-template-is-layout-grid\" data-block-type=\"core\"><li class=\"wp-block-post post-682 ambasador type-ambasador status-publish has-post-thumbnail hentry\">\n<figure style=\"aspect-ratio:3\/4;\" class=\"wp-block-post-featured-image\" data-block-type=\"core\" data-block-type=\"core\"><a href=\"https:\/\/kvarner.wine\/hr\/ambasador\/caslav-matijevic\/\" target=\"_self\"  ><img loading=\"lazy\" decoding=\"async\" width=\"413\" height=\"550\" src=\"https:\/\/kvarner.wine\/wp-content\/uploads\/2024\/12\/caslav-matijevic-1-413x550.webp\" class=\"attachment-portrait size-portrait wp-post-image\" alt=\"\u010caslav Matijevi\u0107\" style=\"width:100%;height:100%;object-fit:cover;\" \/><\/a><\/figure>\n\n<h2 style=\"color:#2d6010;\" class=\"has-text-align-center has-link-color wp-elements-edf7c7a5bee86ebfcc6c10bfb233eec3 wp-block-post-title has-text-color\" data-block-type=\"core\"><a href=\"https:\/\/kvarner.wine\/hr\/ambasador\/caslav-matijevic\/\" target=\"_self\" >\u010caslav Matijevi\u0107<\/a><\/h2>\n\n<div style=\"font-size:15px;\" class=\"has-text-align-center wp-block-post-excerpt\" data-block-type=\"core\"><p class=\"wp-block-post-excerpt__excerpt\">Autohtona kuhinja mora se sljubljivati s vinima autohtonih lokalnih sorti&hellip;<\/p><p class=\"wp-block-post-excerpt__more-text\"><a class=\"wp-block-post-excerpt__more-link\" href=\"https:\/\/kvarner.wine\/hr\/ambasador\/caslav-matijevic\/\">saznajte vi\u0161e<\/a><\/p><\/div>\n<\/li><li class=\"wp-block-post post-692 ambasador type-ambasador status-publish has-post-thumbnail hentry\">\n<figure style=\"aspect-ratio:3\/4;\" class=\"wp-block-post-featured-image\" data-block-type=\"core\" data-block-type=\"core\"><a href=\"https:\/\/kvarner.wine\/hr\/ambasador\/ines-matic-mateskovic\/\" target=\"_self\"  ><img loading=\"lazy\" decoding=\"async\" width=\"413\" height=\"550\" src=\"https:\/\/kvarner.wine\/wp-content\/uploads\/2024\/12\/ines-matic-mateskovic-23-413x550.webp\" class=\"attachment-portrait size-portrait wp-post-image\" alt=\"Ines Mati\u0107 Mate\u0161kovi\u0107\" style=\"width:100%;height:100%;object-fit:cover;\" \/><\/a><\/figure>\n\n<h2 style=\"color:#2d6010;\" class=\"has-text-align-center has-link-color wp-elements-edf7c7a5bee86ebfcc6c10bfb233eec3 wp-block-post-title has-text-color\" data-block-type=\"core\"><a href=\"https:\/\/kvarner.wine\/hr\/ambasador\/ines-matic-mateskovic\/\" target=\"_self\" >Ines Mati\u0107 Mate\u0161kovi\u0107<\/a><\/h2>\n\n<div style=\"font-size:15px;\" class=\"has-text-align-center wp-block-post-excerpt\" data-block-type=\"core\"><p class=\"wp-block-post-excerpt__excerpt\">Veliki je potencijal vina od crnih sorti Kvarnera Vina i&hellip;<\/p><p class=\"wp-block-post-excerpt__more-text\"><a class=\"wp-block-post-excerpt__more-link\" href=\"https:\/\/kvarner.wine\/hr\/ambasador\/ines-matic-mateskovic\/\">saznajte vi\u0161e<\/a><\/p><\/div>\n<\/li><li class=\"wp-block-post post-700 ambasador type-ambasador status-publish has-post-thumbnail hentry\">\n<figure style=\"aspect-ratio:3\/4;\" class=\"wp-block-post-featured-image\" data-block-type=\"core\" data-block-type=\"core\"><a href=\"https:\/\/kvarner.wine\/hr\/ambasador\/josip-oriskovic\/\" target=\"_self\"  ><img loading=\"lazy\" decoding=\"async\" width=\"413\" height=\"550\" src=\"https:\/\/kvarner.wine\/wp-content\/uploads\/2024\/12\/josip-oriskovic-1-413x550.webp\" class=\"attachment-portrait size-portrait wp-post-image\" alt=\"Josip Ori\u0161kovi\u0107\" style=\"width:100%;height:100%;object-fit:cover;\" \/><\/a><\/figure>\n\n<h2 style=\"color:#2d6010;\" class=\"has-text-align-center has-link-color wp-elements-edf7c7a5bee86ebfcc6c10bfb233eec3 wp-block-post-title has-text-color\" data-block-type=\"core\"><a href=\"https:\/\/kvarner.wine\/hr\/ambasador\/josip-oriskovic\/\" target=\"_self\" >Josip Ori\u0161kovi\u0107<\/a><\/h2>\n\n<div style=\"font-size:15px;\" class=\"has-text-align-center wp-block-post-excerpt\" data-block-type=\"core\"><p class=\"wp-block-post-excerpt__excerpt\">Va\u017enost edukacije i profesionalizma u ugostiteljstvu Za\u0161to je u servisu&hellip;<\/p><p class=\"wp-block-post-excerpt__more-text\"><a class=\"wp-block-post-excerpt__more-link\" href=\"https:\/\/kvarner.wine\/hr\/ambasador\/josip-oriskovic\/\">saznajte vi\u0161e<\/a><\/p><\/div>\n<\/li><li class=\"wp-block-post post-670 ambasador type-ambasador status-publish has-post-thumbnail hentry\">\n<figure style=\"aspect-ratio:3\/4;\" class=\"wp-block-post-featured-image\" data-block-type=\"core\" data-block-type=\"core\"><a href=\"https:\/\/kvarner.wine\/hr\/ambasador\/klaudio-jurcic\/\" target=\"_self\"  ><img loading=\"lazy\" decoding=\"async\" width=\"413\" height=\"550\" src=\"https:\/\/kvarner.wine\/wp-content\/uploads\/2024\/12\/klaudio-jurcic-413x550.webp\" class=\"attachment-portrait size-portrait wp-post-image\" alt=\"Klaudio Jur\u010di\u0107\" style=\"width:100%;height:100%;object-fit:cover;\" \/><\/a><\/figure>\n\n<h2 style=\"color:#2d6010;\" class=\"has-text-align-center has-link-color wp-elements-edf7c7a5bee86ebfcc6c10bfb233eec3 wp-block-post-title has-text-color\" data-block-type=\"core\"><a href=\"https:\/\/kvarner.wine\/hr\/ambasador\/klaudio-jurcic\/\" target=\"_self\" >Klaudio Jur\u010di\u0107<\/a><\/h2>\n\n<div style=\"font-size:15px;\" class=\"has-text-align-center wp-block-post-excerpt\" data-block-type=\"core\"><p class=\"wp-block-post-excerpt__excerpt\">\u017dlahtina je vrlo elasti\u010dna vinska sorta Elasticitet vina od sorte&hellip;<\/p><p class=\"wp-block-post-excerpt__more-text\"><a class=\"wp-block-post-excerpt__more-link\" href=\"https:\/\/kvarner.wine\/hr\/ambasador\/klaudio-jurcic\/\">saznajte vi\u0161e<\/a><\/p><\/div>\n<\/li><li class=\"wp-block-post post-684 ambasador type-ambasador status-publish has-post-thumbnail hentry\">\n<figure style=\"aspect-ratio:3\/4;\" class=\"wp-block-post-featured-image\" data-block-type=\"core\" data-block-type=\"core\"><a href=\"https:\/\/kvarner.wine\/hr\/ambasador\/lucija-matijevic\/\" target=\"_self\"  ><img loading=\"lazy\" decoding=\"async\" width=\"413\" height=\"550\" src=\"https:\/\/kvarner.wine\/wp-content\/uploads\/2024\/12\/lucija-matijevic-1-413x550.webp\" class=\"attachment-portrait size-portrait wp-post-image\" alt=\"Lucija Matijevi\u0107\" style=\"width:100%;height:100%;object-fit:cover;\" \/><\/a><\/figure>\n\n<h2 style=\"color:#2d6010;\" class=\"has-text-align-center has-link-color wp-elements-edf7c7a5bee86ebfcc6c10bfb233eec3 wp-block-post-title has-text-color\" data-block-type=\"core\"><a href=\"https:\/\/kvarner.wine\/hr\/ambasador\/lucija-matijevic\/\" target=\"_self\" >Lucija Matijevi\u0107<\/a><\/h2>\n\n<div style=\"font-size:15px;\" class=\"has-text-align-center wp-block-post-excerpt\" data-block-type=\"core\"><p class=\"wp-block-post-excerpt__excerpt\">Kvarner boutique regija bijelih vina Iako se, kao i najpoznatije&hellip;<\/p><p class=\"wp-block-post-excerpt__more-text\"><a class=\"wp-block-post-excerpt__more-link\" href=\"https:\/\/kvarner.wine\/hr\/ambasador\/lucija-matijevic\/\">saznajte vi\u0161e<\/a><\/p><\/div>\n<\/li><li class=\"wp-block-post post-694 ambasador type-ambasador status-publish has-post-thumbnail hentry\">\n<figure style=\"aspect-ratio:3\/4;\" class=\"wp-block-post-featured-image\" data-block-type=\"core\" data-block-type=\"core\"><a href=\"https:\/\/kvarner.wine\/hr\/ambasador\/marinela-mrkonja\/\" target=\"_self\"  ><img loading=\"lazy\" decoding=\"async\" width=\"413\" height=\"550\" src=\"https:\/\/kvarner.wine\/wp-content\/uploads\/2024\/12\/MarinelaMrkonja-413x550.webp\" class=\"attachment-portrait size-portrait wp-post-image\" alt=\"Marinela Mrkonja\" style=\"width:100%;height:100%;object-fit:cover;\" srcset=\"https:\/\/kvarner.wine\/wp-content\/uploads\/2024\/12\/MarinelaMrkonja-413x550.webp 413w, https:\/\/kvarner.wine\/wp-content\/uploads\/2024\/12\/MarinelaMrkonja-450x600.webp 450w, https:\/\/kvarner.wine\/wp-content\/uploads\/2024\/12\/MarinelaMrkonja-768x1024.webp 768w, https:\/\/kvarner.wine\/wp-content\/uploads\/2024\/12\/MarinelaMrkonja-1152x1536.webp 1152w, https:\/\/kvarner.wine\/wp-content\/uploads\/2024\/12\/MarinelaMrkonja.webp 1536w\" sizes=\"auto, (max-width: 413px) 100vw, 413px\" \/><\/a><\/figure>\n\n<h2 style=\"color:#2d6010;\" class=\"has-text-align-center has-link-color wp-elements-edf7c7a5bee86ebfcc6c10bfb233eec3 wp-block-post-title has-text-color\" data-block-type=\"core\"><a href=\"https:\/\/kvarner.wine\/hr\/ambasador\/marinela-mrkonja\/\" target=\"_self\" >Marinela Mrkonja<\/a><\/h2>\n\n<div style=\"font-size:15px;\" class=\"has-text-align-center wp-block-post-excerpt\" data-block-type=\"core\"><p class=\"wp-block-post-excerpt__excerpt\">Pro\u0161ek kao ponos Kvarnera Pro\u0161ek od \u017elahtine ponos je Kvarnera&hellip;<\/p><p class=\"wp-block-post-excerpt__more-text\"><a class=\"wp-block-post-excerpt__more-link\" href=\"https:\/\/kvarner.wine\/hr\/ambasador\/marinela-mrkonja\/\">saznajte vi\u0161e<\/a><\/p><\/div>\n<\/li><li class=\"wp-block-post post-706 ambasador type-ambasador status-publish has-post-thumbnail hentry\">\n<figure style=\"aspect-ratio:3\/4;\" class=\"wp-block-post-featured-image\" data-block-type=\"core\" data-block-type=\"core\"><a href=\"https:\/\/kvarner.wine\/hr\/ambasador\/martina-skarica\/\" target=\"_self\"  ><img loading=\"lazy\" decoding=\"async\" width=\"413\" height=\"550\" src=\"https:\/\/kvarner.wine\/wp-content\/uploads\/2024\/12\/martina-skarica-1-413x550.webp\" class=\"attachment-portrait size-portrait wp-post-image\" alt=\"Martina \u0160karica\" style=\"width:100%;height:100%;object-fit:cover;\" \/><\/a><\/figure>\n\n<h2 style=\"color:#2d6010;\" class=\"has-text-align-center has-link-color wp-elements-edf7c7a5bee86ebfcc6c10bfb233eec3 wp-block-post-title has-text-color\" data-block-type=\"core\"><a href=\"https:\/\/kvarner.wine\/hr\/ambasador\/martina-skarica\/\" target=\"_self\" >Martina \u0160karica<\/a><\/h2>\n\n<div style=\"font-size:15px;\" class=\"has-text-align-center wp-block-post-excerpt\" data-block-type=\"core\"><p class=\"wp-block-post-excerpt__excerpt\">Ru\u017ei\u010dasta vina Kvarnera za bolji osje\u0107aj ljeta Iz godine u&hellip;<\/p><p class=\"wp-block-post-excerpt__more-text\"><a class=\"wp-block-post-excerpt__more-link\" href=\"https:\/\/kvarner.wine\/hr\/ambasador\/martina-skarica\/\">saznajte vi\u0161e<\/a><\/p><\/div>\n<\/li><li class=\"wp-block-post post-698 ambasador type-ambasador status-publish has-post-thumbnail hentry\">\n<figure style=\"aspect-ratio:3\/4;\" class=\"wp-block-post-featured-image\" data-block-type=\"core\" data-block-type=\"core\"><a href=\"https:\/\/kvarner.wine\/hr\/ambasador\/monika-neral\/\" target=\"_self\"  ><img loading=\"lazy\" decoding=\"async\" width=\"413\" height=\"550\" src=\"https:\/\/kvarner.wine\/wp-content\/uploads\/2024\/12\/Monika-Neral-photo-Petar-Kurschner-413x550.webp\" class=\"attachment-portrait size-portrait wp-post-image\" alt=\"Monika Neral\" style=\"width:100%;height:100%;object-fit:cover;\" \/><\/a><\/figure>\n\n<h2 style=\"color:#2d6010;\" class=\"has-text-align-center has-link-color wp-elements-edf7c7a5bee86ebfcc6c10bfb233eec3 wp-block-post-title has-text-color\" data-block-type=\"core\"><a href=\"https:\/\/kvarner.wine\/hr\/ambasador\/monika-neral\/\" target=\"_self\" >Monika Neral<\/a><\/h2>\n\n<div style=\"font-size:15px;\" class=\"has-text-align-center wp-block-post-excerpt\" data-block-type=\"core\"><p class=\"wp-block-post-excerpt__excerpt\">Bogatstvo sjajnih mjehuri\u0107aMjehuri\u0107i nas osvje\u017ee, sjajno se sljubljuju s gastronomijom,&hellip;<\/p><p class=\"wp-block-post-excerpt__more-text\"><a class=\"wp-block-post-excerpt__more-link\" href=\"https:\/\/kvarner.wine\/hr\/ambasador\/monika-neral\/\">saznajte vi\u0161e<\/a><\/p><\/div>\n<\/li><li class=\"wp-block-post post-702 ambasador type-ambasador status-publish has-post-thumbnail hentry\">\n<figure style=\"aspect-ratio:3\/4;\" class=\"wp-block-post-featured-image\" data-block-type=\"core\" data-block-type=\"core\"><a href=\"https:\/\/kvarner.wine\/hr\/ambasador\/tomislav-pavlesic\/\" target=\"_self\"  ><img loading=\"lazy\" decoding=\"async\" width=\"413\" height=\"550\" src=\"https:\/\/kvarner.wine\/wp-content\/uploads\/2024\/12\/Pavlesic2-413x550.webp\" class=\"attachment-portrait size-portrait wp-post-image\" alt=\"Tomislav Pavle\u0161i\u0107\" style=\"width:100%;height:100%;object-fit:cover;\" \/><\/a><\/figure>\n\n<h2 style=\"color:#2d6010;\" class=\"has-text-align-center has-link-color wp-elements-edf7c7a5bee86ebfcc6c10bfb233eec3 wp-block-post-title has-text-color\" data-block-type=\"core\"><a href=\"https:\/\/kvarner.wine\/hr\/ambasador\/tomislav-pavlesic\/\" target=\"_self\" >Tomislav Pavle\u0161i\u0107<\/a><\/h2>\n\n<div style=\"font-size:15px;\" class=\"has-text-align-center wp-block-post-excerpt\" data-block-type=\"core\"><p class=\"wp-block-post-excerpt__excerpt\">Kvarner je nepresu\u0161no bogatstvo vina od autohtonih sorti vinove loze.&hellip;<\/p><p class=\"wp-block-post-excerpt__more-text\"><a class=\"wp-block-post-excerpt__more-link\" href=\"https:\/\/kvarner.wine\/hr\/ambasador\/tomislav-pavlesic\/\">saznajte vi\u0161e<\/a><\/p><\/div>\n<\/li><li class=\"wp-block-post post-704 ambasador type-ambasador status-publish has-post-thumbnail hentry\">\n<figure style=\"aspect-ratio:3\/4;\" class=\"wp-block-post-featured-image\" data-block-type=\"core\" data-block-type=\"core\"><a href=\"https:\/\/kvarner.wine\/hr\/ambasador\/zarko-stilin\/\" target=\"_self\"  ><img loading=\"lazy\" decoding=\"async\" width=\"413\" height=\"550\" src=\"https:\/\/kvarner.wine\/wp-content\/uploads\/2024\/12\/zarko-stilin-1-413x550.webp\" class=\"attachment-portrait size-portrait wp-post-image\" alt=\"\u017darko Stilin\" style=\"width:100%;height:100%;object-fit:cover;\" \/><\/a><\/figure>\n\n<h2 style=\"color:#2d6010;\" class=\"has-text-align-center has-link-color wp-elements-edf7c7a5bee86ebfcc6c10bfb233eec3 wp-block-post-title has-text-color\" data-block-type=\"core\"><a href=\"https:\/\/kvarner.wine\/hr\/ambasador\/zarko-stilin\/\" target=\"_self\" >\u017darko Stilin<\/a><\/h2>\n\n<div style=\"font-size:15px;\" class=\"has-text-align-center wp-block-post-excerpt\" data-block-type=\"core\"><p class=\"wp-block-post-excerpt__excerpt\">Za uspjeh je potrebno razumijevanje vinskog marketinga Koje su prednosti&hellip;<\/p><p class=\"wp-block-post-excerpt__more-text\"><a class=\"wp-block-post-excerpt__more-link\" href=\"https:\/\/kvarner.wine\/hr\/ambasador\/zarko-stilin\/\">saznajte vi\u0161e<\/a><\/p><\/div>\n<\/li><\/ul><\/div>\n<\/div><\/div><\/div>\n<\/div><\/div>\n\n\n\n<div class=\"wp-block-stackable-spacer stk-block-spacer stk--no-padding stk-block stk-af687a5\" data-block-id=\"af687a5\"><style>.stk-af687a5 {height:75px !important;}<\/style><\/div>\n","protected":false},"excerpt":{"rendered":"<p>Ambasadori<\/p>\n","protected":false},"author":1,"featured_media":1687,"parent":0,"menu_order":0,"comment_status":"closed","ping_status":"closed","template":"","meta":{"_acf_changed":false,"iawp_total_views":236,"footnotes":""},"class_list":["post-673","page","type-page","status-publish","has-post-thumbnail","hentry"],"acf":[],"_links":{"self":[{"href":"https:\/\/kvarner.wine\/hr\/wp-json\/wp\/v2\/pages\/673","targetHints":{"allow":["GET"]}}],"collection":[{"href":"https:\/\/kvarner.wine\/hr\/wp-json\/wp\/v2\/pages"}],"about":[{"href":"https:\/\/kvarner.wine\/hr\/wp-json\/wp\/v2\/types\/page"}],"author":[{"embeddable":true,"href":"https:\/\/kvarner.wine\/hr\/wp-json\/wp\/v2\/users\/1"}],"replies":[{"embeddable":true,"href":"https:\/\/kvarner.wine\/hr\/wp-json\/wp\/v2\/comments?post=673"}],"version-history":[{"count":5,"href":"https:\/\/kvarner.wine\/hr\/wp-json\/wp\/v2\/pages\/673\/revisions"}],"predecessor-version":[{"id":1743,"href":"https:\/\/kvarner.wine\/hr\/wp-json\/wp\/v2\/pages\/673\/revisions\/1743"}],"wp:featuredmedia":[{"embeddable":true,"href":"https:\/\/kvarner.wine\/hr\/wp-json\/wp\/v2\/media\/1687"}],"wp:attachment":[{"href":"https:\/\/kvarner.wine\/hr\/wp-json\/wp\/v2\/media?parent=673"}],"curies":[{"name":"wp","href":"https:\/\/api.w.org\/{rel}","templated":true}]}}