{"id":627,"date":"2024-12-23T16:42:19","date_gmt":"2024-12-23T16:42:19","guid":{"rendered":"https:\/\/kvarner.wine\/wp\/?page_id=627"},"modified":"2026-01-14T09:41:29","modified_gmt":"2026-01-14T09:41:29","slug":"manifestacije","status":"publish","type":"page","link":"https:\/\/kvarner.wine\/hr\/manifestacije\/","title":{"rendered":"Manifestacije"},"content":{"rendered":"\n<div class=\"wp-block-stackable-columns alignfull stk-block-columns stk-block stk-4adbf2b stk-block-background stk--has-background-overlay\" data-block-id=\"4adbf2b\"><style>.stk-4adbf2b {background-image:url(https:\/\/kvarner.wine\/wp-content\/uploads\/2024\/12\/457190270_18117677224387788_3492947469109097786_n.jpg) !important;background-attachment:fixed !important;background-position:center right !important;background-size:cover !important;padding-top:0px !important;padding-right:0px !important;padding-bottom:0px !important;padding-left:0px !important;margin-bottom:75px !important;}@media screen and (max-width: 1023px){.stk-4adbf2b {background-position:center center !important;background-repeat:no-repeat !important;}}@media screen and (max-width: 767px){.stk-4adbf2b {margin-bottom:75px !important;}}<\/style><div class=\"stk-row stk-inner-blocks stk-block-content stk-content-align stk-4adbf2b-column alignfull\">\n<div class=\"wp-block-stackable-column stk-block-column stk-column stk-block stk-dc7759b stk-block-background stk--has-background-overlay\" data-v=\"4\" data-block-id=\"dc7759b\"><style>.stk-dc7759b-container{margin-top:0px !important;margin-right:0px !important;margin-bottom:0px !important;margin-left:0px !important;min-height:420px !important;}.stk-dc7759b-inner-blocks{justify-content:flex-end !important;row-gap:0px !important;}.stk-dc7759b {background-color:transparent !important;}.stk-dc7759b:before{background-image:linear-gradient(54deg,rgb(192,182,64) 37%,rgba(191,181,63,0) 37%) !important;}<\/style><div class=\"stk-column-wrapper stk-block-column__content stk-container stk-dc7759b-container stk--no-background stk--no-padding\"><div class=\"stk--column-flex stk-block-content stk-inner-blocks stk-dc7759b-inner-blocks\">\n<div class=\"wp-block-stackable-text stk-block-text stk-block stk-c5876b1\" data-scroll-speed=\"5\" data-block-id=\"c5876b1\"><style>.stk-c5876b1 {padding-right:5em !important;padding-bottom:1em !important;padding-left:5em !important;}.stk-c5876b1 .stk-block-text__text{font-size:5rem !important;color:#ffffff !important;line-height:0.8em !important;}@media screen and (max-width: 1023px){.stk-c5876b1 .stk-block-text__text{font-size:5rem !important;}}@media screen and (max-width: 767px){.stk-c5876b1 {padding-top:16px !important;padding-right:16px !important;padding-bottom:16px !important;padding-left:16px !important;margin-top:0px !important;margin-right:0px !important;margin-bottom:0px !important;margin-left:0px !important;}.stk-c5876b1 .stk-block-text__text{font-size:46px !important;}}<\/style><p class=\"stk-block-text__text has-text-color has-text-align-left has-text-align-left-mobile\">Manifestacije<\/p><\/div>\n<\/div><\/div><\/div>\n<\/div><\/div>\n\n\n\n<div class=\"wp-block-stackable-columns stk-block-columns stk-block stk-f396eaf\" data-block-id=\"f396eaf\"><style>.stk-f396eaf-column{max-width:1560px !important;min-width:auto !important;margin-right:auto !important;margin-left:auto !important;}<\/style><div class=\"stk-row stk-inner-blocks stk-block-content stk-content-align stk-f396eaf-column\">\n<div class=\"wp-block-stackable-column stk-block-column stk-column stk-block stk-6c6eb35\" data-v=\"4\" data-block-id=\"6c6eb35\"><style>.stk-6c6eb35-container{max-width:1800px !important;min-width:auto !important;margin-right:auto !important;margin-left:auto !important;}@media screen and (max-width: 767px){.stk-6c6eb35 {padding-right:1em !important;padding-left:1em !important;}}<\/style><div class=\"stk-column-wrapper stk-block-column__content stk-container stk-6c6eb35-container stk--no-background stk--no-padding\"><div class=\"stk-block-content stk-inner-blocks stk-6c6eb35-inner-blocks\">\n<div class=\"wp-block-query news-query is-layout-flow wp-block-query-is-layout-flow\" data-block-type=\"core\"><ul class=\"columns-4 wp-block-post-template is-layout-grid wp-container-core-post-template-is-layout-b954fd2f wp-block-post-template-is-layout-grid\" data-block-type=\"core\"><li class=\"wp-block-post post-3276 manifestacija type-manifestacija status-publish has-post-thumbnail hentry\">\n<figure style=\"aspect-ratio:3\/2;\" class=\"wp-block-post-featured-image\" data-block-type=\"core\" data-block-type=\"core\"><a href=\"https:\/\/kvarner.wine\/hr\/manifestacija\/wineri\/\" target=\"_self\"  ><img loading=\"lazy\" decoding=\"async\" width=\"1920\" height=\"1080\" src=\"https:\/\/kvarner.wine\/wp-content\/uploads\/2026\/01\/KW_CestitkaMail.webp\" class=\"attachment-post-thumbnail size-post-thumbnail wp-post-image\" alt=\"WineRi\" style=\"width:100%;height:100%;object-fit:cover;\" srcset=\"https:\/\/kvarner.wine\/wp-content\/uploads\/2026\/01\/KW_CestitkaMail.webp 1920w, https:\/\/kvarner.wine\/wp-content\/uploads\/2026\/01\/KW_CestitkaMail-600x338.webp 600w, https:\/\/kvarner.wine\/wp-content\/uploads\/2026\/01\/KW_CestitkaMail-1024x576.webp 1024w, https:\/\/kvarner.wine\/wp-content\/uploads\/2026\/01\/KW_CestitkaMail-768x432.webp 768w, https:\/\/kvarner.wine\/wp-content\/uploads\/2026\/01\/KW_CestitkaMail-1536x864.webp 1536w\" sizes=\"auto, (max-width: 1920px) 100vw, 1920px\" \/><\/a><\/figure>\n\n<h2 style=\"color:#2d6010;\" class=\"has-text-align-center has-link-color wp-elements-edf7c7a5bee86ebfcc6c10bfb233eec3 wp-block-post-title has-text-color\" data-block-type=\"core\"><a href=\"https:\/\/kvarner.wine\/hr\/manifestacija\/wineri\/\" target=\"_self\" >WineRi<\/a><\/h2>\n\n<div style=\"font-size:15px;\" class=\"has-text-align-center wp-block-post-excerpt\" data-block-type=\"core\"><p class=\"wp-block-post-excerpt__excerpt\">26. &#8211; 27. 3. 2026. Me\u0111unarodni eno-gastro festival WineRi od 2017. godine pozicionira\u00a0Kvarner\u00a0kao jedno od klju\u010dnih vinsko-gastronomskih sredi\u0161ta Mediterana. Festival okuplja vi\u0161e od 100 izlaga\u010da iz 8 dr\u017eava te&hellip;<\/p><p class=\"wp-block-post-excerpt__more-text\"><a class=\"wp-block-post-excerpt__more-link\" href=\"https:\/\/kvarner.wine\/hr\/manifestacija\/wineri\/\">saznajte vi\u0161e<\/a><\/p><\/div>\n<\/li><li class=\"wp-block-post post-634 manifestacija type-manifestacija status-publish has-post-thumbnail hentry\">\n<figure style=\"aspect-ratio:3\/2;\" class=\"wp-block-post-featured-image\" data-block-type=\"core\" data-block-type=\"core\"><a href=\"https:\/\/kvarner.wine\/hr\/manifestacija\/kastav-bela-nedeja\/\" target=\"_self\"  ><img loading=\"lazy\" decoding=\"async\" width=\"1920\" height=\"671\" src=\"https:\/\/kvarner.wine\/wp-content\/uploads\/2024\/12\/kastav.webp\" class=\"attachment-post-thumbnail size-post-thumbnail wp-post-image\" alt=\"Kastav &#8211; Bela nedeja\" style=\"width:100%;height:100%;object-fit:cover;\" srcset=\"https:\/\/kvarner.wine\/wp-content\/uploads\/2024\/12\/kastav.webp 1920w, https:\/\/kvarner.wine\/wp-content\/uploads\/2024\/12\/kastav-600x210.webp 600w, https:\/\/kvarner.wine\/wp-content\/uploads\/2024\/12\/kastav-1024x358.webp 1024w, https:\/\/kvarner.wine\/wp-content\/uploads\/2024\/12\/kastav-768x268.webp 768w, https:\/\/kvarner.wine\/wp-content\/uploads\/2024\/12\/kastav-1536x537.webp 1536w\" sizes=\"auto, (max-width: 1920px) 100vw, 1920px\" \/><\/a><\/figure>\n\n<h2 style=\"color:#2d6010;\" class=\"has-text-align-center has-link-color wp-elements-edf7c7a5bee86ebfcc6c10bfb233eec3 wp-block-post-title has-text-color\" data-block-type=\"core\"><a href=\"https:\/\/kvarner.wine\/hr\/manifestacija\/kastav-bela-nedeja\/\" target=\"_self\" >Kastav &#8211; Bela nedeja<\/a><\/h2>\n\n<div style=\"font-size:15px;\" class=\"has-text-align-center wp-block-post-excerpt\" data-block-type=\"core\"><p class=\"wp-block-post-excerpt__excerpt\">4.-6.10.2025. Bela nedeja, tradicionalni sajam u \u010dast mladog vina! Bela nedeja je najve\u0107i kastavski blagdan, kastavska u\u017eanca, stoljetna tradicija za koju i danas svi Kastafci i pravi prijatelji Kastva&hellip;<\/p><p class=\"wp-block-post-excerpt__more-text\"><a class=\"wp-block-post-excerpt__more-link\" href=\"https:\/\/kvarner.wine\/hr\/manifestacija\/kastav-bela-nedeja\/\">saznajte vi\u0161e<\/a><\/p><\/div>\n<\/li><li class=\"wp-block-post post-632 manifestacija type-manifestacija status-publish has-post-thumbnail hentry\">\n<figure style=\"aspect-ratio:3\/2;\" class=\"wp-block-post-featured-image\" data-block-type=\"core\" data-block-type=\"core\"><a href=\"https:\/\/kvarner.wine\/hr\/manifestacija\/novi-vinodolski-ruzica-vinodola\/\" target=\"_self\"  ><img loading=\"lazy\" decoding=\"async\" width=\"1920\" height=\"944\" src=\"https:\/\/kvarner.wine\/wp-content\/uploads\/2024\/12\/novi.webp\" class=\"attachment-post-thumbnail size-post-thumbnail wp-post-image\" alt=\"Novi Vinodolski &#8211; Ru\u017eica Vinodola\" style=\"width:100%;height:100%;object-fit:cover;\" srcset=\"https:\/\/kvarner.wine\/wp-content\/uploads\/2024\/12\/novi.webp 1920w, https:\/\/kvarner.wine\/wp-content\/uploads\/2024\/12\/novi-600x295.webp 600w, https:\/\/kvarner.wine\/wp-content\/uploads\/2024\/12\/novi-1024x503.webp 1024w, https:\/\/kvarner.wine\/wp-content\/uploads\/2024\/12\/novi-768x378.webp 768w, https:\/\/kvarner.wine\/wp-content\/uploads\/2024\/12\/novi-1536x755.webp 1536w\" sizes=\"auto, (max-width: 1920px) 100vw, 1920px\" \/><\/a><\/figure>\n\n<h2 style=\"color:#2d6010;\" class=\"has-text-align-center has-link-color wp-elements-edf7c7a5bee86ebfcc6c10bfb233eec3 wp-block-post-title has-text-color\" data-block-type=\"core\"><a href=\"https:\/\/kvarner.wine\/hr\/manifestacija\/novi-vinodolski-ruzica-vinodola\/\" target=\"_self\" >Novi Vinodolski &#8211; Ru\u017eica Vinodola<\/a><\/h2>\n\n<div style=\"font-size:15px;\" class=\"has-text-align-center wp-block-post-excerpt\" data-block-type=\"core\"><p class=\"wp-block-post-excerpt__excerpt\">22.-24.8.2025. Putovanje kroz tradiciju, okuse i glazbu U Novom Vinodolskom i Vinodolu postoji pri\u010da zabilje\u017eena prema usmenoj predaji. Pri\u010da je to o obi\u010daju koji se\u017ee u davninu, u minula&hellip;<\/p><p class=\"wp-block-post-excerpt__more-text\"><a class=\"wp-block-post-excerpt__more-link\" href=\"https:\/\/kvarner.wine\/hr\/manifestacija\/novi-vinodolski-ruzica-vinodola\/\">saznajte vi\u0161e<\/a><\/p><\/div>\n<\/li><li class=\"wp-block-post post-625 manifestacija type-manifestacija status-publish has-post-thumbnail hentry\">\n<figure style=\"aspect-ratio:3\/2;\" class=\"wp-block-post-featured-image\" data-block-type=\"core\" data-block-type=\"core\"><a href=\"https:\/\/kvarner.wine\/hr\/manifestacija\/vrbnik-dani-vina\/\" target=\"_self\"  ><img loading=\"lazy\" decoding=\"async\" width=\"1901\" height=\"637\" src=\"https:\/\/kvarner.wine\/wp-content\/uploads\/2024\/12\/vrbnik-gsw.webp\" class=\"attachment-post-thumbnail size-post-thumbnail wp-post-image\" alt=\"Vrbnik &#8211; Dani vina\" style=\"width:100%;height:100%;object-fit:cover;\" srcset=\"https:\/\/kvarner.wine\/wp-content\/uploads\/2024\/12\/vrbnik-gsw.webp 1901w, https:\/\/kvarner.wine\/wp-content\/uploads\/2024\/12\/vrbnik-gsw-600x201.webp 600w, https:\/\/kvarner.wine\/wp-content\/uploads\/2024\/12\/vrbnik-gsw-1024x343.webp 1024w, https:\/\/kvarner.wine\/wp-content\/uploads\/2024\/12\/vrbnik-gsw-768x257.webp 768w, https:\/\/kvarner.wine\/wp-content\/uploads\/2024\/12\/vrbnik-gsw-1536x515.webp 1536w\" sizes=\"auto, (max-width: 1901px) 100vw, 1901px\" \/><\/a><\/figure>\n\n<h2 style=\"color:#2d6010;\" class=\"has-text-align-center has-link-color wp-elements-edf7c7a5bee86ebfcc6c10bfb233eec3 wp-block-post-title has-text-color\" data-block-type=\"core\"><a href=\"https:\/\/kvarner.wine\/hr\/manifestacija\/vrbnik-dani-vina\/\" target=\"_self\" >Vrbnik &#8211; Dani vina<\/a><\/h2>\n\n<div style=\"font-size:15px;\" class=\"has-text-align-center wp-block-post-excerpt\" data-block-type=\"core\"><p class=\"wp-block-post-excerpt__excerpt\">29.-30.8.2025. Slavlje Tradicije, Kulture i Vrhunske Gastronomije Svake godine, maleno mjesto Vrbnik na otoku Krku postaje sredi\u0161te vinske kulture i tradicije. Dani vina u Vrbniku manifestacija je koja okuplja&hellip;<\/p><p class=\"wp-block-post-excerpt__more-text\"><a class=\"wp-block-post-excerpt__more-link\" href=\"https:\/\/kvarner.wine\/hr\/manifestacija\/vrbnik-dani-vina\/\">saznajte vi\u0161e<\/a><\/p><\/div>\n<\/li><\/ul><\/div>\n<\/div><\/div><\/div>\n<\/div><\/div>\n\n\n\n<div class=\"wp-block-stackable-spacer stk-block-spacer stk--no-padding stk-block stk-af687a5\" data-block-id=\"af687a5\"><style>.stk-af687a5 {height:75px !important;}<\/style><\/div>\n","protected":false},"excerpt":{"rendered":"<p>Manifestacije<\/p>\n","protected":false},"author":1,"featured_media":0,"parent":0,"menu_order":0,"comment_status":"closed","ping_status":"closed","template":"","meta":{"_acf_changed":false,"iawp_total_views":869,"footnotes":""},"class_list":["post-627","page","type-page","status-publish","hentry"],"acf":[],"_links":{"self":[{"href":"https:\/\/kvarner.wine\/hr\/wp-json\/wp\/v2\/pages\/627","targetHints":{"allow":["GET"]}}],"collection":[{"href":"https:\/\/kvarner.wine\/hr\/wp-json\/wp\/v2\/pages"}],"about":[{"href":"https:\/\/kvarner.wine\/hr\/wp-json\/wp\/v2\/types\/page"}],"author":[{"embeddable":true,"href":"https:\/\/kvarner.wine\/hr\/wp-json\/wp\/v2\/users\/1"}],"replies":[{"embeddable":true,"href":"https:\/\/kvarner.wine\/hr\/wp-json\/wp\/v2\/comments?post=627"}],"version-history":[{"count":5,"href":"https:\/\/kvarner.wine\/hr\/wp-json\/wp\/v2\/pages\/627\/revisions"}],"predecessor-version":[{"id":3277,"href":"https:\/\/kvarner.wine\/hr\/wp-json\/wp\/v2\/pages\/627\/revisions\/3277"}],"wp:attachment":[{"href":"https:\/\/kvarner.wine\/hr\/wp-json\/wp\/v2\/media?parent=627"}],"curies":[{"name":"wp","href":"https:\/\/api.w.org\/{rel}","templated":true}]}}