{"id":507,"date":"2024-12-22T16:01:24","date_gmt":"2024-12-22T16:01:24","guid":{"rendered":"https:\/\/kvarner.wine\/wp\/?page_id=507"},"modified":"2026-01-14T09:51:37","modified_gmt":"2026-01-14T09:51:37","slug":"vinske-ceste-kvarnera","status":"publish","type":"page","link":"https:\/\/kvarner.wine\/hr\/vinske-ceste-kvarnera\/","title":{"rendered":"Kvarner wines route"},"content":{"rendered":"\n<div class=\"wp-block-stackable-columns alignfull stk-block-columns stk-block stk-4adbf2b stk-block-background stk--has-background-overlay\" data-block-id=\"4adbf2b\"><style>.stk-4adbf2b {background-image:url(https:\/\/kvarner.wine\/wp-content\/uploads\/2024\/12\/hero1-1920.webp) !important;background-attachment:fixed !important;background-position:center center !important;background-size:cover !important;padding-top:0px !important;padding-right:0px !important;padding-bottom:0px !important;padding-left:0px !important;margin-bottom:50px !important;}@media screen and (max-width: 1023px){.stk-4adbf2b {background-position:center center !important;background-repeat:no-repeat !important;}}<\/style><div class=\"stk-row stk-inner-blocks stk-block-content stk-content-align stk-4adbf2b-column alignfull\">\n<div class=\"wp-block-stackable-column stk-block-column stk-column stk-block stk-dc7759b stk-block-background stk--has-background-overlay\" data-v=\"4\" data-block-id=\"dc7759b\"><style>.stk-dc7759b-container{margin-top:0px !important;margin-right:0px !important;margin-bottom:0px !important;margin-left:0px !important;min-height:420px !important;}.stk-dc7759b-inner-blocks{justify-content:flex-end !important;row-gap:0px !important;}.stk-dc7759b {background-color:transparent !important;}.stk-dc7759b:before{background-image:linear-gradient(54deg,rgb(192,182,64) 37%,rgba(191,181,63,0) 37%) !important;}<\/style><div class=\"stk-column-wrapper stk-block-column__content stk-container stk-dc7759b-container stk--no-background stk--no-padding\"><div class=\"stk--column-flex stk-block-content stk-inner-blocks stk-dc7759b-inner-blocks\">\n<div class=\"wp-block-stackable-text stk-block-text stk-block stk-c5876b1\" data-scroll-speed=\"5\" data-block-id=\"c5876b1\"><style>.stk-c5876b1 {padding-right:5em !important;padding-bottom:1em !important;padding-left:5em !important;}.stk-c5876b1 .stk-block-text__text{font-size:5rem !important;color:#ffffff !important;line-height:0.8em !important;}@media screen and (max-width: 1023px){.stk-c5876b1 .stk-block-text__text{font-size:5rem !important;}}@media screen and (max-width: 767px){.stk-c5876b1 {padding-top:16px !important;padding-right:16px !important;padding-bottom:16px !important;padding-left:16px !important;margin-top:0px !important;margin-right:0px !important;margin-bottom:0px !important;margin-left:0px !important;}.stk-c5876b1 .stk-block-text__text{font-size:60px !important;}}<\/style><p class=\"stk-block-text__text has-text-color has-text-align-left has-text-align-left-mobile\">Kvarner <br>wines route<\/p><\/div>\n<\/div><\/div><\/div>\n<\/div><\/div>\n\n\n\n<div class=\"wp-block-stackable-columns stk-block-columns stk-block stk-6befaf3\" data-block-id=\"6befaf3\"><style>.stk-6befaf3 {margin-bottom:59px !important;}.stk-6befaf3-column{max-width:1660px !important;min-width:auto !important;margin-right:auto !important;margin-left:auto !important;}<\/style><div class=\"stk-row stk-inner-blocks stk-block-content stk-content-align stk-6befaf3-column\">\n<div class=\"wp-block-stackable-column stk-block-column stk-column stk-block stk-d6498bd\" data-v=\"4\" data-block-id=\"d6498bd\"><div class=\"stk-column-wrapper stk-block-column__content stk-container stk-d6498bd-container stk--no-background stk--no-padding\"><div class=\"stk-block-content stk-inner-blocks stk-d6498bd-inner-blocks\">\n<div class=\"wp-block-stackable-text stk-block-text stk-block stk-825edf6\" data-block-id=\"825edf6\"><style>.stk-825edf6 .stk-block-text__text{color:var(--stk-global-color-19321, #333333) !important;}<\/style><p class=\"stk-block-text__text has-text-color has-text-align-center\">Udru\u017eenje Kvarner Wines pokrenulo je marketin\u0161ku platformu Vinske ceste Kvarnera\/Kvarner Wines Route koja je na jednom mjestu objedinila enogastronomsku ponudu (vinarije, proizvo\u0111a\u010de pr\u0161uta, sira, maslinovog ulja, restorane\u2026) i doga\u0111anja (vinske festivale, wine&amp;walk, wine&amp;art\u2026). Svi zainteresirani koji postanu \u010dlanovi Udruge Kvarnerska Kvaliteta bit \u0107e zastupljeni na platformi, provodit \u0107e se marketin\u0161ke aktivnosti i promocija putem Kvarner Wines komunikacijskih kanala \u010dime \u0107e postati prepoznatljivi i dostupniji krajnjim korisnicima.<\/p><\/div>\n\n\n\n<div class=\"wp-block-stackable-text stk-block-text stk-block stk-1198b52\" data-block-id=\"1198b52\"><style>.stk-1198b52 .stk-block-text__text{font-size:24px !important;color:var(--stk-global-color-75534, #719536) !important;}@media screen and (max-width: 1023px){.stk-1198b52 .stk-block-text__text{font-size:24px !important;}}<\/style><p class=\"stk-block-text__text has-text-color has-text-align-center\"><strong>Preporuka za jednodnevni izlet ili vi\u0161ednevno putovanje.<\/strong><\/p><\/div>\n\n\n\n<div class=\"wp-block-stackable-text stk-block-text stk-block stk-796e441\" data-block-id=\"796e441\"><style>.stk-796e441 .stk-block-text__text{color:var(--stk-global-color-19321, #333333) !important;}<\/style><p class=\"stk-block-text__text has-text-color has-text-align-center\">Posjetite vinarije Kvarnera i u\u017eivajte u vinima od autohtonih sorti vinove loze \u2013 u mogu\u0107nosti smo organizirati vam posjete vinarijama i vi\u0161ednevne aran\u017emane (s organizacijom prijevoza autobusom \u2013 turisti\u010dkim vlaki\u0107em \u2013 brodom, no\u0107enja, transfera i obroka; berbe gro\u017e\u0111a, degustacije u vinogradu, Wine &amp; Walk, Wine &amp; Sail isl.)<\/p><\/div>\n\n\n\n<div class=\"wp-block-stackable-text stk-block-text stk-block stk-b6894d7\" data-block-id=\"b6894d7\"><style>.stk-b6894d7 .stk-block-text__text{color:var(--stk-global-color-19321, #333333) !important;}<\/style><p class=\"stk-block-text__text has-text-color has-text-align-center\">Kvarner Wines u suradnji s ambasadorima brenda i partnerima mo\u017ee organizirati predstavljanje vina, vinske radionice, degustacijske ve\u010dere, nastupe na doga\u0111anjima, edukacije i vinske festivale i sajmove.\n<\/p><\/div>\n\n\n\n<div class=\"wp-block-stackable-text stk-block-text stk-block stk-6aacd74\" data-block-id=\"6aacd74\"><style>.stk-6aacd74 .stk-block-text__text{color:var(--stk-global-color-19321, #333333) !important;}<\/style><p class=\"stk-block-text__text has-text-color has-text-align-center\"><strong>Obratite nam se s povjerenjem!<\/strong><\/p><\/div>\n<\/div><\/div><\/div>\n<\/div><\/div>\n\n\n\n<div class=\"wp-block-stackable-text stk-block-text stk-block stk-247e2d3\" data-block-id=\"247e2d3\"><style>.stk-247e2d3 {margin-bottom:40px !important;}.stk-247e2d3 .stk-block-text__text{font-size:36px !important;color:var(--stk-global-color-75534, #719536) !important;}@media screen and (max-width: 1023px){.stk-247e2d3 .stk-block-text__text{font-size:36px !important;}}<\/style><p class=\"stk-block-text__text has-text-color has-text-align-center\"><strong>Vinske ceste<\/strong><\/p><\/div>\n\n\n\n<div class=\"wp-block-stackable-columns stk-block-columns stk-block stk-f396eaf\" data-block-id=\"f396eaf\"><style>.stk-f396eaf-column{max-width:1440px !important;min-width:auto !important;margin-right:auto !important;margin-left:auto !important;}<\/style><div class=\"stk-row stk-inner-blocks stk-block-content stk-content-align stk-f396eaf-column\">\n<div class=\"wp-block-stackable-column stk-block-column stk-column stk-block stk-6c6eb35\" data-v=\"4\" data-block-id=\"6c6eb35\"><style>.stk-6c6eb35-container{max-width:1800px !important;min-width:auto !important;margin-right:auto !important;margin-left:auto !important;}@media screen and (max-width: 767px){.stk-6c6eb35 {padding-right:1em !important;padding-left:1em !important;}}<\/style><div class=\"stk-column-wrapper stk-block-column__content stk-container stk-6c6eb35-container stk--no-background stk--no-padding\"><div class=\"stk-block-content stk-inner-blocks stk-6c6eb35-inner-blocks\">\n<div class=\"wp-block-query news-query is-layout-flow wp-block-query-is-layout-flow\" data-block-type=\"core\"><ul class=\"columns-3 wp-block-post-template is-layout-grid wp-container-core-post-template-is-layout-2fc57c17 wp-block-post-template-is-layout-grid\" data-block-type=\"core\"><li class=\"wp-block-post post-534 vinske-ceste type-vinske-ceste status-publish has-post-thumbnail hentry\">\n\n<div class=\"wp-block-group\" data-block-type=\"core\" data-block-type=\"core\"><div class=\"wp-block-group__inner-container is-layout-constrained wp-block-group-is-layout-constrained\"><figure style=\"aspect-ratio:4\/3;\" class=\"wp-block-post-featured-image\" data-block-type=\"core\"><a href=\"https:\/\/kvarner.wine\/hr\/vinske-ceste\/bakarski-prezidi\/\" target=\"_self\"  ><img loading=\"lazy\" decoding=\"async\" width=\"1390\" height=\"605\" src=\"https:\/\/kvarner.wine\/wp-content\/uploads\/2025\/01\/bakarski-prezidi3.webp\" class=\"attachment-post-thumbnail size-post-thumbnail wp-post-image\" alt=\"Bakarski prezidi\" style=\"width:100%;height:100%;object-fit:cover;\" srcset=\"https:\/\/kvarner.wine\/wp-content\/uploads\/2025\/01\/bakarski-prezidi3.webp 1390w, https:\/\/kvarner.wine\/wp-content\/uploads\/2025\/01\/bakarski-prezidi3-600x261.webp 600w, https:\/\/kvarner.wine\/wp-content\/uploads\/2025\/01\/bakarski-prezidi3-1024x446.webp 1024w, https:\/\/kvarner.wine\/wp-content\/uploads\/2025\/01\/bakarski-prezidi3-768x334.webp 768w\" sizes=\"auto, (max-width: 1390px) 100vw, 1390px\" \/><\/a><\/figure>\n\n<h2 style=\"color:#2d6010;\" class=\"has-text-align-center has-link-color wp-elements-edf7c7a5bee86ebfcc6c10bfb233eec3 wp-block-post-title has-text-color\" data-block-type=\"core\"><a href=\"https:\/\/kvarner.wine\/hr\/vinske-ceste\/bakarski-prezidi\/\" target=\"_self\" >Bakarski prezidi<\/a><\/h2>\n\n\n<div style=\"height:20px\" aria-hidden=\"true\" class=\"wp-block-spacer\" data-block-type=\"core\"><\/div>\n<\/div><\/div>\n\n\n<div style=\"font-size:15px;\" class=\"has-text-align-center wp-block-post-excerpt\" data-block-type=\"core\"><p class=\"wp-block-post-excerpt__excerpt\">Porijeklom s padina Bakarskog zaljeva na podru\u010dju izme\u0111u Bakra i Bakarca, po\u010detkom 19. stolje\u0107a, kako stoji u zapisima, proizvodila se Bakarska vodica. U narodu je sa\u010duvana usmena predaja kako&hellip;<\/p><p class=\"wp-block-post-excerpt__more-text\"><a class=\"wp-block-post-excerpt__more-link\" href=\"https:\/\/kvarner.wine\/hr\/vinske-ceste\/bakarski-prezidi\/\">saznajte vi\u0161e<\/a><\/p><\/div>\n<\/li><li class=\"wp-block-post post-528 vinske-ceste type-vinske-ceste status-publish has-post-thumbnail hentry\">\n\n<div class=\"wp-block-group\" data-block-type=\"core\" data-block-type=\"core\"><div class=\"wp-block-group__inner-container is-layout-constrained wp-block-group-is-layout-constrained\"><figure style=\"aspect-ratio:4\/3;\" class=\"wp-block-post-featured-image\" data-block-type=\"core\"><a href=\"https:\/\/kvarner.wine\/hr\/vinske-ceste\/kuca-belice-kastav\/\" target=\"_self\"  ><img loading=\"lazy\" decoding=\"async\" width=\"1551\" height=\"691\" src=\"https:\/\/kvarner.wine\/wp-content\/uploads\/2024\/12\/kuca-belice1-1024x691-1-1.webp\" class=\"attachment-post-thumbnail size-post-thumbnail wp-post-image\" alt=\"Ku\u0107a Belice Kastav\" style=\"width:100%;height:100%;object-fit:cover;\" srcset=\"https:\/\/kvarner.wine\/wp-content\/uploads\/2024\/12\/kuca-belice1-1024x691-1-1.webp 1551w, https:\/\/kvarner.wine\/wp-content\/uploads\/2024\/12\/kuca-belice1-1024x691-1-1-600x267.webp 600w, https:\/\/kvarner.wine\/wp-content\/uploads\/2024\/12\/kuca-belice1-1024x691-1-1-1024x456.webp 1024w, https:\/\/kvarner.wine\/wp-content\/uploads\/2024\/12\/kuca-belice1-1024x691-1-1-768x342.webp 768w, https:\/\/kvarner.wine\/wp-content\/uploads\/2024\/12\/kuca-belice1-1024x691-1-1-1536x684.webp 1536w, https:\/\/kvarner.wine\/wp-content\/uploads\/2024\/12\/kuca-belice1-1024x691-1-1-18x8.webp 18w\" sizes=\"auto, (max-width: 1551px) 100vw, 1551px\" \/><\/a><\/figure>\n\n<h2 style=\"color:#2d6010;\" class=\"has-text-align-center has-link-color wp-elements-edf7c7a5bee86ebfcc6c10bfb233eec3 wp-block-post-title has-text-color\" data-block-type=\"core\"><a href=\"https:\/\/kvarner.wine\/hr\/vinske-ceste\/kuca-belice-kastav\/\" target=\"_self\" >Ku\u0107a Belice Kastav<\/a><\/h2>\n\n\n<div style=\"height:20px\" aria-hidden=\"true\" class=\"wp-block-spacer\" data-block-type=\"core\"><\/div>\n<\/div><\/div>\n\n\n<div style=\"font-size:15px;\" class=\"has-text-align-center wp-block-post-excerpt\" data-block-type=\"core\"><p class=\"wp-block-post-excerpt__excerpt\">Interpretacijski centar Interpretacijski centar ku\u0107e Belice posjetiteljima pribli\u017eava\u00a0vinarsku, vinogradarsku i podrumarsku tradiciju Kastav\u0161tine kao va\u017ean dio lokalnog \u017eivota i identiteta ovog kraja. U prizemlju Vikotove ba\u010dvarije postavljena je izlo\u017eba&hellip;<\/p><p class=\"wp-block-post-excerpt__more-text\"><a class=\"wp-block-post-excerpt__more-link\" href=\"https:\/\/kvarner.wine\/hr\/vinske-ceste\/kuca-belice-kastav\/\">saznajte vi\u0161e<\/a><\/p><\/div>\n<\/li><li class=\"wp-block-post post-542 vinske-ceste type-vinske-ceste status-publish has-post-thumbnail hentry\">\n\n<div class=\"wp-block-group\" data-block-type=\"core\" data-block-type=\"core\"><div class=\"wp-block-group__inner-container is-layout-constrained wp-block-group-is-layout-constrained\"><figure style=\"aspect-ratio:4\/3;\" class=\"wp-block-post-featured-image\" data-block-type=\"core\"><a href=\"https:\/\/kvarner.wine\/hr\/vinske-ceste\/zvonejske-njivi\/\" target=\"_self\"  ><img loading=\"lazy\" decoding=\"async\" width=\"1920\" height=\"944\" src=\"https:\/\/kvarner.wine\/wp-content\/uploads\/2024\/12\/rukavac.webp\" class=\"attachment-post-thumbnail size-post-thumbnail wp-post-image\" alt=\"Zvonejske njivi\" style=\"width:100%;height:100%;object-fit:cover;\" srcset=\"https:\/\/kvarner.wine\/wp-content\/uploads\/2024\/12\/rukavac.webp 1920w, https:\/\/kvarner.wine\/wp-content\/uploads\/2024\/12\/rukavac-600x295.webp 600w, https:\/\/kvarner.wine\/wp-content\/uploads\/2024\/12\/rukavac-1024x503.webp 1024w, https:\/\/kvarner.wine\/wp-content\/uploads\/2024\/12\/rukavac-768x378.webp 768w, https:\/\/kvarner.wine\/wp-content\/uploads\/2024\/12\/rukavac-1536x755.webp 1536w\" sizes=\"auto, (max-width: 1920px) 100vw, 1920px\" \/><\/a><\/figure>\n\n<h2 style=\"color:#2d6010;\" class=\"has-text-align-center has-link-color wp-elements-edf7c7a5bee86ebfcc6c10bfb233eec3 wp-block-post-title has-text-color\" data-block-type=\"core\"><a href=\"https:\/\/kvarner.wine\/hr\/vinske-ceste\/zvonejske-njivi\/\" target=\"_self\" >Zvonejske njivi<\/a><\/h2>\n\n\n<div style=\"height:20px\" aria-hidden=\"true\" class=\"wp-block-spacer\" data-block-type=\"core\"><\/div>\n<\/div><\/div>\n\n\n<div style=\"font-size:15px;\" class=\"has-text-align-center wp-block-post-excerpt\" data-block-type=\"core\"><p class=\"wp-block-post-excerpt__excerpt\">Zvonejske njivi su manje poznati spomenik kulture ruralnog graditeljstva od \u010duvenih Bakarskih prezida ali ne i manje upe\u010datljiv. Njihovo nastajanje te\u0161ko je to\u010dno odrediti, po nekim saznanjima datiraju izme\u0111u&hellip;<\/p><p class=\"wp-block-post-excerpt__more-text\"><a class=\"wp-block-post-excerpt__more-link\" href=\"https:\/\/kvarner.wine\/hr\/vinske-ceste\/zvonejske-njivi\/\">saznajte vi\u0161e<\/a><\/p><\/div>\n<\/li><\/ul><\/div>\n<\/div><\/div><\/div>\n<\/div><\/div>\n\n\n\n<div class=\"wp-block-stackable-divider stk-block-divider stk-block stk-805b881 is-style-bar\" data-block-id=\"805b881\"><style>.stk-805b881 hr.stk-block-divider__hr{background:var(--stk-global-color-55114, #c0b640) !important;width:75% !important;}.stk-805b881 {margin-bottom:40px !important;}<\/style><hr class=\"stk-block-divider__hr\"\/><\/div>\n\n\n\n<div class=\"wp-block-stackable-text stk-block-text stk-block stk-2fa4a7c\" data-block-id=\"2fa4a7c\"><style>.stk-2fa4a7c {margin-bottom:40px !important;}.stk-2fa4a7c .stk-block-text__text{font-size:32px !important;color:var(--stk-global-color-75534, #719536) !important;}@media screen and (max-width: 1023px){.stk-2fa4a7c .stk-block-text__text{font-size:32px !important;}}<\/style><p class=\"stk-block-text__text has-text-color has-text-align-center\"><strong>Saznajte vi\u0161e<\/strong><\/p><\/div>\n\n\n\n<div class=\"wp-block-stackable-button-group stk-block-button-group stk-block stk-ba30e4f\" data-block-id=\"ba30e4f\"><style>.stk-ba30e4f {margin-bottom:33px !important;}<\/style><div class=\"stk-row stk-inner-blocks has-text-align-center stk-block-content stk-button-group\">\n<div class=\"wp-block-stackable-button stk-block-button clip1 stk-block stk-c89fd89\" data-block-id=\"c89fd89\"><style>.stk-c89fd89 .stk-button{background:var(--stk-global-color-75534, #719536) !important;}.stk-c89fd89 .stk-button__inner-text{color:#ffffff !important;}<\/style><a class=\"stk-link stk-button stk--hover-effect-darken\" href=\"sjajne-decanter-nagrade-stigle-na-kvarner\/\"><span class=\"has-text-color stk-button__inner-text\">Vinarije<\/span><\/a><\/div>\n\n\n\n<div class=\"wp-block-stackable-button stk-block-button clip2 stk-block stk-471ced0\" data-block-id=\"471ced0\"><style>.stk-471ced0 .stk-button{background:var(--stk-global-color-75534, #719536) !important;}.stk-471ced0 .stk-button__inner-text{color:#ffffff !important;}<\/style><a class=\"stk-link stk-button stk--hover-effect-darken\" href=\"https:\/\/kvarner.wine\/ugostitelji\/\"><span class=\"has-text-color stk-button__inner-text\">Ugostitelji<\/span><\/a><\/div>\n\n\n\n<div class=\"wp-block-stackable-button stk-block-button clip1 stk-block stk-9a85554\" data-block-id=\"9a85554\"><style>.stk-9a85554 .stk-button{background:var(--stk-global-color-75534, #719536) !important;}.stk-9a85554 .stk-button__inner-text{color:#ffffff !important;}<\/style><a class=\"stk-link stk-button stk--hover-effect-darken\" href=\"https:\/\/kvarner.wine\/ambasadori\/\"><span class=\"has-text-color stk-button__inner-text\">Ambasadori<\/span><\/a><\/div>\n<\/div><\/div>\n\n\n\n<div class=\"wp-block-stackable-button-group stk-block-button-group stk-block stk-0cb8802\" data-block-id=\"0cb8802\"><div class=\"stk-row stk-inner-blocks has-text-align-center stk-block-content stk-button-group\">\n<div class=\"wp-block-stackable-button stk-block-button clip1 stk-block stk-0c2f032\" data-block-id=\"0c2f032\"><style>.stk-0c2f032 .stk-button{background:var(--stk-global-color-75534, #719536) !important;}.stk-0c2f032 .stk-button__inner-text{color:#ffffff !important;}<\/style><a class=\"stk-link stk-button stk--hover-effect-darken\" href=\"https:\/\/kvarner.wine\/quarner-quality\/pz-dolcina\/\"><span class=\"has-text-color stk-button__inner-text\">PZ Dol\u010dina<\/span><\/a><\/div>\n\n\n\n<div class=\"wp-block-stackable-button stk-block-button clip1 stk-block stk-022cfba\" data-block-id=\"022cfba\"><style>.stk-022cfba .stk-button{background:var(--stk-global-color-75534, #719536) !important;}.stk-022cfba .stk-button__inner-text{color:#ffffff !important;}<\/style><a class=\"stk-link stk-button stk--hover-effect-darken\" href=\"https:\/\/kvarner.wine\/quarner-quality\/buretic-bregi\/\"><span class=\"has-text-color stk-button__inner-text\">Bureti\u0107 Bregi<\/span><\/a><\/div>\n\n\n\n<div class=\"wp-block-stackable-button stk-block-button clip2 stk-block stk-68a6690\" data-block-id=\"68a6690\"><style>.stk-68a6690 .stk-button{background:var(--stk-global-color-75534, #719536) !important;}.stk-68a6690 .stk-button__inner-text{color:#ffffff !important;}<\/style><a class=\"stk-link stk-button stk--hover-effect-darken\" href=\"https:\/\/kvarner.wine\/quarner-quality\/tramontanawoodcraft\/\"><span class=\"has-text-color stk-button__inner-text\">TramontanaWoodCraft<\/span><\/a><\/div>\n\n\n\n<div class=\"wp-block-stackable-button stk-block-button clip2 stk-block stk-b27e7fd\" data-block-id=\"b27e7fd\"><style>.stk-b27e7fd .stk-button{background:var(--stk-global-color-75534, #719536) !important;}.stk-b27e7fd .stk-button__inner-text{color:#ffffff !important;}<\/style><a class=\"stk-link stk-button stk--hover-effect-darken\" href=\"https:\/\/kvarner.wine\/quarner-quality\/kasetica-primorsko-goranska\/\"><span class=\"has-text-color stk-button__inner-text\">Ka\u0161etica primorsko &#8211; goranska<\/span><\/a><\/div>\n<\/div><\/div>\n\n\n\n<div class=\"wp-block-stackable-spacer stk-block-spacer stk--no-padding stk-block stk-y8cevto\" data-block-id=\"y8cevto\"><style>.stk-y8cevto {height:82px !important;}<\/style><\/div>\n","protected":false},"excerpt":{"rendered":"<p>Kvarner wines route Udru\u017eenje Kvarner Wines pokrenulo je marketin\u0161ku platformu Vinske ceste Kvarnera\/Kvarner Wines Route koja je na jednom mjestu objedinila enogastronomsku ponudu (vinarije, proizvo\u0111a\u010de pr\u0161uta, sira, maslinovog ulja, restorane\u2026) i doga\u0111anja (vinske festivale, wine&amp;walk, wine&amp;art\u2026). Svi zainteresirani koji postanu \u010dlanovi Udruge Kvarnerska Kvaliteta bit \u0107e zastupljeni na platformi, provodit \u0107e se marketin\u0161ke aktivnosti i [&hellip;]<\/p>\n","protected":false},"author":1,"featured_media":0,"parent":0,"menu_order":0,"comment_status":"closed","ping_status":"closed","template":"","meta":{"_acf_changed":false,"iawp_total_views":222,"footnotes":""},"class_list":["post-507","page","type-page","status-publish","hentry"],"acf":[],"_links":{"self":[{"href":"https:\/\/kvarner.wine\/hr\/wp-json\/wp\/v2\/pages\/507","targetHints":{"allow":["GET"]}}],"collection":[{"href":"https:\/\/kvarner.wine\/hr\/wp-json\/wp\/v2\/pages"}],"about":[{"href":"https:\/\/kvarner.wine\/hr\/wp-json\/wp\/v2\/types\/page"}],"author":[{"embeddable":true,"href":"https:\/\/kvarner.wine\/hr\/wp-json\/wp\/v2\/users\/1"}],"replies":[{"embeddable":true,"href":"https:\/\/kvarner.wine\/hr\/wp-json\/wp\/v2\/comments?post=507"}],"version-history":[{"count":5,"href":"https:\/\/kvarner.wine\/hr\/wp-json\/wp\/v2\/pages\/507\/revisions"}],"predecessor-version":[{"id":3283,"href":"https:\/\/kvarner.wine\/hr\/wp-json\/wp\/v2\/pages\/507\/revisions\/3283"}],"wp:attachment":[{"href":"https:\/\/kvarner.wine\/hr\/wp-json\/wp\/v2\/media?parent=507"}],"curies":[{"name":"wp","href":"https:\/\/api.w.org\/{rel}","templated":true}]}}