{"id":496,"date":"2024-12-22T14:08:42","date_gmt":"2024-12-22T14:08:42","guid":{"rendered":"https:\/\/kvarner.wine\/wp\/?page_id=496"},"modified":"2025-02-02T19:06:48","modified_gmt":"2025-02-02T19:06:48","slug":"zakonsko-odredenje","status":"publish","type":"page","link":"https:\/\/kvarner.wine\/hr\/o-nama\/zakonsko-odredenje\/","title":{"rendered":"Zakonsko odre\u0111enje"},"content":{"rendered":"\n<div class=\"wp-block-stackable-columns alignfull stk-block-columns stk-block stk-4adbf2b stk-block-background stk--has-background-overlay\" data-block-id=\"4adbf2b\"><style>.stk-4adbf2b {background-image:url(https:\/\/kvarner.wine\/wp-content\/uploads\/2024\/12\/zakonskiokvir_BSRGANx2.webp) !important;background-attachment:fixed !important;background-position:top right !important;background-size:cover !important;padding-top:0px !important;padding-right:0px !important;padding-bottom:0px !important;padding-left:0px !important;margin-bottom:50px !important;}@media screen and (max-width: 1023px){.stk-4adbf2b {background-position:center center !important;background-repeat:no-repeat !important;}}<\/style><div class=\"stk-row stk-inner-blocks stk-block-content stk-content-align stk-4adbf2b-column alignfull\">\n<div class=\"wp-block-stackable-column stk-block-column stk-column stk-block stk-dc7759b stk-block-background stk--has-background-overlay\" data-v=\"4\" data-block-id=\"dc7759b\"><style>.stk-dc7759b-container{margin-top:0px !important;margin-right:0px !important;margin-bottom:0px !important;margin-left:0px !important;min-height:420px !important;}.stk-dc7759b-inner-blocks{justify-content:flex-end !important;row-gap:0px !important;}.stk-dc7759b {background-color:transparent !important;}.stk-dc7759b:before{background-image:linear-gradient(54deg,rgb(192,182,64) 37%,rgba(191,181,63,0) 37%) !important;}<\/style><div class=\"stk-column-wrapper stk-block-column__content stk-container stk-dc7759b-container stk--no-background stk--no-padding\"><div class=\"stk--column-flex stk-block-content stk-inner-blocks stk-dc7759b-inner-blocks\">\n<div class=\"wp-block-stackable-text stk-block-text stk-block stk-c5876b1\" data-scroll-speed=\"5\" data-block-id=\"c5876b1\"><style>.stk-c5876b1 {padding-right:5em !important;padding-bottom:1em !important;padding-left:5em !important;}.stk-c5876b1 .stk-block-text__text{font-size:5rem !important;color:#ffffff !important;line-height:1em !important;}@media screen and (max-width: 1023px){.stk-c5876b1 .stk-block-text__text{font-size:5rem !important;}}@media screen and (max-width: 767px){.stk-c5876b1 {padding-top:16px !important;padding-right:16px !important;padding-bottom:16px !important;padding-left:16px !important;margin-top:0px !important;margin-right:0px !important;margin-bottom:0px !important;margin-left:0px !important;}.stk-c5876b1 .stk-block-text__text{font-size:60px !important;}}<\/style><p class=\"stk-block-text__text has-text-color has-text-align-left has-text-align-left-mobile\">Zakonsko <br>odre\u0111enje<\/p><\/div>\n<\/div><\/div><\/div>\n<\/div><\/div>\n\n\n\n<div class=\"wp-block-stackable-columns stk-block-columns stk-block stk-6f924f0\" data-block-id=\"6f924f0\"><style>.stk-6f924f0-column{max-width:1660px !important;min-width:auto !important;margin-right:auto !important;margin-left:auto !important;--stk-columns-spacing:16px !important;}<\/style><div class=\"stk-row stk-inner-blocks stk-block-content stk-content-align stk-6f924f0-column\">\n<div class=\"wp-block-stackable-column stk-block-column stk-column stk-block stk-263ccfc\" data-v=\"4\" data-block-id=\"263ccfc\"><div class=\"stk-column-wrapper stk-block-column__content stk-container stk-263ccfc-container stk--no-background stk--no-padding\"><div class=\"stk-block-content stk-inner-blocks stk-263ccfc-inner-blocks\">\n<div class=\"wp-block-stackable-text stk-block-text stk-block stk-46a2a37\" data-block-id=\"46a2a37\"><style>.stk-46a2a37 .stk-block-text__text{color:var(--stk-global-color-19321, #333333) !important;}<\/style><p class=\"stk-block-text__text has-text-color\">Podru\u010dje Republike Hrvatske dijeli se u \u010detiri vinogradarske regije (NN 81\/2022, Pravilnik o vinogradarstvu, \u010dlanak 4.), a Kvarner i Hrvatsko primorje vinogradarska je podregija vinogradarske regije Hrvatska Istra i Kvarner (\u010dlanak 4, stavak 2, NN 81\/2022, Pravilnik o vinogradarstvu). <\/p><\/div>\n\n\n\n<div class=\"wp-block-stackable-text stk-block-text stk-block stk-b567182\" data-block-id=\"b567182\"><style>.stk-b567182 {margin-bottom:24px !important;}.stk-b567182 .stk-block-text__text{color:var(--stk-global-color-19321, #333333) !important;}<\/style><p class=\"stk-block-text__text has-text-color\">Podregija Kvarner i Hrvatsko primorje (prema Prilog I, to\u010dka 2, Pravilnik o vinogradarstvu, NN 81\/2022) dijeli se na: <\/p><\/div>\n\n\n\n<div class=\"wp-block-stackable-columns stk-block-columns stk-block stk-4d299e1\" data-block-id=\"4d299e1\"><style>.stk-4d299e1 .stk--block-align-4d299e1{align-items:center !important;}<\/style><div class=\"stk-row stk-inner-blocks stk--block-align-4d299e1 stk-block-content stk-content-align stk-4d299e1-column\">\n<div class=\"wp-block-stackable-column stk-block-column stk-column stk-block stk-d13482a\" data-v=\"4\" data-block-id=\"d13482a\"><style>@media screen and (min-width: 768px){.stk-d13482a {flex:var(--stk-flex-grow, 1) 1 calc(31% - var(--stk-column-gap, 0px) * 4 \/ 5 ) !important;}}<\/style><div class=\"stk-column-wrapper stk-block-column__content stk-container stk-d13482a-container stk--no-background stk--no-padding\"><div class=\"stk-block-content stk-inner-blocks stk-d13482a-inner-blocks\">\n<div class=\"wp-block-stackable-text stk-block-text stk-block stk-69843fe\" data-block-id=\"69843fe\"><style>.stk-69843fe {margin-bottom:0px !important;}.stk-69843fe .stk-block-text__text{font-size:16px !important;color:var(--stk-global-color-19321, #333333) !important;}@media screen and (max-width: 1023px){.stk-69843fe .stk-block-text__text{font-size:16px !important;}}<\/style><p class=\"stk-block-text__text has-text-color has-text-align-center\"><strong>Vinogorje Opatija \u2013 Rijeka \u2013 Vinodol<\/strong> <br>(Lovran, Mo\u0161\u0107eni\u010dka Draga, Opatija, Matulji, Kastav, \u010cavle, Kraljevica, Vi\u0161kovo, Bakar, Bribir, Crikvenica, Novi Vinodolski, Vinodolska op\u0107ina, Rijeka, Kostrena, Karlobag, Senj), <\/p><\/div>\n<\/div><\/div><\/div>\n\n\n\n<div class=\"wp-block-stackable-column stk-block-column stk-column stk-block stk-2a84789\" data-v=\"4\" data-block-id=\"2a84789\"><style>@media screen and (min-width: 768px){.stk-2a84789 {flex:var(--stk-flex-grow, 1) 1 calc(19% - var(--stk-column-gap, 0px) * 4 \/ 5 ) !important;}}<\/style><div class=\"stk-column-wrapper stk-block-column__content stk-container stk-2a84789-container stk--no-background stk--no-padding\"><div class=\"stk-block-content stk-inner-blocks stk-2a84789-inner-blocks\">\n<div class=\"wp-block-stackable-text stk-block-text stk-block stk-c567c69\" data-block-id=\"c567c69\"><style>.stk-c567c69 {margin-bottom:0px !important;}.stk-c567c69 .stk-block-text__text{font-size:16px !important;color:var(--stk-global-color-19321, #333333) !important;}@media screen and (max-width: 1023px){.stk-c567c69 .stk-block-text__text{font-size:16px !important;}}<\/style><p class=\"stk-block-text__text has-text-color has-text-align-center\"><strong>Vinogorje Krk <br><\/strong>(otok Krk), <\/p><\/div>\n<\/div><\/div><\/div>\n\n\n\n<div class=\"wp-block-stackable-column stk-block-column stk-column stk-block stk-a3d3c75\" data-v=\"4\" data-block-id=\"a3d3c75\"><style>@media screen and (min-width: 768px){.stk-a3d3c75 {flex:var(--stk-flex-grow, 1) 1 calc(14% - var(--stk-column-gap, 0px) * 4 \/ 5 ) !important;}}<\/style><div class=\"stk-column-wrapper stk-block-column__content stk-container stk-a3d3c75-container stk--no-background stk--no-padding\"><div class=\"stk-block-content stk-inner-blocks stk-a3d3c75-inner-blocks\">\n<div class=\"wp-block-stackable-text stk-block-text stk-block stk-d74d0b6\" data-block-id=\"d74d0b6\"><style>.stk-d74d0b6 {margin-bottom:0px !important;}.stk-d74d0b6 .stk-block-text__text{font-size:16px !important;color:var(--stk-global-color-19321, #333333) !important;}@media screen and (max-width: 1023px){.stk-d74d0b6 .stk-block-text__text{font-size:16px !important;}}<\/style><p class=\"stk-block-text__text has-text-color has-text-align-center\"><strong>Vinogorje Rab <br><\/strong>(otok Rab), <\/p><\/div>\n<\/div><\/div><\/div>\n\n\n\n<div class=\"wp-block-stackable-column stk-block-column stk-column stk-block stk-9e8599b\" data-v=\"4\" data-block-id=\"9e8599b\"><style>@media screen and (min-width: 768px){.stk-9e8599b {flex:var(--stk-flex-grow, 1) 1 calc(20% - var(--stk-column-gap, 0px) * 4 \/ 5 ) !important;}}<\/style><div class=\"stk-column-wrapper stk-block-column__content stk-container stk-9e8599b-container stk--no-background stk--no-padding\"><div class=\"stk-block-content stk-inner-blocks stk-9e8599b-inner-blocks\">\n<div class=\"wp-block-stackable-text stk-block-text stk-block stk-3e50f8c\" data-block-id=\"3e50f8c\"><style>.stk-3e50f8c {margin-bottom:0px !important;}.stk-3e50f8c .stk-block-text__text{font-size:16px !important;color:var(--stk-global-color-19321, #333333) !important;}@media screen and (max-width: 1023px){.stk-3e50f8c .stk-block-text__text{font-size:16px !important;}}<\/style><p class=\"stk-block-text__text has-text-color has-text-align-center\"><strong>Vinogorje Cres \u2013 Lo\u0161inj <\/strong><br>(otoci Cres, Lo\u0161inj, Susak i lo\u0161injska oto\u010dna skupina), <\/p><\/div>\n<\/div><\/div><\/div>\n\n\n\n<div class=\"wp-block-stackable-column stk-block-column stk-column stk-block stk-3dedd4d\" data-v=\"4\" data-block-id=\"3dedd4d\"><style>@media screen and (min-width: 768px){.stk-3dedd4d {flex:var(--stk-flex-grow, 1) 1 calc(16% - var(--stk-column-gap, 0px) * 4 \/ 5 ) !important;}}<\/style><div class=\"stk-column-wrapper stk-block-column__content stk-container stk-3dedd4d-container stk--no-background stk--no-padding\"><div class=\"stk-block-content stk-inner-blocks stk-3dedd4d-inner-blocks\">\n<div class=\"wp-block-stackable-text stk-block-text stk-block stk-86b04d3\" data-block-id=\"86b04d3\"><style>.stk-86b04d3 {margin-bottom:0px !important;}.stk-86b04d3 .stk-block-text__text{font-size:16px !important;color:var(--stk-global-color-19321, #333333) !important;}@media screen and (max-width: 1023px){.stk-86b04d3 .stk-block-text__text{font-size:16px !important;}}<\/style><p class=\"stk-block-text__text has-text-color has-text-align-center\"><strong>Vinogorje Pag <br><\/strong>(otok Pag, otok Vir). <\/p><\/div>\n<\/div><\/div><\/div>\n<\/div><\/div>\n\n\n\n<div class=\"wp-block-stackable-image stk-block-image stk-block stk-ecc3331\" data-block-id=\"ecc3331\"><figure><span class=\"stk-img-wrapper stk-image--shape-stretch\"><img loading=\"lazy\" decoding=\"async\" class=\"stk-img wp-image-893\" src=\"https:\/\/kvarner.wine\/wp-content\/uploads\/2025\/01\/kvarner.webp\" width=\"1920\" height=\"734\" srcset=\"https:\/\/kvarner.wine\/wp-content\/uploads\/2025\/01\/kvarner.webp 1920w, https:\/\/kvarner.wine\/wp-content\/uploads\/2025\/01\/kvarner-600x229.webp 600w, https:\/\/kvarner.wine\/wp-content\/uploads\/2025\/01\/kvarner-1024x391.webp 1024w, https:\/\/kvarner.wine\/wp-content\/uploads\/2025\/01\/kvarner-768x294.webp 768w, https:\/\/kvarner.wine\/wp-content\/uploads\/2025\/01\/kvarner-1536x587.webp 1536w\" sizes=\"auto, (max-width: 1920px) 100vw, 1920px\" \/><\/span><\/figure><\/div>\n\n\n\n<div class=\"wp-block-stackable-text stk-block-text stk-block stk-ad74d9f\" data-block-id=\"ad74d9f\"><style>.stk-ad74d9f .stk-block-text__text{color:var(--stk-global-color-19321, #333333) !important;}<\/style><p class=\"stk-block-text__text has-text-color\">Sukladno navedenom, vinogradarska podregija Kvarner i Hrvatsko primorje prote\u017ee se kroz tri \u017eupanije i to najve\u0107im dijelom kroz Primorsko \u2013 goransku, a manjim kroz Li\u010dko \u2013 senjsku i Zadarsku \u017eupaniju.<\/p><\/div>\n<\/div><\/div><\/div>\n<\/div><\/div>\n","protected":false},"excerpt":{"rendered":"<p>Zakonsko odre\u0111enje Podru\u010dje Republike Hrvatske dijeli se u \u010detiri vinogradarske regije (NN 81\/2022, Pravilnik o vinogradarstvu, \u010dlanak 4.), a Kvarner i Hrvatsko primorje vinogradarska je podregija vinogradarske regije Hrvatska Istra i Kvarner (\u010dlanak 4, stavak 2, NN 81\/2022, Pravilnik o vinogradarstvu). Podregija Kvarner i Hrvatsko primorje (prema Prilog I, to\u010dka 2, Pravilnik o vinogradarstvu, NN [&hellip;]<\/p>\n","protected":false},"author":1,"featured_media":497,"parent":393,"menu_order":0,"comment_status":"closed","ping_status":"closed","template":"","meta":{"_acf_changed":false,"iawp_total_views":26,"footnotes":""},"class_list":["post-496","page","type-page","status-publish","has-post-thumbnail","hentry"],"acf":[],"_links":{"self":[{"href":"https:\/\/kvarner.wine\/hr\/wp-json\/wp\/v2\/pages\/496","targetHints":{"allow":["GET"]}}],"collection":[{"href":"https:\/\/kvarner.wine\/hr\/wp-json\/wp\/v2\/pages"}],"about":[{"href":"https:\/\/kvarner.wine\/hr\/wp-json\/wp\/v2\/types\/page"}],"author":[{"embeddable":true,"href":"https:\/\/kvarner.wine\/hr\/wp-json\/wp\/v2\/users\/1"}],"replies":[{"embeddable":true,"href":"https:\/\/kvarner.wine\/hr\/wp-json\/wp\/v2\/comments?post=496"}],"version-history":[{"count":5,"href":"https:\/\/kvarner.wine\/hr\/wp-json\/wp\/v2\/pages\/496\/revisions"}],"predecessor-version":[{"id":894,"href":"https:\/\/kvarner.wine\/hr\/wp-json\/wp\/v2\/pages\/496\/revisions\/894"}],"up":[{"embeddable":true,"href":"https:\/\/kvarner.wine\/hr\/wp-json\/wp\/v2\/pages\/393"}],"wp:featuredmedia":[{"embeddable":true,"href":"https:\/\/kvarner.wine\/hr\/wp-json\/wp\/v2\/media\/497"}],"wp:attachment":[{"href":"https:\/\/kvarner.wine\/hr\/wp-json\/wp\/v2\/media?parent=496"}],"curies":[{"name":"wp","href":"https:\/\/api.w.org\/{rel}","templated":true}]}}