{"id":489,"date":"2024-12-22T13:38:59","date_gmt":"2024-12-22T13:38:59","guid":{"rendered":"https:\/\/kvarner.wine\/wp\/?page_id=489"},"modified":"2025-02-02T19:12:03","modified_gmt":"2025-02-02T19:12:03","slug":"povijest","status":"publish","type":"page","link":"https:\/\/kvarner.wine\/hr\/o-nama\/povijest\/","title":{"rendered":"Povijest"},"content":{"rendered":"\n<div class=\"wp-block-stackable-columns alignfull stk-block-columns stk-block stk-4adbf2b stk-block-background stk--has-background-overlay\" data-block-id=\"4adbf2b\"><style>.stk-4adbf2b {background-image:url(https:\/\/kvarner.wine\/wp-content\/uploads\/2024\/12\/povijest_BSRGANx2.webp) !important;background-attachment:fixed !important;background-position:top right !important;background-size:cover !important;padding-top:0px !important;padding-right:0px !important;padding-bottom:0px !important;padding-left:0px !important;margin-bottom:50px !important;}@media screen and (max-width: 1023px){.stk-4adbf2b {background-position:center center !important;background-repeat:no-repeat !important;}}<\/style><div class=\"stk-row stk-inner-blocks stk-block-content stk-content-align stk-4adbf2b-column alignfull\">\n<div class=\"wp-block-stackable-column stk-block-column stk-column stk-block stk-dc7759b stk-block-background stk--has-background-overlay\" data-v=\"4\" data-block-id=\"dc7759b\"><style>.stk-dc7759b-container{margin-top:0px !important;margin-right:0px !important;margin-bottom:0px !important;margin-left:0px !important;min-height:420px !important;}.stk-dc7759b-inner-blocks{justify-content:flex-end !important;row-gap:0px !important;}.stk-dc7759b {background-color:transparent !important;}.stk-dc7759b:before{background-image:linear-gradient(54deg,rgb(192,182,64) 37%,rgba(191,181,63,0) 37%) !important;}<\/style><div class=\"stk-column-wrapper stk-block-column__content stk-container stk-dc7759b-container stk--no-background stk--no-padding\"><div class=\"stk--column-flex stk-block-content stk-inner-blocks stk-dc7759b-inner-blocks\">\n<div class=\"wp-block-stackable-text stk-block-text stk-block stk-c5876b1\" data-scroll-speed=\"5\" data-block-id=\"c5876b1\"><style>.stk-c5876b1 {padding-right:5em !important;padding-bottom:1em !important;padding-left:5em !important;}.stk-c5876b1 .stk-block-text__text{font-size:5rem !important;color:#ffffff !important;line-height:1em !important;}@media screen and (max-width: 1023px){.stk-c5876b1 .stk-block-text__text{font-size:5rem !important;}}@media screen and (max-width: 767px){.stk-c5876b1 {padding-top:16px !important;padding-right:16px !important;padding-bottom:16px !important;padding-left:16px !important;margin-top:0px !important;margin-right:0px !important;margin-bottom:0px !important;margin-left:0px !important;}.stk-c5876b1 .stk-block-text__text{font-size:60px !important;}}<\/style><p class=\"stk-block-text__text has-text-color has-text-align-left has-text-align-left-mobile\">Povijest<\/p><\/div>\n<\/div><\/div><\/div>\n<\/div><\/div>\n\n\n\n<div class=\"wp-block-stackable-columns stk-block-columns stk-block stk-6f924f0\" data-block-id=\"6f924f0\"><style>.stk-6f924f0-column{max-width:1660px !important;min-width:auto !important;margin-right:auto !important;margin-left:auto !important;--stk-columns-spacing:16px !important;}<\/style><div class=\"stk-row stk-inner-blocks stk-block-content stk-content-align stk-6f924f0-column\">\n<div class=\"wp-block-stackable-column stk-block-column stk-column stk-block stk-263ccfc\" data-v=\"4\" data-block-id=\"263ccfc\"><div class=\"stk-column-wrapper stk-block-column__content stk-container stk-263ccfc-container stk--no-background stk--no-padding\"><div class=\"stk-block-content stk-inner-blocks stk-263ccfc-inner-blocks\">\n<div class=\"wp-block-stackable-text stk-block-text stk-block stk-46a2a37\" data-block-id=\"46a2a37\"><style>.stk-46a2a37 .stk-block-text__text{color:var(--stk-global-color-19321, #333333) !important;}<\/style><p class=\"stk-block-text__text has-text-color\">Prema prof. Zaninovi\u0107u nije sporno da su prastanovnici Kvarnera, Liburni, proizvodili vino. Tradiciju nastavljaju i usavr\u0161avaju Rimljani koji dolaze na Kvarner i grade svoje vile rustike. Za podru\u010dje Kvarnera vezano je i ime Pucinum te njegova \u010duvena vina \u010dijim svojstvima svoju dugovje\u010dnost (86 godina) mo\u017ee zahvaliti carica Livija, supruga cara Julia Augusta. O vinogradima i vinogradarstvu te proizvodnji vina govore brojne darovnice i dokumenti (Vinodolski zakonik te Statuti Krka, Vrbnika i Rijeke), dok se vinogradi na otoku Krku prvi puta spominju 1163. godine. Srednjovjekovni Hrvati, predvo\u0111eni benediktincima, nesumnjivo proizvode vino ne samo za liturgijske potrebe (Ba\u0161\u0107anska plo\u010da). Po\u010detak intenzivnog uzgoja vinove loze na podru\u010dju Bakarskog zaljeva potaknula je carica Marija Terezija, a Alberto Fortis 1774. godine donosi podatak da na Krku \u201eprave vi\u0161e od 24 000 barila vina za izvoz\u201c (venecijanski barilo je 64,39 litara, \u0161to zna\u010di da su Kr\u010dani ve\u0107 tada izvozili 1 550 000 litara vina bez vlastite potro\u0161nje). Prije dolaska filoksere, ali i danas, vinova loza je prva poljoprivredna kultura Kvarnera. Podru\u010dje Kvarnera imalo je velike povr\u0161ine pod vinovom lozom prije dolaska filoksere: srez Su\u0161ak 367 ha, podru\u010dje Grada Bakra 38 ha, Vinodol 573 ha, a srez Krk 2360 ha. Zanimljivo je da je 1903. godine 87 % ukupne povr\u0161ine otoka Suska bilo pod vinovom lozom, odnosno 327 ha.<\/p><\/div>\n\n\n\n<div class=\"wp-block-stackable-heading stk-block-heading stk-block-heading--v2 stk-block stk-7a90ff3\" id=\"danas\" data-block-id=\"7a90ff3\"><style>.stk-7a90ff3 .stk-block-heading__text{color:var(--stk-global-color-55114, #c0b640) !important;}<\/style><h2 class=\"stk-block-heading__text has-text-color\">Danas<\/h2><\/div>\n\n\n\n<div class=\"wp-block-stackable-text stk-block-text stk-block stk-ad74d9f\" data-block-id=\"ad74d9f\"><style>.stk-ad74d9f .stk-block-text__text{color:var(--stk-global-color-19321, #333333) !important;}<\/style><p class=\"stk-block-text__text has-text-color\">Na podru\u010dju se Kvarnera proizvede na godi\u0161njoj razini vi\u0161e od 2 milijuna litara vina, a prema podacima iz HAPIH-a zasa\u0111eno je vi\u0161e od 200 hektara vinograda od \u010dega je oko 150 hektara zasa\u0111eno sortom \u017elahtina. Gotovo svi proizvo\u0111a\u010di Vina Kvarnera proizvode pjenu\u0161ce te je regija na tre\u0107em mjestu u proizvodnji pjenu\u0161aca u Hrvatskoj s godi\u0161njom proizvodnjom od preko 50 000 boca pjenu\u0161aca. Sve vinarije, odnosno vina i pjenu\u0161ci, ostvaruju zapa\u017eene rezultate na doma\u0107im i me\u0111unarodnim natjecanjima i izlaganjima, \u0161to pokazuje da je Kvarner sjajan <em>terroir<\/em> za vrhunske proizvode<\/p><\/div>\n<\/div><\/div><\/div>\n<\/div><\/div>\n","protected":false},"excerpt":{"rendered":"<p>Povijest Prema prof. Zaninovi\u0107u nije sporno da su prastanovnici Kvarnera, Liburni, proizvodili vino. Tradiciju nastavljaju i usavr\u0161avaju Rimljani koji dolaze na Kvarner i grade svoje vile rustike. Za podru\u010dje Kvarnera vezano je i ime Pucinum te njegova \u010duvena vina \u010dijim svojstvima svoju dugovje\u010dnost (86 godina) mo\u017ee zahvaliti carica Livija, supruga cara Julia Augusta. O vinogradima [&hellip;]<\/p>\n","protected":false},"author":1,"featured_media":490,"parent":393,"menu_order":0,"comment_status":"closed","ping_status":"closed","template":"","meta":{"_acf_changed":false,"iawp_total_views":24,"footnotes":""},"class_list":["post-489","page","type-page","status-publish","has-post-thumbnail","hentry"],"acf":[],"_links":{"self":[{"href":"https:\/\/kvarner.wine\/hr\/wp-json\/wp\/v2\/pages\/489","targetHints":{"allow":["GET"]}}],"collection":[{"href":"https:\/\/kvarner.wine\/hr\/wp-json\/wp\/v2\/pages"}],"about":[{"href":"https:\/\/kvarner.wine\/hr\/wp-json\/wp\/v2\/types\/page"}],"author":[{"embeddable":true,"href":"https:\/\/kvarner.wine\/hr\/wp-json\/wp\/v2\/users\/1"}],"replies":[{"embeddable":true,"href":"https:\/\/kvarner.wine\/hr\/wp-json\/wp\/v2\/comments?post=489"}],"version-history":[{"count":2,"href":"https:\/\/kvarner.wine\/hr\/wp-json\/wp\/v2\/pages\/489\/revisions"}],"predecessor-version":[{"id":492,"href":"https:\/\/kvarner.wine\/hr\/wp-json\/wp\/v2\/pages\/489\/revisions\/492"}],"up":[{"embeddable":true,"href":"https:\/\/kvarner.wine\/hr\/wp-json\/wp\/v2\/pages\/393"}],"wp:featuredmedia":[{"embeddable":true,"href":"https:\/\/kvarner.wine\/hr\/wp-json\/wp\/v2\/media\/490"}],"wp:attachment":[{"href":"https:\/\/kvarner.wine\/hr\/wp-json\/wp\/v2\/media?parent=489"}],"curies":[{"name":"wp","href":"https:\/\/api.w.org\/{rel}","templated":true}]}}