{"id":430,"date":"2024-12-18T19:33:14","date_gmt":"2024-12-18T19:33:14","guid":{"rendered":"https:\/\/kvarner.wine\/wp\/?page_id=430"},"modified":"2026-02-25T22:38:02","modified_gmt":"2026-02-25T22:38:02","slug":"udruga-zlahtina","status":"publish","type":"page","link":"https:\/\/kvarner.wine\/hr\/o-nama\/udruga-zlahtina\/","title":{"rendered":"Udruga \u017dlahtina"},"content":{"rendered":"\n<div class=\"wp-block-stackable-columns alignfull stk-block-columns stk-block stk-4adbf2b stk-block-background stk--has-background-overlay\" data-block-id=\"4adbf2b\"><style>.stk-4adbf2b {background-image:url(https:\/\/kvarner.wine\/wp-content\/uploads\/2024\/12\/udruga-zlahtina-privremeno.webp) !important;background-attachment:fixed !important;background-position:top right !important;background-size:cover !important;padding-top:0px !important;padding-right:0px !important;padding-bottom:0px !important;padding-left:0px !important;margin-bottom:50px !important;}@media screen and (max-width: 1023px){.stk-4adbf2b {background-position:center center !important;background-repeat:no-repeat !important;}}@media screen and (max-width: 767px){.stk-4adbf2b {background-position:center right !important;background-size:cover !important;}}<\/style><div class=\"stk-row stk-inner-blocks stk-block-content stk-content-align stk-4adbf2b-column alignfull\">\n<div class=\"wp-block-stackable-column stk-block-column stk-column stk-block stk-dc7759b stk-block-background stk--has-background-overlay\" data-v=\"4\" data-block-id=\"dc7759b\"><style>.stk-dc7759b-container{margin-top:0px !important;margin-right:0px !important;margin-bottom:0px !important;margin-left:0px !important;min-height:420px !important;}.stk-dc7759b-inner-blocks{justify-content:flex-end !important;row-gap:0px !important;}.stk-dc7759b {background-color:transparent !important;}.stk-dc7759b:before{background-image:linear-gradient(54deg,rgb(192,182,64) 37%,rgba(191,181,63,0) 37%) !important;}<\/style><div class=\"stk-column-wrapper stk-block-column__content stk-container stk-dc7759b-container stk--no-background stk--no-padding\"><div class=\"stk--column-flex stk-block-content stk-inner-blocks stk-dc7759b-inner-blocks\">\n<div class=\"wp-block-stackable-text stk-block-text stk-block stk-c5876b1\" data-scroll-speed=\"5\" data-block-id=\"c5876b1\"><style>.stk-c5876b1 {padding-right:5em !important;padding-bottom:1em !important;padding-left:5em !important;}.stk-c5876b1 .stk-block-text__text{font-size:76px !important;color:#ffffff !important;line-height:1em !important;}@media screen and (max-width: 1023px){.stk-c5876b1 .stk-block-text__text{font-size:50px !important;}}@media screen and (max-width: 767px){.stk-c5876b1 {padding-top:16px !important;padding-right:16px !important;padding-bottom:16px !important;padding-left:16px !important;margin-top:0px !important;margin-right:0px !important;margin-bottom:0px !important;margin-left:0px !important;}.stk-c5876b1 .stk-block-text__text{font-size:60px !important;}}<\/style><p class=\"stk-block-text__text has-text-color has-text-align-left has-text-align-left-mobile\">Udruga<br>\u017dlahtina<\/p><\/div>\n<\/div><\/div><\/div>\n<\/div><\/div>\n\n\n\n<div class=\"wp-block-stackable-heading stk-block-heading stk-block-heading--v2 stk-block stk-41e0384\" id=\"udruga-zlahtina-vinogradari-i-proizvodaci-vina\" data-block-id=\"41e0384\"><style>.stk-41e0384 .stk-block-heading__text{color:var(--stk-global-color-55114, #c0b640) !important;font-weight:500 !important;font-family:\"Charis SIL\", Sans-serif !important;}@media screen and (max-width: 767px){.stk-41e0384 .stk-block-heading__text{font-size:36px !important;}}<\/style><h3 class=\"stk-block-heading__text has-text-color has-text-align-center\">Udruga \u201c\u017dlahtina vinogradari i proizvo\u0111a\u010di vina\u201d<\/h3><\/div>\n\n\n\n<div class=\"wp-block-stackable-columns stk-block-columns stk-block stk-6f924f0\" data-block-id=\"6f924f0\"><style>.stk-6f924f0 {margin-bottom:50px !important;}.stk-6f924f0-column{max-width:1660px !important;min-width:auto !important;margin-right:auto !important;margin-left:auto !important;}<\/style><div class=\"stk-row stk-inner-blocks stk-block-content stk-content-align stk-6f924f0-column\">\n<div class=\"wp-block-stackable-column stk-block-column stk-column stk-block stk-263ccfc\" data-v=\"4\" data-block-id=\"263ccfc\"><div class=\"stk-column-wrapper stk-block-column__content stk-container stk-263ccfc-container stk--no-background stk--no-padding\"><div class=\"stk-block-content stk-inner-blocks stk-263ccfc-inner-blocks\">\n<div class=\"wp-block-stackable-text stk-block-text stk-block stk-96a97df\" data-block-id=\"96a97df\"><style>.stk-96a97df .stk-block-text__text{color:var(--stk-global-color-19321, #333333) !important;}<\/style><p class=\"stk-block-text__text has-text-color has-text-align-center\">Puni naziv udruge: Udruga \u201c\u017dlahtina vinogradari i proizvo\u0111a\u010di vina\u201d<\/p><\/div>\n\n\n\n<div class=\"wp-block-stackable-text stk-block-text stk-block stk-74555c7\" data-block-id=\"74555c7\"><style>.stk-74555c7 .stk-block-text__text{color:var(--stk-global-color-19321, #333333) !important;}<\/style><p class=\"stk-block-text__text has-text-color has-text-align-center\">Skra\u0107eni naziv udruge: Udruga \u201c\u017dlahtina\u201d<\/p><\/div>\n\n\n\n<div class=\"wp-block-stackable-text stk-block-text stk-block stk-1aebf62\" data-block-id=\"1aebf62\"><style>.stk-1aebf62 .stk-block-text__text{color:var(--stk-global-color-19321, #333333) !important;}<\/style><p class=\"stk-block-text__text has-text-color has-text-align-center\">Sjedi\u0161te udruge: Vrbnik (Op\u0107ina Vrbnik) 51516, Frankopanska 1<\/p><\/div>\n\n\n\n<div class=\"wp-block-stackable-text stk-block-text stk-block stk-5918118\" data-block-id=\"5918118\"><style>.stk-5918118 .stk-block-text__text{color:var(--stk-global-color-19321, #333333) !important;}<\/style><p class=\"stk-block-text__text has-text-color has-text-align-center\">Osobni identifikacijski broj: 67022238705<\/p><\/div>\n\n\n\n<div class=\"wp-block-stackable-text stk-block-text stk-block stk-c09f93a\" data-block-id=\"c09f93a\"><style>.stk-c09f93a .stk-block-text__text{color:var(--stk-global-color-19321, #333333) !important;}<\/style><p class=\"stk-block-text__text has-text-color has-text-align-center\">Registarski broj: 08003368<\/p><\/div>\n\n\n\n<div class=\"wp-block-stackable-text stk-block-text stk-block stk-3dc2c5c\" data-block-id=\"3dc2c5c\"><style>.stk-3dc2c5c .stk-block-text__text{color:var(--stk-global-color-19321, #333333) !important;}<\/style><p class=\"stk-block-text__text has-text-color has-text-align-center\">IBAN: HR3523400091111134308, PRIVREDNA BANKA ZAGREB<\/p><\/div>\n\n\n\n<div class=\"wp-block-stackable-text stk-block-text stk-block stk-4e4da08\" data-block-id=\"4e4da08\"><style>.stk-4e4da08 .stk-block-text__text{color:var(--stk-global-color-19321, #333333) !important;}<\/style><p class=\"stk-block-text__text has-text-color has-text-align-center\">Adresa elektroni\u010dke po\u0161te: <a href=\"mailto:vina.kvarnera@gmail.com\">vina.kvarnera@gmail.com<\/a><\/p><\/div>\n\n\n\n<div class=\"wp-block-stackable-text stk-block-text stk-block stk-2152ea0\" data-block-id=\"2152ea0\"><style>.stk-2152ea0 .stk-block-text__text{color:var(--stk-global-color-19321, #333333) !important;}<\/style><p class=\"stk-block-text__text has-text-color has-text-align-center\">Web sjedi\u0161te: <a href=\"http:\/\/www.zlahtina.kvarner.wine\">www.zlahtina.kvarner.wine<\/a><\/p><\/div>\n\n\n\n<div class=\"wp-block-stackable-text stk-block-text stk-block stk-dbfbef7\" data-block-id=\"dbfbef7\"><style>.stk-dbfbef7 .stk-block-text__text{color:var(--stk-global-color-19321, #333333) !important;}<\/style><p class=\"stk-block-text__text has-text-color has-text-align-center\">Pravni oblik: udruga<\/p><\/div>\n\n\n\n<div class=\"wp-block-stackable-text stk-block-text stk-block stk-0e0fcba\" data-block-id=\"0e0fcba\"><style>.stk-0e0fcba .stk-block-text__text{color:var(--stk-global-color-19321, #333333) !important;}<\/style><p class=\"stk-block-text__text has-text-color has-text-align-center\">Statut 20.9.2015. \u2013 Statut je uskla\u0111en sa Zakonom o udrugama (NN 74\/14)<\/p><\/div>\n\n\n\n<div class=\"wp-block-stackable-text stk-block-text stk-block stk-a6d5161\" data-block-id=\"a6d5161\"><style>.stk-a6d5161 .stk-block-text__text{color:var(--stk-global-color-19321, #333333) !important;}<\/style><p class=\"stk-block-text__text has-text-color has-text-align-center\">Ciljane skupine: 030 mali i srednji poduzetnici<\/p><\/div>\n\n\n\n<div class=\"wp-block-stackable-text stk-block-text stk-block stk-1a29ad0\" data-block-id=\"1a29ad0\"><style>.stk-1a29ad0 {margin-bottom:55px !important;}.stk-1a29ad0 .stk-block-text__text{color:var(--stk-global-color-19321, #333333) !important;}<\/style><p class=\"stk-block-text__text has-text-color has-text-align-center\">Cilj: promicanje, razvitak i unapre\u0111enje proizvodnje vina te vezane gastronomske, turisti\u010dke i ostale ponude na podru\u010dju Hrvatskog primorja i kvarnerskih otoka<\/p><\/div>\n\n\n\n<div class=\"wp-block-stackable-text stk-block-text stk-block stk-f59f742\" data-block-id=\"f59f742\"><p class=\"stk-block-text__text has-text-align-center\"><strong>Djelatnosti kojima se ostvaruju ciljevi:<\/strong><\/p><\/div>\n\n\n\n<div class=\"wp-block-stackable-icon-list stk-block-icon-list has-text-color stk-block stk-a9f8c43\" data-block-id=\"a9f8c43\"><style>.stk-a9f8c43 {--stk-icon-list-column-count:3 !important;--stk-icon-list-row-gap:16px !important;--stk-icon-list-marker-color:var(--stk-global-color-55114, #c0b640) !important;--stk-icon-list-icon-rotation:0deg !important;--stk-icon-list-icon-size:6px !important;max-width:1660px !important;min-width:auto !important;margin-right:auto !important;margin-bottom:50px !important;margin-left:auto !important;}.stk-a9f8c43 .stk-block-icon-list-item__content{align-items:flex-start !important;}.stk-a9f8c43 ul .stk-block-icon-list-item__content .stk--inner-svg, .stk-a9f8c43 ol .stk-block-icon-list-item__content .stk-block-icon-list-item__marker{transform:translateY(13px) !important;}.stk-a9f8c43 ul li, .stk-a9f8c43 ol li, .stk-a9f8c43 ul li span, .stk-a9f8c43 ol li span{color:var(--stk-global-color-19321, #333333) !important;}@media screen and (max-width: 1023px){.stk-a9f8c43 {--stk-icon-list-column-count:2 !important;}}@media screen and (max-width: 767px){.stk-a9f8c43 {--stk-icon-list-column-count:1 !important;}}<\/style><svg style=\"display:none\"><defs><g id=\"stk-icon-list__icon-svg-def-a9f8c43\"><svg xmlns=\"http:\/\/www.w3.org\/2000\/svg\" viewBox=\"0 0 512 512\"><path d=\"M256 512A256 256 0 1 0 256 0a256 256 0 1 0 0 512z\"\/><\/svg><\/g><\/defs><\/svg><ul class=\"stk-block-icon-list__ul stk-block-icon-list--column\">\n<li class=\"wp-block-stackable-icon-list-item stk-block-icon-list-item stk-block stk-95ca2ce\" data-block-id=\"95ca2ce\"><div class=\"stk-block-icon-list-item__content\"><span class=\"stk--svg-wrapper\"><div class=\"stk--inner-svg\"><svg aria-hidden=\"true\" width=\"32\" height=\"32\"><use xlink:href=\"#stk-icon-list__icon-svg-def-a9f8c43\"><\/use><\/svg><\/div><\/span><span class=\"stk-block-icon-list-item__text\">razvitak vinogradarstva i vinarstva,<\/span><\/div><\/li>\n\n\n\n<li class=\"wp-block-stackable-icon-list-item stk-block-icon-list-item stk-block stk-fc8a704\" data-block-id=\"fc8a704\"><div class=\"stk-block-icon-list-item__content\"><span class=\"stk--svg-wrapper\"><div class=\"stk--inner-svg\"><svg aria-hidden=\"true\" width=\"32\" height=\"32\"><use xlink:href=\"#stk-icon-list__icon-svg-def-a9f8c43\"><\/use><\/svg><\/div><\/span><span class=\"stk-block-icon-list-item__text\">promicanje turisti\u010dke ponude Hrvatskog primorja,<\/span><\/div><\/li>\n\n\n\n<li class=\"wp-block-stackable-icon-list-item stk-block-icon-list-item stk-block stk-1c64df9\" data-block-id=\"1c64df9\"><div class=\"stk-block-icon-list-item__content\"><span class=\"stk--svg-wrapper\"><div class=\"stk--inner-svg\"><svg aria-hidden=\"true\" width=\"32\" height=\"32\"><use xlink:href=\"#stk-icon-list__icon-svg-def-a9f8c43\"><\/use><\/svg><\/div><\/span><span class=\"stk-block-icon-list-item__text\">promicanje gastronomske ponude i tradicionalnih proizvoda,<\/span><\/div><\/li>\n\n\n\n<li class=\"wp-block-stackable-icon-list-item stk-block-icon-list-item stk-block stk-bcbb4e1\" data-block-id=\"bcbb4e1\"><div class=\"stk-block-icon-list-item__content\"><span class=\"stk--svg-wrapper\"><div class=\"stk--inner-svg\"><svg aria-hidden=\"true\" width=\"32\" height=\"32\"><use xlink:href=\"#stk-icon-list__icon-svg-def-a9f8c43\"><\/use><\/svg><\/div><\/span><span class=\"stk-block-icon-list-item__text\">dono\u0161enje prijedloga i mjera za unapre\u0111enje vinogradarstva i vinarstva Hrvatskog primorja i kvarnerskih otoka,<\/span><\/div><\/li>\n\n\n\n<li class=\"wp-block-stackable-icon-list-item stk-block-icon-list-item stk-block stk-8e127f1\" data-block-id=\"8e127f1\"><div class=\"stk-block-icon-list-item__content\"><span class=\"stk--svg-wrapper\"><div class=\"stk--inner-svg\"><svg aria-hidden=\"true\" width=\"32\" height=\"32\"><use xlink:href=\"#stk-icon-list__icon-svg-def-a9f8c43\"><\/use><\/svg><\/div><\/span><span class=\"stk-block-icon-list-item__text\">organiziranje stru\u010dne pomo\u0107i, predavanja i savjetovanja te posjeta naprednim proizvo\u0111a\u010dima,<\/span><\/div><\/li>\n\n\n\n<li class=\"wp-block-stackable-icon-list-item stk-block-icon-list-item stk-block stk-38b222a\" data-block-id=\"38b222a\"><div class=\"stk-block-icon-list-item__content\"><span class=\"stk--svg-wrapper\"><div class=\"stk--inner-svg\"><svg aria-hidden=\"true\" width=\"32\" height=\"32\"><use xlink:href=\"#stk-icon-list__icon-svg-def-a9f8c43\"><\/use><\/svg><\/div><\/span><span class=\"stk-block-icon-list-item__text\">suradnja sa srodnim organizacijama u zemlji i inozemstvu,<\/span><\/div><\/li>\n\n\n\n<li class=\"wp-block-stackable-icon-list-item stk-block-icon-list-item stk-block stk-6c0a8db\" data-block-id=\"6c0a8db\"><div class=\"stk-block-icon-list-item__content\"><span class=\"stk--svg-wrapper\"><div class=\"stk--inner-svg\"><svg aria-hidden=\"true\" width=\"32\" height=\"32\"><use xlink:href=\"#stk-icon-list__icon-svg-def-a9f8c43\"><\/use><\/svg><\/div><\/span><span class=\"stk-block-icon-list-item__text\">sudjelovanje na sajmovima i izlo\u017ebama u zemlji i inozemstvu,<\/span><\/div><\/li>\n\n\n\n<li class=\"wp-block-stackable-icon-list-item stk-block-icon-list-item stk-block stk-3fec9dd\" data-block-id=\"3fec9dd\"><div class=\"stk-block-icon-list-item__content\"><span class=\"stk--svg-wrapper\"><div class=\"stk--inner-svg\"><svg aria-hidden=\"true\" width=\"32\" height=\"32\"><use xlink:href=\"#stk-icon-list__icon-svg-def-a9f8c43\"><\/use><\/svg><\/div><\/span><span class=\"stk-block-icon-list-item__text\">njegovanje i o\u017eivljavanje tradicijskih obi\u010daja vezanih uz vinogradarstvo i vinarstvo.<\/span><\/div><\/li>\n<\/ul><\/div>\n\n\n\n<div class=\"wp-block-stackable-text stk-block-text stk-block stk-b3e879e\" data-block-id=\"b3e879e\"><style>.stk-b3e879e .stk-block-text__text{color:var(--stk-global-color-19321, #333333) !important;}<\/style><p class=\"stk-block-text__text has-text-color has-text-align-center\"><strong>Djelatnost<\/strong><\/p><\/div>\n\n\n\n<div class=\"wp-block-stackable-text stk-block-text stk-block stk-42ac93e\" data-block-id=\"42ac93e\"><style>.stk-42ac93e .stk-block-text__text{color:var(--stk-global-color-19321, #333333) !important;}<\/style><p class=\"stk-block-text__text has-text-color has-text-align-center\">4.5. Poljoprivreda&nbsp;<\/p><\/div>\n\n\n\n<div class=\"wp-block-stackable-text stk-block-text stk-block stk-c7325a1\" data-block-id=\"c7325a1\"><style>.stk-c7325a1 .stk-block-text__text{color:var(--stk-global-color-19321, #333333) !important;}<\/style><p class=\"stk-block-text__text has-text-color has-text-align-center\">4.10. Strukovne udruge u gospodarstvu<\/p><\/div>\n\n\n\n<div class=\"wp-block-stackable-text stk-block-text stk-block stk-295a625\" data-block-id=\"295a625\"><style>.stk-295a625 .stk-block-text__text{color:var(--stk-global-color-19321, #333333) !important;}<\/style><p class=\"stk-block-text__text has-text-color has-text-align-center\"><strong>Razrada djelatnosti<\/strong><\/p><\/div>\n\n\n\n<div class=\"wp-block-stackable-text stk-block-text stk-block stk-a5cab38\" data-block-id=\"a5cab38\"><style>.stk-a5cab38 .stk-block-text__text{color:var(--stk-global-color-19321, #333333) !important;}<\/style><p class=\"stk-block-text__text has-text-color has-text-align-center\">4.5.7. Vinarstvo i vinogradarstvo<\/p><\/div>\n<\/div><\/div><\/div>\n<\/div><\/div>\n\n\n\n\n\n<div class=\"wp-block-stackable-spacer stk-block-spacer stk--no-padding stk-block stk-ece7621\" data-block-id=\"ece7621\"><style>.stk-ece7621 {height:81px !important;}<\/style><\/div>\n","protected":false},"excerpt":{"rendered":"<p>Udruga\u017dlahtina Udruga \u201c\u017dlahtina vinogradari i proizvo\u0111a\u010di vina\u201d Puni naziv udruge: Udruga \u201c\u017dlahtina vinogradari i proizvo\u0111a\u010di vina\u201d Skra\u0107eni naziv udruge: Udruga \u201c\u017dlahtina\u201d Sjedi\u0161te udruge: Vrbnik (Op\u0107ina Vrbnik) 51516, Frankopanska 1 Osobni identifikacijski broj: 67022238705 Registarski broj: 08003368 IBAN: HR3523400091111134308, PRIVREDNA BANKA ZAGREB Adresa elektroni\u010dke po\u0161te: vina.kvarnera@gmail.com Web sjedi\u0161te: www.zlahtina.kvarner.wine Pravni oblik: udruga Statut 20.9.2015. \u2013 Statut [&hellip;]<\/p>\n","protected":false},"author":1,"featured_media":2001,"parent":393,"menu_order":0,"comment_status":"closed","ping_status":"closed","template":"","meta":{"_acf_changed":false,"iawp_total_views":45,"footnotes":""},"class_list":["post-430","page","type-page","status-publish","has-post-thumbnail","hentry"],"acf":[],"_links":{"self":[{"href":"https:\/\/kvarner.wine\/hr\/wp-json\/wp\/v2\/pages\/430","targetHints":{"allow":["GET"]}}],"collection":[{"href":"https:\/\/kvarner.wine\/hr\/wp-json\/wp\/v2\/pages"}],"about":[{"href":"https:\/\/kvarner.wine\/hr\/wp-json\/wp\/v2\/types\/page"}],"author":[{"embeddable":true,"href":"https:\/\/kvarner.wine\/hr\/wp-json\/wp\/v2\/users\/1"}],"replies":[{"embeddable":true,"href":"https:\/\/kvarner.wine\/hr\/wp-json\/wp\/v2\/comments?post=430"}],"version-history":[{"count":5,"href":"https:\/\/kvarner.wine\/hr\/wp-json\/wp\/v2\/pages\/430\/revisions"}],"predecessor-version":[{"id":3541,"href":"https:\/\/kvarner.wine\/hr\/wp-json\/wp\/v2\/pages\/430\/revisions\/3541"}],"up":[{"embeddable":true,"href":"https:\/\/kvarner.wine\/hr\/wp-json\/wp\/v2\/pages\/393"}],"wp:featuredmedia":[{"embeddable":true,"href":"https:\/\/kvarner.wine\/hr\/wp-json\/wp\/v2\/media\/2001"}],"wp:attachment":[{"href":"https:\/\/kvarner.wine\/hr\/wp-json\/wp\/v2\/media?parent=430"}],"curies":[{"name":"wp","href":"https:\/\/api.w.org\/{rel}","templated":true}]}}