{"id":393,"date":"2024-12-18T17:30:55","date_gmt":"2024-12-18T17:30:55","guid":{"rendered":"https:\/\/kvarner.wine\/wp\/?page_id=393"},"modified":"2025-02-02T19:20:18","modified_gmt":"2025-02-02T19:20:18","slug":"o-nama","status":"publish","type":"page","link":"https:\/\/kvarner.wine\/hr\/o-nama\/","title":{"rendered":"O nama"},"content":{"rendered":"\n<div class=\"wp-block-stackable-columns alignfull stk-block-columns stk-block stk-4adbf2b stk-block-background stk--has-background-overlay\" data-block-id=\"4adbf2b\"><style>.stk-4adbf2b {background-image:url(https:\/\/kvarner.wine\/wp-content\/uploads\/2024\/12\/hero1-1920.webp) !important;background-attachment:fixed !important;background-position:center right !important;background-size:cover !important;padding-top:0px !important;padding-right:0px !important;padding-bottom:0px !important;padding-left:0px !important;margin-bottom:50px !important;}@media screen and (max-width: 1023px){.stk-4adbf2b {background-position:center center !important;background-repeat:no-repeat !important;}}<\/style><div class=\"stk-row stk-inner-blocks stk-block-content stk-content-align stk-4adbf2b-column alignfull\">\n<div class=\"wp-block-stackable-column stk-block-column stk-column stk-block stk-dc7759b stk-block-background stk--has-background-overlay\" data-v=\"4\" data-block-id=\"dc7759b\"><style>.stk-dc7759b-container{margin-top:0px !important;margin-right:0px !important;margin-bottom:0px !important;margin-left:0px !important;min-height:420px !important;}.stk-dc7759b-inner-blocks{justify-content:flex-end !important;row-gap:0px !important;}.stk-dc7759b {background-color:transparent !important;}.stk-dc7759b:before{background-image:linear-gradient(54deg,rgb(192,182,64) 37%,rgba(191,181,63,0) 37%) !important;}<\/style><div class=\"stk-column-wrapper stk-block-column__content stk-container stk-dc7759b-container stk--no-background stk--no-padding\"><div class=\"stk--column-flex stk-block-content stk-inner-blocks stk-dc7759b-inner-blocks\">\n<div class=\"wp-block-stackable-text stk-block-text stk-block stk-c5876b1\" data-scroll-speed=\"5\" data-block-id=\"c5876b1\"><style>.stk-c5876b1 {padding-right:5em !important;padding-bottom:1em !important;padding-left:5em !important;}.stk-c5876b1 .stk-block-text__text{font-size:5rem !important;color:#ffffff !important;line-height:0.8em !important;}@media screen and (max-width: 1023px){.stk-c5876b1 .stk-block-text__text{font-size:5rem !important;}}@media screen and (max-width: 767px){.stk-c5876b1 {padding-top:16px !important;padding-right:16px !important;padding-bottom:16px !important;padding-left:16px !important;margin-top:0px !important;margin-right:0px !important;margin-bottom:0px !important;margin-left:0px !important;}.stk-c5876b1 .stk-block-text__text{font-size:60px !important;}}<\/style><p class=\"stk-block-text__text has-text-color has-text-align-left has-text-align-left-mobile\">O nama<\/p><\/div>\n<\/div><\/div><\/div>\n<\/div><\/div>\n\n\n\n<div class=\"wp-block-stackable-heading stk-block-heading stk-block-heading--v2 stk-block stk-41e0384\" id=\"udruzenje-kvarner-wines\" data-block-id=\"41e0384\"><style>.stk-41e0384 .stk-block-heading__text{font-size:64px !important;color:var(--stk-global-color-55114, #c0b640) !important;font-weight:500 !important;font-family:\"Charis SIL\", Sans-serif !important;}@media screen and (max-width: 1023px){.stk-41e0384 .stk-block-heading__text{font-size:50px !important;}}<\/style><h2 class=\"stk-block-heading__text has-text-color has-text-align-center\">Udru\u017eenje Kvarner Wines<\/h2><\/div>\n\n\n\n<div class=\"wp-block-stackable-image stk-block-image stk-block stk-29f6e66\" data-block-id=\"29f6e66\"><style>.stk-29f6e66 .stk-img-wrapper{width:320px !important;}<\/style><figure><span class=\"stk-img-wrapper stk-image--shape-stretch\"><img loading=\"lazy\" decoding=\"async\" class=\"stk-img wp-image-6\" src=\"https:\/\/kvarner.wine\/wp-content\/uploads\/2024\/12\/logo.webp\" width=\"549\" height=\"347\"\/><\/span><\/figure><\/div>\n\n\n\n<div class=\"wp-block-stackable-columns stk-block-columns stk-block stk-6f924f0\" data-block-id=\"6f924f0\"><style>.stk-6f924f0-column{max-width:1660px !important;min-width:auto !important;margin-right:auto !important;margin-left:auto !important;--stk-columns-spacing:16px !important;}<\/style><div class=\"stk-row stk-inner-blocks stk-block-content stk-content-align stk-6f924f0-column\">\n<div class=\"wp-block-stackable-column stk-block-column stk-column stk-block stk-263ccfc\" data-v=\"4\" data-block-id=\"263ccfc\"><div class=\"stk-column-wrapper stk-block-column__content stk-container stk-263ccfc-container stk--no-background stk--no-padding\"><div class=\"stk-block-content stk-inner-blocks stk-263ccfc-inner-blocks\">\n<div class=\"wp-block-stackable-text stk-block-text stk-block stk-8ec693e\" data-block-id=\"8ec693e\"><style>.stk-8ec693e .stk-block-text__text{color:#444444 !important;}<\/style><p class=\"stk-block-text__text has-text-color\">Marketin\u0161ko \u2013 promocijsko Udru\u017eenje Vina Kvarnera (engl. Kvarner Wines Associations) osnovano je 2021. godine kao neformalno udru\u017eenje triju subjekata: Zadruga vinara Proizvo\u0111a\u010dka organizacija <strong><a href=\"https:\/\/kvarner.wine\/o-nama\/zadruga-vina-kvarnera\/\" data-type=\"page\" data-id=\"398\">Vina Kvarnera<\/a><\/strong>, Udruga \u201e<strong>\u017dlahtina vinogradari i proizvo\u0111a\u010di vina<\/strong>\u201c i Udruga za za\u0161titu, o\u010duvanje i promociju autohtonih proizvoda i izvornih obi\u010daja \u201e<strong>Kvarnerska kvaliteta<\/strong>\u201c. Udru\u017eenje ima predsjednika s jednogodi\u0161njim mandatom i profesionalnog direktora, a osnovano je s ciljem promocije vina od autohtonih kvarnerskih sorti vinove loze pri \u010demu su najpoznatije i eno \u2013 gastronomsko \u2013 konzumno dostupne \u0161irom krugu potro\u0161a\u010da: \u017elahtina, belica (kupa\u017ea autohtonih bijelih sorti verdi\u0107, mejsko belo, divjaka, jarbola, brajkovac), jarbola, troji\u0161\u0107ina i sansigot. Izuzev promocije, udru\u017eenje se bavi edukacijom o kulturi stola, odnosno organoleptikom vina organiziraju\u0107i radionice, prezentacije, predavanja i znanstvene skupove. U Udru\u017eenje su se uklju\u010dili i ostali proizvo\u0111a\u010di kvarnerskih prehrambenih i poljoprivrednih proizvoda, prvenstveno onih za\u0161ti\u0107enih poput maslinovog ulja s Krka i Cresa, kr\u010dkog pr\u0161ut, kr\u010dkog i grobni\u010dkog sira, bakarskog ba\u0161kota, rakija i likera, ali i proizvo\u0111a\u010di suhomesnatih proizvoda i slastica kako bi se Kvarner cjelovito predstavio kao eno \u2013 gastronomski nukleus mediteranskog na\u010dina \u017eivota.<\/p><\/div>\n\n\n\n<div class=\"wp-block-stackable-text stk-block-text stk-block stk-432d0f1\" data-block-id=\"432d0f1\"><style>.stk-432d0f1 .stk-block-text__text{color:#444444 !important;}<\/style><p class=\"stk-block-text__text has-text-color\">Udru\u017eenje sudjeluje na svim zna\u010dajnijim eno \u2013 gastronomskim doga\u0111anjima u Hrvatskoj i zemljama okru\u017eenja, a organizator je Me\u0111unarodnog eno \u2013 gastro festivala WineRi u Rijeci te suorganizator Bele nedeje Kastav, Dana vina Vrbnik i Ru\u017eice Vinodola Novi Vinodolski.<\/p><\/div>\n\n\n\n<div class=\"wp-block-stackable-text stk-block-text stk-block stk-c898526\" data-block-id=\"c898526\"><style>.stk-c898526 .stk-block-text__text{color:#444444 !important;}<\/style><p class=\"stk-block-text__text has-text-color\">Uz Primorsko \u2013 goransku \u017eupaniju najve\u0107i su podupiratelji rada Udru\u017eenja Kvarner Wines: Turisti\u010dka zajednica Kvarnera koja prati rad udru\u017eenja od njegovog osnivanja i podr\u017eava sve aktivnosti i Hrvatska turisti\u010dka zajednica, Centar za poljoprivredu i ruralni razvoj Primorsko \u2013 goranske \u017eupanije, odnosno Ka\u0161etica primorsko \u2013 goranska te Obrtni\u010dka komora Primorsko \u2013 goranske \u017eupanije.<\/p><\/div>\n\n\n\n<div class=\"wp-block-stackable-text stk-block-text stk-block stk-66df71f\" data-block-id=\"66df71f\"><style>.stk-66df71f .stk-block-text__text{color:#444444 !important;}<\/style><p class=\"stk-block-text__text has-text-color\">Brend oznaka&nbsp;Kvarner Wines oznaka je kvalitete koju je kreirala&nbsp;Turisti\u010dka zajednica Kvarnera, a dodijeljena je jo\u0161 u o\u017eujku 2021. godine \u010dlanovima Udru\u017eenja. Brend oznaka Kvarner Wines nalazi se na objektima vinarija i ku\u0161aonica \u010dlanica udru\u017eenja Vina Kvarnera te&nbsp;posjetiteljima ukazuje da se nalaze na mjestu gdje mogu ku\u0161ati autohtona vina Kvarnera koja im preporu\u010duje Turisti\u010dka zajednica Kvarnera.&nbsp;<\/p><\/div>\n\n\n\n<div class=\"wp-block-stackable-text stk-block-text stk-block stk-ff52b55\" data-block-id=\"ff52b55\"><style>.stk-ff52b55 .stk-block-text__text{color:#444444 !important;}<\/style><p class=\"stk-block-text__text has-text-color\">Danas je Kvarner zanimljiva i uspje\u0161na vinska destinacija, tre\u0107a hrvatska vinska regija po proizvodnji pjenu\u0161aca i to proizvedenih od kvarnerskih sorti. Prate\u0107i oznake \u201eKvarner Wines\u201c gosti ujedno mogu formirati vinsku turu prema svojim \u017eeljama.<\/p><\/div>\n<\/div><\/div><\/div>\n<\/div><\/div>\n","protected":false},"excerpt":{"rendered":"<p>O nama Udru\u017eenje Kvarner Wines Marketin\u0161ko \u2013 promocijsko Udru\u017eenje Vina Kvarnera (engl. Kvarner Wines Associations) osnovano je 2021. godine kao neformalno udru\u017eenje triju subjekata: Zadruga vinara Proizvo\u0111a\u010dka organizacija Vina Kvarnera, Udruga \u201e\u017dlahtina vinogradari i proizvo\u0111a\u010di vina\u201c i Udruga za za\u0161titu, o\u010duvanje i promociju autohtonih proizvoda i izvornih obi\u010daja \u201eKvarnerska kvaliteta\u201c. Udru\u017eenje ima predsjednika s jednogodi\u0161njim [&hellip;]<\/p>\n","protected":false},"author":1,"featured_media":7,"parent":0,"menu_order":0,"comment_status":"closed","ping_status":"closed","template":"","meta":{"_acf_changed":false,"iawp_total_views":284,"footnotes":""},"class_list":["post-393","page","type-page","status-publish","has-post-thumbnail","hentry"],"acf":[],"_links":{"self":[{"href":"https:\/\/kvarner.wine\/hr\/wp-json\/wp\/v2\/pages\/393","targetHints":{"allow":["GET"]}}],"collection":[{"href":"https:\/\/kvarner.wine\/hr\/wp-json\/wp\/v2\/pages"}],"about":[{"href":"https:\/\/kvarner.wine\/hr\/wp-json\/wp\/v2\/types\/page"}],"author":[{"embeddable":true,"href":"https:\/\/kvarner.wine\/hr\/wp-json\/wp\/v2\/users\/1"}],"replies":[{"embeddable":true,"href":"https:\/\/kvarner.wine\/hr\/wp-json\/wp\/v2\/comments?post=393"}],"version-history":[{"count":5,"href":"https:\/\/kvarner.wine\/hr\/wp-json\/wp\/v2\/pages\/393\/revisions"}],"predecessor-version":[{"id":418,"href":"https:\/\/kvarner.wine\/hr\/wp-json\/wp\/v2\/pages\/393\/revisions\/418"}],"wp:featuredmedia":[{"embeddable":true,"href":"https:\/\/kvarner.wine\/hr\/wp-json\/wp\/v2\/media\/7"}],"wp:attachment":[{"href":"https:\/\/kvarner.wine\/hr\/wp-json\/wp\/v2\/media?parent=393"}],"curies":[{"name":"wp","href":"https:\/\/api.w.org\/{rel}","templated":true}]}}