{"id":329,"date":"2024-12-15T18:55:23","date_gmt":"2024-12-15T18:55:23","guid":{"rendered":"https:\/\/kvarner.wine\/wp\/?page_id=329"},"modified":"2025-01-08T18:50:42","modified_gmt":"2025-01-08T18:50:42","slug":"impressum","status":"publish","type":"page","link":"https:\/\/kvarner.wine\/hr\/impressum\/","title":{"rendered":"Impressum"},"content":{"rendered":"\n<div class=\"wp-block-stackable-columns alignfull stk-block-columns stk-block stk-4adbf2b stk-block-background stk--has-background-overlay\" data-block-id=\"4adbf2b\"><style>.stk-4adbf2b {background-image:url(https:\/\/kvarner.wine\/wp-content\/uploads\/2024\/12\/impressum.webp) !important;background-attachment:fixed !important;background-position:center center !important;background-size:cover !important;padding-top:0px !important;padding-right:0px !important;padding-bottom:0px !important;padding-left:0px !important;margin-bottom:50px !important;}@media screen and (max-width: 1023px){.stk-4adbf2b {background-position:center center !important;background-repeat:no-repeat !important;}}<\/style><div class=\"stk-row stk-inner-blocks stk-block-content stk-content-align stk-4adbf2b-column alignfull\">\n<div class=\"wp-block-stackable-column stk-block-column stk-column stk-block stk-dc7759b stk-block-background stk--has-background-overlay\" data-v=\"4\" data-block-id=\"dc7759b\"><style>.stk-dc7759b-container{margin-top:0px !important;margin-right:0px !important;margin-bottom:0px !important;margin-left:0px !important;min-height:420px !important;}.stk-dc7759b-inner-blocks{justify-content:flex-end !important;row-gap:0px !important;}.stk-dc7759b {background-color:transparent !important;}.stk-dc7759b:before{background-image:linear-gradient(54deg,rgb(192,182,64) 37%,rgba(191,181,63,0) 37%) !important;}<\/style><div class=\"stk-column-wrapper stk-block-column__content stk-container stk-dc7759b-container stk--no-background stk--no-padding\"><div class=\"stk--column-flex stk-block-content stk-inner-blocks stk-dc7759b-inner-blocks\">\n<div class=\"wp-block-stackable-text stk-block-text stk-block stk-c5876b1\" data-scroll-speed=\"5\" data-block-id=\"c5876b1\"><style>.stk-c5876b1 {padding-right:5em !important;padding-bottom:1em !important;padding-left:5em !important;}.stk-c5876b1 .stk-block-text__text{font-size:5rem !important;color:#ffffff !important;line-height:0.8em !important;}@media screen and (max-width: 1023px){.stk-c5876b1 .stk-block-text__text{font-size:5rem !important;}}@media screen and (max-width: 767px){.stk-c5876b1 {padding-top:16px !important;padding-right:16px !important;padding-bottom:16px !important;padding-left:16px !important;margin-top:0px !important;margin-right:0px !important;margin-bottom:0px !important;margin-left:0px !important;}.stk-c5876b1 .stk-block-text__text{font-size:60px !important;}}<\/style><p class=\"stk-block-text__text has-text-color has-text-align-left has-text-align-left-mobile\">Impressum<\/p><\/div>\n<\/div><\/div><\/div>\n<\/div><\/div>\n\n\n\n<div class=\"wp-block-stackable-columns stk-block-columns stk-block stk-6befaf3\" data-block-id=\"6befaf3\"><style>.stk-6befaf3-column{max-width:1440px !important;min-width:auto !important;margin-right:auto !important;margin-left:auto !important;}<\/style><div class=\"stk-row stk-inner-blocks stk-block-content stk-content-align stk-6befaf3-column\">\n<div class=\"wp-block-stackable-column stk-block-column stk-column stk-block stk-d6498bd\" data-v=\"4\" data-block-id=\"d6498bd\"><div class=\"stk-column-wrapper stk-block-column__content stk-container stk-d6498bd-container stk--no-background stk--no-padding\"><div class=\"stk-block-content stk-inner-blocks stk-d6498bd-inner-blocks\">\n<div class=\"wp-block-stackable-text stk-block-text stk-block stk-825edf6\" data-block-id=\"825edf6\"><style>.stk-825edf6 .stk-block-text__text{color:var(--stk-global-color-19321, #333333) !important;}<\/style><p class=\"stk-block-text__text has-text-color has-text-align-center\">Web osmislili: Zadruga vinara Proizvo\u0111a\u010dka organizacija Vina Kvarnera u suradnji s Turisti\u010dkom zajednicom Kvarnera<\/p><\/div>\n\n\n\n<div class=\"wp-block-stackable-text stk-block-text stk-block stk-24b67d5\" data-block-id=\"24b67d5\"><style>.stk-24b67d5 .stk-block-text__text{color:var(--stk-global-color-19321, #333333) !important;}<\/style><p class=\"stk-block-text__text has-text-color has-text-align-center\">Urednici: Mia Vitas i doc. dr. sc. \u017darko Stilin, upravitelj Zadruga vinara Proizvo\u0111a\u010dka organizacija Vina Kvarnera, www.kvarner.wine<\/p><\/div>\n\n\n\n<div class=\"wp-block-stackable-text stk-block-text stk-block stk-7cd4a27\" data-block-id=\"7cd4a27\"><style>.stk-7cd4a27 .stk-block-text__text{color:var(--stk-global-color-19321, #333333) !important;}<\/style><p class=\"stk-block-text__text has-text-color has-text-align-center\">Autori tekstova: doc. dr. sc. \u017darko Stilin, Mia Vitas, Renata Vincek, Ermina Duraj, Tea Cima\u0161, Lucija Matijevi\u0107, Ines Mati\u0107 Mate\u0161kovi\u0107, Martina \u0160karica, Marinela Mrkonja, Monika Neral, \u010caslav Matijevi\u0107, Klaudio Jur\u010di\u0107, Tomislav Pavle\u0161i\u0107, Josip Ori\u0161kovi\u0107, Franko Ru\u017ei\u0107, Toni Babi\u0107, Dejan Rube\u0161a, Miroslav Palinka\u0161, Toni Katunar, Anton Brusi\u0107, Ivan Katunar, Ivica Dobrin\u010di\u0107, Ivan Jurani\u0107, Denis Matani\u0107<\/p><\/div>\n\n\n\n<div class=\"wp-block-stackable-text stk-block-text stk-block stk-21d65b3\" data-block-id=\"21d65b3\"><style>.stk-21d65b3 .stk-block-text__text{color:var(--stk-global-color-19321, #333333) !important;}<\/style><p class=\"stk-block-text__text has-text-color has-text-align-center\">Literatura: Maleti\u0107, Edi (ur.), 2020. Sorte vinove loze Kvarnera i Hrvatskoga primorja, Stara Su\u0161ica: CPRR<\/p><\/div>\n\n\n\n<div class=\"wp-block-stackable-text stk-block-text stk-block stk-330541e\" data-block-id=\"330541e\"><style>.stk-330541e .stk-block-text__text{color:var(--stk-global-color-19321, #333333) !important;}<\/style><p class=\"stk-block-text__text has-text-color has-text-align-center\">Fotografije: arhiva Zadruga vinara Proizvo\u0111a\u010dka organizacija Vina Kvarnera, arhiva Primorsko \u2013 goranska \u017eupanija, arhiva Turisti\u010dka zajednica Kvarnera, arhiva Turisti\u010dka zajednica Grada Krka, arhiva Turisti\u010dka zajednica Grada Crikvenice, arhiva Turisti\u010dka zajednica Op\u0107ine Lovran, arhiva Turisti\u010dka zajednica Grada Kastva, Ivana \u010cutura, Rino Gropuzzo, Vedran Ga\u0161parovi\u0107, Petar K\u00fcrschner, Ivor Ma\u017ear, Frank Heuer, Julio Frangen, Lili Ba\u0161i\u0107, Tea Cima\u0161, Luka Tabako, Antonio Paljuh, Josip Novosel, Borut Brozovi\u0107, Maja D. Pe\u0107ani\u0107, Robert Pichler, Andrea Gr\u017ei\u010di\u0107, Miroslav Matej\u010di\u0107, Zoran Vodopija, Filip Ru\u017ei\u0107, Adriano Po\u017eari\u0107, Paula Vidovi\u0107.<\/p><\/div>\n\n\n\n<div class=\"wp-block-stackable-text stk-block-text stk-block stk-f5922de\" data-block-id=\"f5922de\"><style>.stk-f5922de .stk-block-text__text{color:var(--stk-global-color-19321, #333333) !important;}<\/style><p class=\"stk-block-text__text has-text-color has-text-align-center\">Logotip Vina Kvarnera: Oznaka kvalitete Turisti\u010dke zajednice Kvarnera<\/p><\/div>\n\n\n\n<div class=\"wp-block-stackable-text stk-block-text stk-block stk-8f76518\" data-block-id=\"8f76518\"><style>.stk-8f76518 .stk-block-text__text{color:var(--stk-global-color-19321, #333333) !important;}<\/style><p class=\"stk-block-text__text has-text-color has-text-align-center\">Logotip Udruga \u017dlahtina i Udruga Kvarnerska Kvaliteta: Ordinacija za fascinacija design, obrt za dizajn, vlasnik Boris Krpan, www.ozf-design.com<\/p><\/div>\n\n\n\n<div class=\"wp-block-stackable-text stk-block-text stk-block stk-27d914d\" data-block-id=\"27d914d\"><style>.stk-27d914d .stk-block-text__text{color:var(--stk-global-color-19321, #333333) !important;}<\/style><p class=\"stk-block-text__text has-text-color has-text-align-center\">Lektura: doc.dr.sc. Antonia Ordulj<\/p><\/div>\n\n\n\n<div class=\"wp-block-stackable-text stk-block-text stk-block stk-da5c825\" data-block-id=\"da5c825\"><style>.stk-da5c825 .stk-block-text__text{color:var(--stk-global-color-19321, #333333) !important;}<\/style><p class=\"stk-block-text__text has-text-color has-text-align-center\">Prijevodi: Dorotea Kuva\u010di\u0107<\/p><\/div>\n\n\n\n<div class=\"wp-block-stackable-text stk-block-text stk-block stk-7f64cc2\" data-block-id=\"7f64cc2\"><style>.stk-7f64cc2 .stk-block-text__text{color:var(--stk-global-color-19321, #333333) !important;}<\/style><p class=\"stk-block-text__text has-text-color has-text-align-center\">Organolepti\u010dki opis vina: Klaudio Jur\u010di\u0107; enolozi iz vinarija<\/p><\/div>\n\n\n\n<div class=\"wp-block-stackable-text stk-block-text stk-block stk-801706c\" data-block-id=\"801706c\"><style>.stk-801706c .stk-block-text__text{color:var(--stk-global-color-19321, #333333) !important;}<\/style><p class=\"stk-block-text__text has-text-color has-text-align-center\">Grafi\u010dka priprema: Ordinacija za fascinacija design, obrt za dizajn, vlasnik Boris Krpan, <a href=\"http:\/\/www.ozf-design.com\" target=\"_blank\" rel=\"noreferrer noopener\">www.ozf-design.com<\/a><\/p><\/div>\n\n\n\n<div class=\"wp-block-stackable-text stk-block-text stk-block stk-c0b952f\" data-block-id=\"c0b952f\"><style>.stk-c0b952f .stk-block-text__text{color:var(--stk-global-color-19321, #333333) !important;}<\/style><p class=\"stk-block-text__text has-text-color has-text-align-center\">Izrada web stranice: Viktor uslu\u017eni obrt, vlasnik Viktor Bubli\u0107, <a href=\"http:\/\/viktor-obrt.hr\" data-type=\"link\" data-id=\"viktor-obrt.hr\" target=\"_blank\" rel=\"noreferrer noopener\">viktor-obrt.hr<\/a><\/p><\/div>\n\n\n\n<div class=\"wp-block-stackable-text stk-block-text stk-block stk-1c31c83\" data-block-id=\"1c31c83\"><style>.stk-1c31c83 .stk-block-text__text{color:var(--stk-global-color-19321, #333333) !important;}<\/style><p class=\"stk-block-text__text has-text-color has-text-align-center\">Izradu web stranice podr\u017eala Primorsko \u2013 goranska \u017eupanija.<\/p><\/div>\n<\/div><\/div><\/div>\n<\/div><\/div>\n\n\n\n<div class=\"wp-block-stackable-spacer stk-block-spacer stk--no-padding stk-block stk-e4ae274\" data-block-id=\"e4ae274\"><style>.stk-e4ae274 {height:82px !important;}<\/style><\/div>\n","protected":false},"excerpt":{"rendered":"<p>Impressum Web osmislili: Zadruga vinara Proizvo\u0111a\u010dka organizacija Vina Kvarnera u suradnji s Turisti\u010dkom zajednicom Kvarnera Urednici: Mia Vitas i doc. dr. sc. \u017darko Stilin, upravitelj Zadruga vinara Proizvo\u0111a\u010dka organizacija Vina Kvarnera, www.kvarner.wine Autori tekstova: doc. dr. sc. \u017darko Stilin, Mia Vitas, Renata Vincek, Ermina Duraj, Tea Cima\u0161, Lucija Matijevi\u0107, Ines Mati\u0107 Mate\u0161kovi\u0107, Martina \u0160karica, Marinela [&hellip;]<\/p>\n","protected":false},"author":1,"featured_media":331,"parent":0,"menu_order":0,"comment_status":"closed","ping_status":"closed","template":"","meta":{"_acf_changed":false,"iawp_total_views":81,"footnotes":""},"class_list":["post-329","page","type-page","status-publish","has-post-thumbnail","hentry"],"acf":[],"_links":{"self":[{"href":"https:\/\/kvarner.wine\/hr\/wp-json\/wp\/v2\/pages\/329","targetHints":{"allow":["GET"]}}],"collection":[{"href":"https:\/\/kvarner.wine\/hr\/wp-json\/wp\/v2\/pages"}],"about":[{"href":"https:\/\/kvarner.wine\/hr\/wp-json\/wp\/v2\/types\/page"}],"author":[{"embeddable":true,"href":"https:\/\/kvarner.wine\/hr\/wp-json\/wp\/v2\/users\/1"}],"replies":[{"embeddable":true,"href":"https:\/\/kvarner.wine\/hr\/wp-json\/wp\/v2\/comments?post=329"}],"version-history":[{"count":5,"href":"https:\/\/kvarner.wine\/hr\/wp-json\/wp\/v2\/pages\/329\/revisions"}],"predecessor-version":[{"id":338,"href":"https:\/\/kvarner.wine\/hr\/wp-json\/wp\/v2\/pages\/329\/revisions\/338"}],"wp:featuredmedia":[{"embeddable":true,"href":"https:\/\/kvarner.wine\/hr\/wp-json\/wp\/v2\/media\/331"}],"wp:attachment":[{"href":"https:\/\/kvarner.wine\/hr\/wp-json\/wp\/v2\/media?parent=329"}],"curies":[{"name":"wp","href":"https:\/\/api.w.org\/{rel}","templated":true}]}}