{"id":3,"date":"2024-12-10T18:16:48","date_gmt":"2024-12-10T18:16:48","guid":{"rendered":"https:\/\/kvarner.wine\/wp\/?page_id=3"},"modified":"2025-01-12T12:23:06","modified_gmt":"2025-01-12T12:23:06","slug":"politika-privatnosti","status":"publish","type":"page","link":"https:\/\/kvarner.wine\/hr\/politika-privatnosti\/","title":{"rendered":"Politika privatnosti"},"content":{"rendered":"\n<div class=\"wp-block-stackable-columns stk-block-columns stk-block stk-c330556\" data-block-id=\"c330556\"><div class=\"stk-row stk-inner-blocks stk-block-content stk-content-align stk-c330556-column\">\n<div class=\"wp-block-stackable-column stk-block-column stk-column stk-block stk-e87ce53\" data-v=\"4\" data-block-id=\"e87ce53\"><style>.stk-e87ce53-container{max-width:1660px !important;min-width:auto !important;margin-right:auto !important;margin-left:auto !important;}<\/style><div class=\"stk-column-wrapper stk-block-column__content stk-container stk-e87ce53-container stk--no-background stk--no-padding\"><div class=\"stk-block-content stk-inner-blocks stk-e87ce53-inner-blocks\">\n<h2 class=\"wp-block-heading has-x-large-font-size\" data-block-type=\"core\">Politika privatnosti<\/h2>\n\n\n\n<p data-block-type=\"core\">   <\/p>\n\n\n\n<h2 class=\"wp-block-heading\" data-block-type=\"core\">Tko smo<\/h2>\n\n\n\n<p data-block-type=\"core\">Na\u0161a adresa je: https:\/\/kvarner.wine\/<\/p>\n\n\n\n<h2 class=\"wp-block-heading\" data-block-type=\"core\">Komentari<\/h2>\n\n\n\n<p data-block-type=\"core\">Kada posjetitelji ostave komentare na stranici, prikupljamo podatke prikazane u obrascu za komentare, kao i posjetiteljevu IP adresu i niz korisni\u010dkog agenta preglednika kako bismo pomogli u otkrivanju ne\u017eeljene po\u0161te.<\/p>\n\n\n\n<p data-block-type=\"core\">Anonimizirani niz kreiran iz va\u0161e adrese e-po\u0161te (tako\u0111er nazvan hash) mo\u017ee se dostaviti usluzi Gravatar da vidi koristite li je. Politika privatnosti usluge Gravatar dostupna je ovdje: https:\/\/automattic.com\/privacy\/. Nakon odobrenja va\u0161eg komentara, va\u0161a profilna slika je vidljiva javnosti u kontekstu va\u0161eg komentara.<\/p>\n\n\n\n<h2 class=\"wp-block-heading\" data-block-type=\"core\">Mediji<\/h2>\n\n\n\n<p data-block-type=\"core\">Ako u\u010ditavate slike na web mjesto, trebali biste izbjegavati u\u010ditavanje slika s ugra\u0111enim podacima o lokaciji (EXIF GPS). Posjetitelji web stranice mogu preuzeti i izdvojiti podatke o lokaciji iz slika na web stranici.<\/p>\n\n\n\n<h2 class=\"wp-block-heading\" data-block-type=\"core\">Kola\u010di\u0107i<\/h2>\n\n\n\n<p data-block-type=\"core\">Ako ostavite komentar na na\u0161oj stranici, mo\u017eete se odlu\u010diti za spremanje svog imena, adrese e-po\u0161te i web stranice u kola\u010di\u0107e. Ovo je za va\u0161u udobnost kako ne biste morali ponovno ispunjavati svoje podatke kada ostavljate novi komentar. Ovi kola\u010di\u0107i \u0107e trajati godinu dana.<\/p>\n\n\n\n<p data-block-type=\"core\">Ako posjetite na\u0161u stranicu za prijavu, postavit \u0107emo privremeni kola\u010di\u0107 kako bismo utvrdili prihva\u0107a li va\u0161 preglednik kola\u010di\u0107e. Ovaj kola\u010di\u0107 ne sadr\u017ei osobne podatke i odbacuje se kada zatvorite preglednik.<\/p>\n\n\n\n<p data-block-type=\"core\">Kada se prijavite, tako\u0111er \u0107emo postaviti nekoliko kola\u010di\u0107a za spremanje va\u0161ih podataka za prijavu i va\u0161ih izbora prikaza na zaslonu. Kola\u010di\u0107i za prijavu traju dva dana, a kola\u010di\u0107i s opcijama zaslona godinu dana. Ako odaberete &#8220;Zapamti me&#8221;, va\u0161a \u0107e prijava trajati dva tjedna. Ako se odjavite sa svog ra\u010duna, kola\u010di\u0107i za prijavu bit \u0107e uklonjeni.<\/p>\n\n\n\n<p data-block-type=\"core\">Ako uredite ili objavite \u010dlanak, dodatni kola\u010di\u0107 \u0107e se spremiti u va\u0161 preglednik. Ovaj kola\u010di\u0107 ne uklju\u010duje osobne podatke i samo ozna\u010dava ID objave \u010dlanka koji ste upravo uredili. Isti\u010de nakon 1 dana.<\/p>\n\n\n\n<h2 class=\"wp-block-heading\" data-block-type=\"core\">Ugra\u0111eni sadr\u017eaj s drugih web stranica<\/h2>\n\n\n\n<p data-block-type=\"core\">\u010clanci na ovoj stranici mogu sadr\u017eavati ugra\u0111eni sadr\u017eaj (npr. videozapise, slike, \u010dlanke itd.). Ugra\u0111eni sadr\u017eaj s drugih web stranica pona\u0161a se na potpuno isti na\u010din kao da je posjetitelj posjetio drugu web stranicu.<\/p>\n\n\n\n<p data-block-type=\"core\">Ove web stranice mogu prikupljati podatke o vama, koristiti kola\u010di\u0107e, ugraditi dodatno pra\u0107enje tre\u0107e strane i pratiti va\u0161u interakciju s tim ugra\u0111enim sadr\u017eajem, uklju\u010duju\u0107i pra\u0107enje va\u0161e interakcije s ugra\u0111enim sadr\u017eajem ako imate ra\u010dun i prijavljeni ste na tu web stranicu.<\/p>\n\n\n\n<h2 class=\"wp-block-heading\" data-block-type=\"core\">S kim dijelimo va\u0161e podatke<\/h2>\n\n\n\n<p data-block-type=\"core\">Ako zatra\u017eite ponovno postavljanje lozinke, va\u0161a IP adresa bit \u0107e uklju\u010dena u e-poruku za ponovno postavljanje.<\/p>\n\n\n\n<h2 class=\"wp-block-heading\" data-block-type=\"core\">Koliko dugo zadr\u017eavamo va\u0161e podatke<\/h2>\n\n\n\n<p data-block-type=\"core\">Ako ostavite komentar, komentar i njegovi metapodaci zadr\u017eavaju se na neodre\u0111eno vrijeme. To je tako da mo\u017eemo automatski prepoznati i odobriti sve naknadne komentare umjesto da ih dr\u017eimo u redu za moderiranje.<\/p>\n\n\n\n<p data-block-type=\"core\">Za korisnike koji se registriraju na na\u0161oj web stranici (ako postoje), tako\u0111er pohranjujemo osobne podatke koje daju u svom korisni\u010dkom profilu. Svi korisnici mogu vidjeti, urediti ili izbrisati svoje osobne podatke u bilo kojem trenutku (osim \u0161to ne mogu promijeniti svoje korisni\u010dko ime). Administratori web mjesta tako\u0111er mogu vidjeti i urediti te informacije.<\/p>\n\n\n\n<h2 class=\"wp-block-heading\" data-block-type=\"core\">Koja prava imate nad svojim podacima<\/h2>\n\n\n\n<p data-block-type=\"core\">Ako imate ra\u010dun na ovoj stranici ili ste ostavili komentare, mo\u017eete zatra\u017eiti izvezenu datoteku osobnih podataka koje imamo o vama, uklju\u010duju\u0107i sve podatke koje ste nam dostavili. Tako\u0111er mo\u017eete zatra\u017eiti da izbri\u0161emo sve osobne podatke koje imamo o vama. To ne uklju\u010duje podatke koje smo du\u017eni \u010duvati u administrativne, pravne ili sigurnosne svrhe.<\/p>\n\n\n\n<h2 class=\"wp-block-heading has-text-align-left\" data-block-type=\"core\">Kamo se \u0161alju va\u0161i podaci<\/h2>\n\n\n\n<p data-block-type=\"core\">Komentari posjetitelja mogu se provjeriti putem automatizirane usluge otkrivanja ne\u017eeljene po\u0161te.<\/p>\n<\/div><\/div><\/div>\n<\/div><\/div>\n","protected":false},"excerpt":{"rendered":"<p>Politika privatnosti Tko smo Na\u0161a adresa je: https:\/\/kvarner.wine\/ Komentari Kada posjetitelji ostave komentare na stranici, prikupljamo podatke prikazane u obrascu za komentare, kao i posjetiteljevu IP adresu i niz korisni\u010dkog agenta preglednika kako bismo pomogli u otkrivanju ne\u017eeljene po\u0161te. Anonimizirani niz kreiran iz va\u0161e adrese e-po\u0161te (tako\u0111er nazvan hash) mo\u017ee se dostaviti usluzi Gravatar da [&hellip;]<\/p>\n","protected":false},"author":1,"featured_media":0,"parent":0,"menu_order":0,"comment_status":"closed","ping_status":"open","template":"","meta":{"_acf_changed":false,"iawp_total_views":176,"footnotes":""},"class_list":["post-3","page","type-page","status-publish","hentry"],"acf":[],"_links":{"self":[{"href":"https:\/\/kvarner.wine\/hr\/wp-json\/wp\/v2\/pages\/3","targetHints":{"allow":["GET"]}}],"collection":[{"href":"https:\/\/kvarner.wine\/hr\/wp-json\/wp\/v2\/pages"}],"about":[{"href":"https:\/\/kvarner.wine\/hr\/wp-json\/wp\/v2\/types\/page"}],"author":[{"embeddable":true,"href":"https:\/\/kvarner.wine\/hr\/wp-json\/wp\/v2\/users\/1"}],"replies":[{"embeddable":true,"href":"https:\/\/kvarner.wine\/hr\/wp-json\/wp\/v2\/comments?post=3"}],"version-history":[{"count":5,"href":"https:\/\/kvarner.wine\/hr\/wp-json\/wp\/v2\/pages\/3\/revisions"}],"predecessor-version":[{"id":1034,"href":"https:\/\/kvarner.wine\/hr\/wp-json\/wp\/v2\/pages\/3\/revisions\/1034"}],"wp:attachment":[{"href":"https:\/\/kvarner.wine\/hr\/wp-json\/wp\/v2\/media?parent=3"}],"curies":[{"name":"wp","href":"https:\/\/api.w.org\/{rel}","templated":true}]}}