{"id":1704,"date":"2025-01-21T14:43:06","date_gmt":"2025-01-21T14:43:06","guid":{"rendered":"https:\/\/kvarner.wine\/?page_id=1704"},"modified":"2026-01-14T09:06:53","modified_gmt":"2026-01-14T09:06:53","slug":"wineri","status":"publish","type":"page","link":"https:\/\/kvarner.wine\/hr\/wineri\/","title":{"rendered":"WineRi"},"content":{"rendered":"\n<div class=\"wp-block-stackable-columns alignfull stk-block-columns stk-block stk-4adbf2b stk-block-background stk--has-background-overlay\" data-block-id=\"4adbf2b\"><style>.stk-4adbf2b {background-image:url(https:\/\/kvarner.wine\/wp-content\/uploads\/2025\/01\/WineRi-2024-day-02-68.webp) !important;background-attachment:fixed !important;background-position:center right !important;background-size:cover !important;padding-top:0px !important;padding-right:0px !important;padding-bottom:0px !important;padding-left:0px !important;margin-bottom:58px !important;}@media screen and (max-width: 1023px){.stk-4adbf2b {background-position:center center !important;background-repeat:no-repeat !important;}}@media screen and (max-width: 767px){.stk-4adbf2b {background-position:center right !important;background-size:cover !important;}}<\/style><div class=\"stk-row stk-inner-blocks stk-block-content stk-content-align stk-4adbf2b-column alignfull\">\n<div class=\"wp-block-stackable-column stk-block-column stk-column stk-block stk-dc7759b stk-block-background stk--has-background-overlay\" data-v=\"4\" data-block-id=\"dc7759b\"><style>.stk-dc7759b-container{margin-top:0px !important;margin-right:0px !important;margin-bottom:0px !important;margin-left:0px !important;min-height:420px !important;}.stk-dc7759b-inner-blocks{justify-content:flex-end !important;row-gap:0px !important;}.stk-dc7759b {background-color:transparent !important;}.stk-dc7759b:before{background-image:linear-gradient(54deg,rgb(192,182,64) 37%,rgba(191,181,63,0) 37%) !important;}<\/style><div class=\"stk-column-wrapper stk-block-column__content stk-container stk-dc7759b-container stk--no-background stk--no-padding\"><div class=\"stk--column-flex stk-block-content stk-inner-blocks stk-dc7759b-inner-blocks\">\n<div class=\"wp-block-stackable-text stk-block-text stk-block stk-c5876b1\" data-scroll-speed=\"5\" data-block-id=\"c5876b1\"><style>.stk-c5876b1 {padding-right:5em !important;padding-bottom:1em !important;padding-left:5em !important;}.stk-c5876b1 .stk-block-text__text{font-size:5rem !important;color:#ffffff !important;line-height:1em !important;}@media screen and (max-width: 1023px){.stk-c5876b1 .stk-block-text__text{font-size:5rem !important;}}@media screen and (max-width: 767px){.stk-c5876b1 {padding-top:16px !important;padding-right:16px !important;padding-bottom:16px !important;padding-left:16px !important;margin-top:0px !important;margin-right:0px !important;margin-bottom:0px !important;margin-left:0px !important;}.stk-c5876b1 .stk-block-text__text{font-size:60px !important;}}<\/style><p class=\"stk-block-text__text has-text-color has-text-align-left has-text-align-left-mobile\">WineRi<\/p><\/div>\n<\/div><\/div><\/div>\n<\/div><\/div>\n\n\n\n<div class=\"wp-block-stackable-columns stk-block-columns stk-block stk-4e32c90\" data-block-id=\"4e32c90\"><div class=\"stk-row stk-inner-blocks stk-block-content stk-content-align stk-4e32c90-column\">\n<div class=\"wp-block-stackable-column stk-block-column stk-column stk-block stk-f3cb176\" data-v=\"4\" data-block-id=\"f3cb176\"><style>.stk-f3cb176-container{max-width:960px !important;min-width:auto !important;margin-right:auto !important;margin-left:auto !important;}<\/style><div class=\"stk-column-wrapper stk-block-column__content stk-container stk-f3cb176-container stk--no-background stk--no-padding\"><div class=\"stk-block-content stk-inner-blocks stk-f3cb176-inner-blocks\">\n<div class=\"wp-block-stackable-text stk-block-text stk-block stk-c164daf\" data-block-id=\"c164daf\"><style>.stk-c164daf .stk-block-text__text{font-size:26px !important;color:var(--stk-global-color-75534, #719536) !important;font-weight:800 !important;}@media screen and (max-width: 1023px){.stk-c164daf .stk-block-text__text{font-size:26px !important;}}<\/style><p class=\"stk-block-text__text has-text-color has-text-align-center\">Kvarner\u00a0International\u00a0Wine\u00a0Festival \u2013 WineRi<\/p><\/div>\n<\/div><\/div><\/div>\n<\/div><\/div>\n\n\n\n<div class=\"wp-block-stackable-columns stk-block-columns stk-block stk-6f924f0\" data-block-id=\"6f924f0\"><style>.stk-6f924f0-column{max-width:1440px !important;min-width:auto !important;margin-right:auto !important;margin-left:auto !important;--stk-columns-spacing:20px !important;}<\/style><div class=\"stk-row stk-inner-blocks stk-block-content stk-content-align stk-6f924f0-column\">\n<div class=\"wp-block-stackable-column stk-block-column stk-column stk-block stk-263ccfc\" data-v=\"4\" data-block-id=\"263ccfc\"><div class=\"stk-column-wrapper stk-block-column__content stk-container stk-263ccfc-container stk--no-background stk--no-padding\"><div class=\"stk-block-content stk-inner-blocks stk-263ccfc-inner-blocks\">\n<p data-block-type=\"core\">Me\u0111unarodni eno-gastro festival WineRi od 2017. godine pozicionira\u00a0Kvarner\u00a0kao jedno od klju\u010dnih vinsko-gastronomskih sredi\u0161ta Mediterana. Festival okuplja vi\u0161e od 100 izlaga\u010da iz 8 dr\u017eava te se profilirao kao nezaobilazna platforma za predstavljanje vina u predsezoni, u trenutku kada se formira ponuda za iznimno va\u017eno turisti\u010dko eno-gastronomsko tr\u017ei\u0161te Kvarnera.<\/p>\n\n\n\n<p data-block-type=\"core\">WineRi je oda mediteranskom na\u010dinu \u017eivota \u2013 kulturi vina, stola, susreta i u\u017eivanja \u2013 ali i sna\u017ean marketin\u0161ki alat za tr\u017ei\u0161ni proboj vina, namijenjen vinarima, HoReCa sektoru, vinskim profesionalcima i publici.<\/p>\n\n\n\n<p data-block-type=\"core\">U godini 2026., kada&nbsp;Kvarner&nbsp;nosi titulu Europske regije gastronomije, festival ulazi u novu fazu razvoja i djeluje pod imenom&nbsp;Kvarner&nbsp;International&nbsp;Wine&nbsp;Festival \u2013 WineRi, dodatno nagla\u0161avaju\u0107i svoju me\u0111unarodnu ulogu i strate\u0161ki zna\u010daj.<\/p>\n\n\n\n<p data-block-type=\"core\">U sklopu festivala, u vinoteci&nbsp;Wine&amp;Co, odr\u017eava se niz stru\u010dnih radionica i masterclassova, \u010dime WineRi potvr\u0111uje svoju profesionalnu i edukativnu dimenziju.<\/p>\n\n\n\n<div class=\"wp-block-stackable-spacer stk-block-spacer stk--no-padding stk-block stk-08d472d\" data-block-id=\"08d472d\"><style>.stk-08d472d {height:30px !important;}<\/style><\/div>\n\n\n\n\n\n<div class=\"wp-block-stackable-spacer stk-block-spacer stk--no-padding stk-block stk-f2be48b\" data-block-id=\"f2be48b\"><\/div>\n\n\n\n<div class=\"wp-block-stackable-button-group stk-block-button-group stk-block stk-ba30e4f\" data-block-id=\"ba30e4f\"><div class=\"stk-row stk-inner-blocks has-text-align-center stk-block-content stk-button-group\">\n<div class=\"wp-block-stackable-button stk-block-button clip1 stk-block stk-c89fd89\" data-block-id=\"c89fd89\"><style>.stk-c89fd89 {max-width:320px !important;min-width:auto !important;padding-top:0px !important;padding-right:0px !important;padding-bottom:0px !important;padding-left:0px !important;}.stk-c89fd89 .stk-button{padding-right:29px !important;padding-left:29px !important;background:var(--stk-global-color-75534, #719536) !important;}.stk-c89fd89 .stk-button__inner-text{color:#ffffff !important;}<\/style><a class=\"stk-link stk-button stk--hover-effect-darken\" href=\"\/prijava-wineri-2026\/\"><span class=\"has-text-color stk-button__inner-text\">Prijava izlaga\u010da na WineRi 2026<\/span><\/a><\/div>\n<\/div><\/div>\n\n\n\n<div class=\"wp-block-stackable-spacer stk-block-spacer stk--no-padding stk-block stk-a0c12d9\" data-block-id=\"a0c12d9\"><\/div>\n\n\n\n<figure class=\"wp-block-gallery has-nested-images columns-8 is-cropped wp-block-gallery-1 is-layout-flex wp-block-gallery-is-layout-flex\" data-block-type=\"core\">\n<figure class=\"wp-block-image size-thumbnail\" data-block-type=\"core\"><a href=\"https:\/\/kvarner.wine\/wp-content\/uploads\/2025\/01\/WineRi-2024-day-01-2.webp\"><img loading=\"lazy\" decoding=\"async\" width=\"300\" height=\"300\" data-id=\"1449\" src=\"https:\/\/kvarner.wine\/wp-content\/uploads\/2025\/01\/WineRi-2024-day-01-2-300x300.webp\" alt=\"\" class=\"wp-image-1449\" srcset=\"https:\/\/kvarner.wine\/wp-content\/uploads\/2025\/01\/WineRi-2024-day-01-2-300x300.webp 300w, https:\/\/kvarner.wine\/wp-content\/uploads\/2025\/01\/WineRi-2024-day-01-2-80x80.webp 80w\" sizes=\"auto, (max-width: 300px) 100vw, 300px\" \/><\/a><\/figure>\n\n\n\n<figure class=\"wp-block-image size-thumbnail\" data-block-type=\"core\"><a href=\"https:\/\/kvarner.wine\/wp-content\/uploads\/2025\/01\/WineRi-2024-day-01-15.webp\"><img loading=\"lazy\" decoding=\"async\" width=\"300\" height=\"300\" data-id=\"1459\" src=\"https:\/\/kvarner.wine\/wp-content\/uploads\/2025\/01\/WineRi-2024-day-01-15-300x300.webp\" alt=\"\" class=\"wp-image-1459\" srcset=\"https:\/\/kvarner.wine\/wp-content\/uploads\/2025\/01\/WineRi-2024-day-01-15-300x300.webp 300w, https:\/\/kvarner.wine\/wp-content\/uploads\/2025\/01\/WineRi-2024-day-01-15-80x80.webp 80w\" sizes=\"auto, (max-width: 300px) 100vw, 300px\" \/><\/a><\/figure>\n\n\n\n<figure class=\"wp-block-image size-thumbnail\" data-block-type=\"core\"><a href=\"https:\/\/kvarner.wine\/wp-content\/uploads\/2025\/01\/WineRi-2024-day-01-45.webp\"><img loading=\"lazy\" decoding=\"async\" width=\"300\" height=\"300\" data-id=\"1476\" src=\"https:\/\/kvarner.wine\/wp-content\/uploads\/2025\/01\/WineRi-2024-day-01-45-300x300.webp\" alt=\"\" class=\"wp-image-1476\" srcset=\"https:\/\/kvarner.wine\/wp-content\/uploads\/2025\/01\/WineRi-2024-day-01-45-300x300.webp 300w, https:\/\/kvarner.wine\/wp-content\/uploads\/2025\/01\/WineRi-2024-day-01-45-80x80.webp 80w\" sizes=\"auto, (max-width: 300px) 100vw, 300px\" \/><\/a><\/figure>\n\n\n\n<figure class=\"wp-block-image size-thumbnail\" data-block-type=\"core\"><a href=\"https:\/\/kvarner.wine\/wp-content\/uploads\/2025\/01\/WineRi-2024-day-01-58.webp\"><img loading=\"lazy\" decoding=\"async\" width=\"300\" height=\"300\" data-id=\"1483\" src=\"https:\/\/kvarner.wine\/wp-content\/uploads\/2025\/01\/WineRi-2024-day-01-58-300x300.webp\" alt=\"\" class=\"wp-image-1483\" srcset=\"https:\/\/kvarner.wine\/wp-content\/uploads\/2025\/01\/WineRi-2024-day-01-58-300x300.webp 300w, https:\/\/kvarner.wine\/wp-content\/uploads\/2025\/01\/WineRi-2024-day-01-58-80x80.webp 80w\" sizes=\"auto, (max-width: 300px) 100vw, 300px\" \/><\/a><\/figure>\n\n\n\n<figure class=\"wp-block-image size-thumbnail\" data-block-type=\"core\"><a href=\"https:\/\/kvarner.wine\/wp-content\/uploads\/2025\/01\/WineRi-2024-day-01-85.webp\"><img loading=\"lazy\" decoding=\"async\" width=\"300\" height=\"300\" data-id=\"1506\" src=\"https:\/\/kvarner.wine\/wp-content\/uploads\/2025\/01\/WineRi-2024-day-01-85-300x300.webp\" alt=\"\" class=\"wp-image-1506\" srcset=\"https:\/\/kvarner.wine\/wp-content\/uploads\/2025\/01\/WineRi-2024-day-01-85-300x300.webp 300w, https:\/\/kvarner.wine\/wp-content\/uploads\/2025\/01\/WineRi-2024-day-01-85-80x80.webp 80w\" sizes=\"auto, (max-width: 300px) 100vw, 300px\" \/><\/a><\/figure>\n\n\n\n<figure class=\"wp-block-image size-thumbnail\" data-block-type=\"core\"><a href=\"https:\/\/kvarner.wine\/wp-content\/uploads\/2025\/01\/WineRi-2024-day-01-98.webp\"><img loading=\"lazy\" decoding=\"async\" width=\"300\" height=\"300\" data-id=\"1518\" src=\"https:\/\/kvarner.wine\/wp-content\/uploads\/2025\/01\/WineRi-2024-day-01-98-300x300.webp\" alt=\"\" class=\"wp-image-1518\" srcset=\"https:\/\/kvarner.wine\/wp-content\/uploads\/2025\/01\/WineRi-2024-day-01-98-300x300.webp 300w, https:\/\/kvarner.wine\/wp-content\/uploads\/2025\/01\/WineRi-2024-day-01-98-80x80.webp 80w\" sizes=\"auto, (max-width: 300px) 100vw, 300px\" \/><\/a><\/figure>\n\n\n\n<figure class=\"wp-block-image size-thumbnail\" data-block-type=\"core\"><a href=\"https:\/\/kvarner.wine\/wp-content\/uploads\/2025\/01\/WineRi-2024-day-01-104.webp\"><img loading=\"lazy\" decoding=\"async\" width=\"300\" height=\"300\" data-id=\"1519\" src=\"https:\/\/kvarner.wine\/wp-content\/uploads\/2025\/01\/WineRi-2024-day-01-104-300x300.webp\" alt=\"\" class=\"wp-image-1519\" srcset=\"https:\/\/kvarner.wine\/wp-content\/uploads\/2025\/01\/WineRi-2024-day-01-104-300x300.webp 300w, https:\/\/kvarner.wine\/wp-content\/uploads\/2025\/01\/WineRi-2024-day-01-104-80x80.webp 80w\" sizes=\"auto, (max-width: 300px) 100vw, 300px\" \/><\/a><\/figure>\n\n\n\n<figure class=\"wp-block-image size-thumbnail\" data-block-type=\"core\"><a href=\"https:\/\/kvarner.wine\/wp-content\/uploads\/2025\/01\/WineRi-2024-day-01-119.webp\"><img loading=\"lazy\" decoding=\"async\" width=\"300\" height=\"300\" data-id=\"1534\" src=\"https:\/\/kvarner.wine\/wp-content\/uploads\/2025\/01\/WineRi-2024-day-01-119-300x300.webp\" alt=\"\" class=\"wp-image-1534\" srcset=\"https:\/\/kvarner.wine\/wp-content\/uploads\/2025\/01\/WineRi-2024-day-01-119-300x300.webp 300w, https:\/\/kvarner.wine\/wp-content\/uploads\/2025\/01\/WineRi-2024-day-01-119-80x80.webp 80w\" sizes=\"auto, (max-width: 300px) 100vw, 300px\" \/><\/a><\/figure>\n\n\n\n<figure class=\"wp-block-image size-thumbnail\" data-block-type=\"core\"><a href=\"https:\/\/kvarner.wine\/wp-content\/uploads\/2025\/01\/WineRi-2024-day-01-131.webp\"><img loading=\"lazy\" decoding=\"async\" width=\"300\" height=\"300\" data-id=\"1546\" src=\"https:\/\/kvarner.wine\/wp-content\/uploads\/2025\/01\/WineRi-2024-day-01-131-300x300.webp\" alt=\"\" class=\"wp-image-1546\" srcset=\"https:\/\/kvarner.wine\/wp-content\/uploads\/2025\/01\/WineRi-2024-day-01-131-300x300.webp 300w, https:\/\/kvarner.wine\/wp-content\/uploads\/2025\/01\/WineRi-2024-day-01-131-80x80.webp 80w\" sizes=\"auto, (max-width: 300px) 100vw, 300px\" \/><\/a><\/figure>\n\n\n\n<figure class=\"wp-block-image size-thumbnail\" data-block-type=\"core\"><a href=\"https:\/\/kvarner.wine\/wp-content\/uploads\/2025\/01\/WineRi-2024-day-01-133.webp\"><img loading=\"lazy\" decoding=\"async\" width=\"300\" height=\"300\" data-id=\"1548\" src=\"https:\/\/kvarner.wine\/wp-content\/uploads\/2025\/01\/WineRi-2024-day-01-133-300x300.webp\" alt=\"\" class=\"wp-image-1548\" srcset=\"https:\/\/kvarner.wine\/wp-content\/uploads\/2025\/01\/WineRi-2024-day-01-133-300x300.webp 300w, https:\/\/kvarner.wine\/wp-content\/uploads\/2025\/01\/WineRi-2024-day-01-133-80x80.webp 80w\" sizes=\"auto, (max-width: 300px) 100vw, 300px\" \/><\/a><\/figure>\n\n\n\n<figure class=\"wp-block-image size-thumbnail\" data-block-type=\"core\"><a href=\"https:\/\/kvarner.wine\/wp-content\/uploads\/2025\/01\/WineRi-2024-day-01-149.webp\"><img loading=\"lazy\" decoding=\"async\" width=\"300\" height=\"300\" data-id=\"1561\" src=\"https:\/\/kvarner.wine\/wp-content\/uploads\/2025\/01\/WineRi-2024-day-01-149-300x300.webp\" alt=\"\" class=\"wp-image-1561\" srcset=\"https:\/\/kvarner.wine\/wp-content\/uploads\/2025\/01\/WineRi-2024-day-01-149-300x300.webp 300w, https:\/\/kvarner.wine\/wp-content\/uploads\/2025\/01\/WineRi-2024-day-01-149-80x80.webp 80w\" sizes=\"auto, (max-width: 300px) 100vw, 300px\" \/><\/a><\/figure>\n\n\n\n<figure class=\"wp-block-image size-thumbnail\" data-block-type=\"core\"><a href=\"https:\/\/kvarner.wine\/wp-content\/uploads\/2025\/01\/WineRi-2024-day-02-3.webp\"><img loading=\"lazy\" decoding=\"async\" width=\"300\" height=\"300\" data-id=\"1584\" src=\"https:\/\/kvarner.wine\/wp-content\/uploads\/2025\/01\/WineRi-2024-day-02-3-300x300.webp\" alt=\"\" class=\"wp-image-1584\" srcset=\"https:\/\/kvarner.wine\/wp-content\/uploads\/2025\/01\/WineRi-2024-day-02-3-300x300.webp 300w, https:\/\/kvarner.wine\/wp-content\/uploads\/2025\/01\/WineRi-2024-day-02-3-80x80.webp 80w\" sizes=\"auto, (max-width: 300px) 100vw, 300px\" \/><\/a><\/figure>\n\n\n\n<figure class=\"wp-block-image size-thumbnail\" data-block-type=\"core\"><a href=\"https:\/\/kvarner.wine\/wp-content\/uploads\/2025\/01\/WineRi-2024-day-02-26.webp\"><img loading=\"lazy\" decoding=\"async\" width=\"300\" height=\"300\" data-id=\"1592\" src=\"https:\/\/kvarner.wine\/wp-content\/uploads\/2025\/01\/WineRi-2024-day-02-26-300x300.webp\" alt=\"\" class=\"wp-image-1592\" srcset=\"https:\/\/kvarner.wine\/wp-content\/uploads\/2025\/01\/WineRi-2024-day-02-26-300x300.webp 300w, https:\/\/kvarner.wine\/wp-content\/uploads\/2025\/01\/WineRi-2024-day-02-26-80x80.webp 80w\" sizes=\"auto, (max-width: 300px) 100vw, 300px\" \/><\/a><\/figure>\n\n\n\n<figure class=\"wp-block-image size-thumbnail\" data-block-type=\"core\"><a href=\"https:\/\/kvarner.wine\/wp-content\/uploads\/2025\/01\/WineRi-2024-day-02-28.webp\"><img loading=\"lazy\" decoding=\"async\" width=\"300\" height=\"300\" data-id=\"1594\" src=\"https:\/\/kvarner.wine\/wp-content\/uploads\/2025\/01\/WineRi-2024-day-02-28-300x300.webp\" alt=\"\" class=\"wp-image-1594\" srcset=\"https:\/\/kvarner.wine\/wp-content\/uploads\/2025\/01\/WineRi-2024-day-02-28-300x300.webp 300w, https:\/\/kvarner.wine\/wp-content\/uploads\/2025\/01\/WineRi-2024-day-02-28-80x80.webp 80w\" sizes=\"auto, (max-width: 300px) 100vw, 300px\" \/><\/a><\/figure>\n\n\n\n<figure class=\"wp-block-image size-thumbnail\" data-block-type=\"core\"><a href=\"https:\/\/kvarner.wine\/wp-content\/uploads\/2025\/01\/WineRi-2024-day-02-68.webp\"><img loading=\"lazy\" decoding=\"async\" width=\"300\" height=\"300\" data-id=\"1618\" src=\"https:\/\/kvarner.wine\/wp-content\/uploads\/2025\/01\/WineRi-2024-day-02-68-300x300.webp\" alt=\"\" class=\"wp-image-1618\" srcset=\"https:\/\/kvarner.wine\/wp-content\/uploads\/2025\/01\/WineRi-2024-day-02-68-300x300.webp 300w, https:\/\/kvarner.wine\/wp-content\/uploads\/2025\/01\/WineRi-2024-day-02-68-80x80.webp 80w\" sizes=\"auto, (max-width: 300px) 100vw, 300px\" \/><\/a><\/figure>\n\n\n\n<figure class=\"wp-block-image size-thumbnail\" data-block-type=\"core\"><a href=\"https:\/\/kvarner.wine\/wp-content\/uploads\/2025\/01\/WineRi-2024-day-02-64.webp\"><img loading=\"lazy\" decoding=\"async\" width=\"300\" height=\"300\" data-id=\"1616\" src=\"https:\/\/kvarner.wine\/wp-content\/uploads\/2025\/01\/WineRi-2024-day-02-64-300x300.webp\" alt=\"\" class=\"wp-image-1616\" srcset=\"https:\/\/kvarner.wine\/wp-content\/uploads\/2025\/01\/WineRi-2024-day-02-64-300x300.webp 300w, https:\/\/kvarner.wine\/wp-content\/uploads\/2025\/01\/WineRi-2024-day-02-64-80x80.webp 80w\" sizes=\"auto, (max-width: 300px) 100vw, 300px\" \/><\/a><\/figure>\n<\/figure>\n<\/div><\/div><\/div>\n<\/div><\/div>\n","protected":false},"excerpt":{"rendered":"<p>WineRi Kvarner\u00a0International\u00a0Wine\u00a0Festival \u2013 WineRi Me\u0111unarodni eno-gastro festival WineRi od 2017. godine pozicionira\u00a0Kvarner\u00a0kao jedno od klju\u010dnih vinsko-gastronomskih sredi\u0161ta Mediterana. Festival okuplja vi\u0161e od 100 izlaga\u010da iz 8 dr\u017eava te se profilirao kao nezaobilazna platforma za predstavljanje vina u predsezoni, u trenutku kada se formira ponuda za iznimno va\u017eno turisti\u010dko eno-gastronomsko tr\u017ei\u0161te Kvarnera. WineRi je oda mediteranskom [&hellip;]<\/p>\n","protected":false},"author":1,"featured_media":1705,"parent":0,"menu_order":0,"comment_status":"closed","ping_status":"closed","template":"","meta":{"_acf_changed":false,"iawp_total_views":4767,"footnotes":""},"class_list":["post-1704","page","type-page","status-publish","has-post-thumbnail","hentry"],"acf":[],"_links":{"self":[{"href":"https:\/\/kvarner.wine\/hr\/wp-json\/wp\/v2\/pages\/1704","targetHints":{"allow":["GET"]}}],"collection":[{"href":"https:\/\/kvarner.wine\/hr\/wp-json\/wp\/v2\/pages"}],"about":[{"href":"https:\/\/kvarner.wine\/hr\/wp-json\/wp\/v2\/types\/page"}],"author":[{"embeddable":true,"href":"https:\/\/kvarner.wine\/hr\/wp-json\/wp\/v2\/users\/1"}],"replies":[{"embeddable":true,"href":"https:\/\/kvarner.wine\/hr\/wp-json\/wp\/v2\/comments?post=1704"}],"version-history":[{"count":5,"href":"https:\/\/kvarner.wine\/hr\/wp-json\/wp\/v2\/pages\/1704\/revisions"}],"predecessor-version":[{"id":3259,"href":"https:\/\/kvarner.wine\/hr\/wp-json\/wp\/v2\/pages\/1704\/revisions\/3259"}],"wp:featuredmedia":[{"embeddable":true,"href":"https:\/\/kvarner.wine\/hr\/wp-json\/wp\/v2\/media\/1705"}],"wp:attachment":[{"href":"https:\/\/kvarner.wine\/hr\/wp-json\/wp\/v2\/media?parent=1704"}],"curies":[{"name":"wp","href":"https:\/\/api.w.org\/{rel}","templated":true}]}}