{"id":712,"date":"2024-12-30T15:39:38","date_gmt":"2024-12-30T15:39:38","guid":{"rendered":"https:\/\/kvarner.wine\/wp\/?page_id=712"},"modified":"2025-02-02T19:18:48","modified_gmt":"2025-02-02T19:18:48","slug":"okusi-kvarnera","status":"publish","type":"page","link":"https:\/\/kvarner.wine\/en\/okusi-kvarnera\/","title":{"rendered":"Tastes of Kvarner"},"content":{"rendered":"<div class=\"wp-block-stackable-columns alignfull stk-block-columns stk-block stk-4adbf2b stk-block-background stk--has-background-overlay\" data-block-id=\"4adbf2b\"><style>.stk-4adbf2b {background-image:url(https:\/\/kvarner.wine\/wp-content\/uploads\/2025\/01\/abeceda.webp) !important;background-attachment:fixed !important;background-position:top right !important;background-size:cover !important;padding-top:0px !important;padding-right:0px !important;padding-bottom:0px !important;padding-left:0px !important;margin-bottom:50px !important;}@media screen and (max-width: 1023px){.stk-4adbf2b {background-position:center center !important;background-repeat:no-repeat !important;}}@media screen and (max-width: 767px){.stk-4adbf2b {background-position:center right !important;background-size:cover !important;}}<\/style><div class=\"stk-row stk-inner-blocks stk-block-content stk-content-align stk-4adbf2b-column alignfull\">\n<div class=\"wp-block-stackable-column stk-block-column stk-column stk-block stk-dc7759b stk-block-background stk--has-background-overlay\" data-v=\"4\" data-block-id=\"dc7759b\"><style>.stk-dc7759b-container{margin-top:0px !important;margin-right:0px !important;margin-bottom:0px !important;margin-left:0px !important;min-height:420px !important;}.stk-dc7759b-inner-blocks{justify-content:flex-end !important;row-gap:0px !important;}.stk-dc7759b {background-color:transparent !important;}.stk-dc7759b:before{background-image:linear-gradient(54deg,rgb(192,182,64) 37%,rgba(191,181,63,0) 37%) !important;}<\/style><div class=\"stk-column-wrapper stk-block-column__content stk-container stk-dc7759b-container stk--no-background stk--no-padding\"><div class=\"stk--column-flex stk-block-content stk-inner-blocks stk-dc7759b-inner-blocks\">\n<div class=\"wp-block-stackable-text stk-block-text stk-block stk-c5876b1\" data-scroll-speed=\"5\" data-block-id=\"c5876b1\"><style>.stk-c5876b1 {padding-right:5em !important;padding-bottom:1em !important;padding-left:5em !important;}.stk-c5876b1 .stk-block-text__text{font-size:5rem !important;color:#ffffff !important;line-height:1em !important;}@media screen and (max-width: 1023px){.stk-c5876b1 .stk-block-text__text{font-size:5rem !important;}}@media screen and (max-width: 767px){.stk-c5876b1 {padding-top:16px !important;padding-right:16px !important;padding-bottom:16px !important;padding-left:16px !important;margin-top:0px !important;margin-right:0px !important;margin-bottom:0px !important;margin-left:0px !important;}.stk-c5876b1 .stk-block-text__text{font-size:60px !important;}}<\/style><p class=\"stk-block-text__text has-text-color has-text-align-left has-text-align-left-mobile\">Beautiful <br>diversity<br>taste of Kvarner<\/p><\/div>\n<\/div><\/div><\/div>\n<\/div><\/div>\n\n\n\n<div class=\"wp-block-stackable-columns stk-block-columns stk-block stk-6f924f0\" data-block-id=\"6f924f0\"><style>.stk-6f924f0-column{max-width:1440px !important;min-width:auto !important;margin-right:auto !important;margin-left:auto !important;--stk-columns-spacing:20px !important;}<\/style><div class=\"stk-row stk-inner-blocks stk-block-content stk-content-align stk-6f924f0-column\">\n<div class=\"wp-block-stackable-column stk-block-column stk-column stk-block stk-263ccfc\" data-v=\"4\" data-block-id=\"263ccfc\"><div class=\"stk-column-wrapper stk-block-column__content stk-container stk-263ccfc-container stk--no-background stk--no-padding\"><div class=\"stk-block-content stk-inner-blocks stk-263ccfc-inner-blocks\">\n<p class=\"has-drop-cap\" data-block-type=\"core\">Gastronomy is according to &quot;<em>Croatian Encyclopedia <\/em>\u201cthe skill of preparing dishes, expert knowledge of different dishes and methods of their preparation developed to the point of art; the cult of selected food and culinary knowledge\u201d. The gastronomy of a particular region therefore depends on the people who inhabit it and their culinary practices, which are shaped by customs and historical context, in interdependence with climate, soil, waters, plants and animals. The starting point of the beautiful diversity of flavors of the Primorje-Gorski Kotar County is the diversity of its three gastronomies: coastal, island and Gorski Kotar. The story of them goes far back in time, testifying to the natural resources of the region and the craftsmanship and culinary creativity of its inhabitants.<\/p>\n\n\n\n<p data-block-type=\"core\">The gastronomy of the coastal cuisine (Opatija Riviera, Rijeka and its ring, Crikvenica-Vinodol Riviera) has been shaped by the lives of people between the mountainous hinterland and the coast. Throughout history, various influences have mixed in this region: the court cuisine of the Frankopan princes, the bourgeois cuisine of the inhabitants of Austrian, Czech and Hungarian roots, and the folk cuisine of fishermen and farmers. Cereals, fruit, vegetables and vines are grown in the fertile valleys of the karst terrain. People use dry stone walls to turn the steep coasts towards the sea into terraced gardens, and the food is \u201clined up\u201d here and grown at certain altitudes. Right next to the sea are olive groves and fig trees, followed by orchards <em>chestnut<\/em> and cherries, then come vineyards and vegetable crops with <em>peach<\/em> (a type of winter cabbage, a relative of cabbage and a cousin of kale) and a favorite <em>hood<\/em> (cabbage). Higher up are pastures for sheep and wild horses. The entire coastline is covered with medicinal and aromatic herbs \u2013 thyme, sage, laurel forests, rosemary, heather, wormwood, wild garlic shoots and asparagus. Torrential waters from the mountains carry leaves and organic material, causing the deposition of \u201cblue mud\u201d in the sea. It is an excellent habitat for Kvarner scampi, which, prepared on a grill or grilled, is considered one of the symbols of coastal cuisine.<\/p>\n\n\n\n<p data-block-type=\"core\">Along with shrimp, traditional dishes of this cuisine are <em>frittata<\/em> from asparagus, cooked <em>peach<\/em> with a little potato, &quot;turned&quot; in <em>fell<\/em> (in a frying pan) with olive oil or lard, polenta \u201ckumpirica\u201d with Grobnik cheese, Crikveni\u0161ka rupice, salty Bribirski <em>close friend<\/em> and fig jam, and a special category consists of <em>dumplings <\/em>what nature provides at that moment, seasonal vegetables and ingredients, is put into the pot. The refreshment of hot stew comes in many variations, for example in Crikvenica <em>trampolines<\/em>, <em>dumplings<\/em> from cuttlefish and <em>barley<\/em> with dried meat.<\/p>\n\n\n\n<p data-block-type=\"core\">Besides the small bluefish, only one large bluefish in the Primorje region is called a \u201cfish.\u201d It is tuna, and in the past, the people of Primorje caught it using a special technique: stationary nets combined with watchtowers on the coast \u2013 tuners.<\/p>\n\n\n\n<p data-block-type=\"core\">The island cuisine (the islands of Cres, Lo\u0161inj, Rab and Krk) is marked by the Venetian influence, the maritime and fishing connection with Italy, and the cuisine of the first tourist guesthouses and hotels. The first recipe books were created in the monastery kitchens.<\/p>\n\n\n\n<p data-block-type=\"core\">The natural features of this area are the karst soil, the bora wind and the summer heat. In the bora, the cold and dry winter wind, pork and mutton legs, tuna, tabinja, gof, menule, hake and octopus are dried. For the islanders, the sea is a \u201cmeadow\u201d from which come the delicacies of the sea: <em>frittata<\/em> of <em>stock<\/em> (dried octopus), squid stew with <em>peach<\/em> (<em>verses on the stove<\/em>), bonito in oil. It is important to highlight the salted fish that takes on the role of a spice: it enhances every dish and gives it character. The second island \u201cmeadow\u201d is the rocky hinterland: in coexistence with the olives Plominka, Slivnjaca and Orkul and fragrant sage, the island sheep live here in the open all year round \u2013 crosses of the coarse-haired local breed with the Merino. The sheep provide the milk for the curd from which Bodulski cheese is prepared on the island of Krk <em>presnac<\/em>. Kr\u010dka is obtained from sheep&#039;s milk <em>formajela<\/em> \u2013 small, extremely hard and dry sheep&#039;s cheese, made from Cres meat <em>hook<\/em> (sheep prosciutto) and Christmas Rab <em>stew<\/em> \u2013 mutton stewed with apples, prunes, figs and raisins, sweetened with sage honey and served with sauerkraut. The richness of island flavours is complemented by Rab almond-based cake.<\/p>\n\n\n\n<p data-block-type=\"core\">Krk is the &quot;breadbasket&quot; of island cuisine, and due to its proximity to the mainland, it also has a part of the coastal gastronomy heritage. Various types of pasta, primarily Krk pasta <em>\u0161urlice<\/em> and <em>macaroons<\/em> those Cres <em>bricks<\/em>, are the legacy of Venetian cuisine in island cuisine.<\/p>\n\n\n\n<p data-block-type=\"core\">The gastronomy of Gorski Kotar (Gorski Kotar), as we know it today, flourished in the 18th century, thanks to the roads that brought new inhabitants and formed larger settlements to this region of pre-Alpine climate, mountain passes and impenetrable forests. It is therefore not surprising that the Gorski Kotar table has always been filled with invigorating food that warms the body, gives energy and takes advantage of the benefits of forest, meadow and river habitats.<\/p>\n\n\n\n<p data-block-type=\"core\">The cuisine of Gorski Kotar is rich in spoon dishes that generously combine nutritious ingredients: green vegetables, beans, barley and meat (dried meat or sausages). Some of the most famous Gorski Kotar spoon dishes are venison goulash with hunter&#039;s bread dumplings, forest mushroom soup, sauerkraut with dried pork neck and pickled turnips with beans. The desserts echo Austro-Hungarian cuisine: puff pastry rolls filled with apples, fresh cheese or forest berries (wild blueberries, raspberries and blackberries). Winter bread is vital in this region: croquettes (<em>cracklings<\/em>) and <em>notch<\/em> are served with cooked cow&#039;s cheese, and sauerkraut and turnips with polenta, potato wedges baked with bacon, and as a side dish to meat dishes. Herbal teas sweetened with Gorski kotar honey and <em>honey<\/em> (honeydew). The abundance of Gorski Kotar gastronomy is rounded off by animal species that live in rich aquatic habitats, such as brown trout, frogs and snails.<\/p>\n<\/div><\/div><\/div>\n<\/div><\/div>","protected":false},"excerpt":{"rendered":"<p>Lijepa raznolikostokusa Kvarnera Gastronomija je prema \u201eHrvatskoj enciklopediji \u201c vje\u0161tina prire\u0111ivanja jela, stru\u010dno poznavanje razli\u010ditih jela i na\u010dina njihova pripremanja razvijeno do umije\u0107a; kult birane hrane i kulinarskoga znanja\u201d. Gastronomija pojedinoga kraja dakle ovisi o ljudima koji ga nastanjuju i njihovim kulinarskim praksama koje uobli\u010duju obi\u010daji i povijesni kontekst, u me\u0111uovisnosti s klimom, tlom, vodama, [&hellip;]<\/p>\n","protected":false},"author":1,"featured_media":2093,"parent":0,"menu_order":0,"comment_status":"closed","ping_status":"closed","template":"","meta":{"_acf_changed":false,"iawp_total_views":83,"footnotes":""},"class_list":["post-712","page","type-page","status-publish","has-post-thumbnail","hentry"],"acf":[],"_links":{"self":[{"href":"https:\/\/kvarner.wine\/en\/wp-json\/wp\/v2\/pages\/712","targetHints":{"allow":["GET"]}}],"collection":[{"href":"https:\/\/kvarner.wine\/en\/wp-json\/wp\/v2\/pages"}],"about":[{"href":"https:\/\/kvarner.wine\/en\/wp-json\/wp\/v2\/types\/page"}],"author":[{"embeddable":true,"href":"https:\/\/kvarner.wine\/en\/wp-json\/wp\/v2\/users\/1"}],"replies":[{"embeddable":true,"href":"https:\/\/kvarner.wine\/en\/wp-json\/wp\/v2\/comments?post=712"}],"version-history":[{"count":5,"href":"https:\/\/kvarner.wine\/en\/wp-json\/wp\/v2\/pages\/712\/revisions"}],"predecessor-version":[{"id":2139,"href":"https:\/\/kvarner.wine\/en\/wp-json\/wp\/v2\/pages\/712\/revisions\/2139"}],"wp:featuredmedia":[{"embeddable":true,"href":"https:\/\/kvarner.wine\/en\/wp-json\/wp\/v2\/media\/2093"}],"wp:attachment":[{"href":"https:\/\/kvarner.wine\/en\/wp-json\/wp\/v2\/media?parent=712"}],"curies":[{"name":"wp","href":"https:\/\/api.w.org\/{rel}","templated":true}]}}