{"id":489,"date":"2024-12-22T13:38:59","date_gmt":"2024-12-22T13:38:59","guid":{"rendered":"https:\/\/kvarner.wine\/wp\/?page_id=489"},"modified":"2025-02-02T19:12:03","modified_gmt":"2025-02-02T19:12:03","slug":"povijest","status":"publish","type":"page","link":"https:\/\/kvarner.wine\/en\/o-nama\/povijest\/","title":{"rendered":"History"},"content":{"rendered":"<div class=\"wp-block-stackable-columns alignfull stk-block-columns stk-block stk-4adbf2b stk-block-background stk--has-background-overlay\" data-block-id=\"4adbf2b\"><style>.stk-4adbf2b {background-image:url(https:\/\/kvarner.wine\/wp-content\/uploads\/2024\/12\/povijest_BSRGANx2.webp) !important;background-attachment:fixed !important;background-position:top right !important;background-size:cover !important;padding-top:0px !important;padding-right:0px !important;padding-bottom:0px !important;padding-left:0px !important;margin-bottom:50px !important;}@media screen and (max-width: 1023px){.stk-4adbf2b {background-position:center center !important;background-repeat:no-repeat !important;}}<\/style><div class=\"stk-row stk-inner-blocks stk-block-content stk-content-align stk-4adbf2b-column alignfull\">\n<div class=\"wp-block-stackable-column stk-block-column stk-column stk-block stk-dc7759b stk-block-background stk--has-background-overlay\" data-v=\"4\" data-block-id=\"dc7759b\"><style>.stk-dc7759b-container{margin-top:0px !important;margin-right:0px !important;margin-bottom:0px !important;margin-left:0px !important;min-height:420px !important;}.stk-dc7759b-inner-blocks{justify-content:flex-end !important;row-gap:0px !important;}.stk-dc7759b {background-color:transparent !important;}.stk-dc7759b:before{background-image:linear-gradient(54deg,rgb(192,182,64) 37%,rgba(191,181,63,0) 37%) !important;}<\/style><div class=\"stk-column-wrapper stk-block-column__content stk-container stk-dc7759b-container stk--no-background stk--no-padding\"><div class=\"stk--column-flex stk-block-content stk-inner-blocks stk-dc7759b-inner-blocks\">\n<div class=\"wp-block-stackable-text stk-block-text stk-block stk-c5876b1\" data-scroll-speed=\"5\" data-block-id=\"c5876b1\"><style>.stk-c5876b1 {padding-right:5em !important;padding-bottom:1em !important;padding-left:5em !important;}.stk-c5876b1 .stk-block-text__text{font-size:5rem !important;color:#ffffff !important;line-height:1em !important;}@media screen and (max-width: 1023px){.stk-c5876b1 .stk-block-text__text{font-size:5rem !important;}}@media screen and (max-width: 767px){.stk-c5876b1 {padding-top:16px !important;padding-right:16px !important;padding-bottom:16px !important;padding-left:16px !important;margin-top:0px !important;margin-right:0px !important;margin-bottom:0px !important;margin-left:0px !important;}.stk-c5876b1 .stk-block-text__text{font-size:60px !important;}}<\/style><p class=\"stk-block-text__text has-text-color has-text-align-left has-text-align-left-mobile\">History<\/p><\/div>\n<\/div><\/div><\/div>\n<\/div><\/div>\n\n\n\n<div class=\"wp-block-stackable-columns stk-block-columns stk-block stk-6f924f0\" data-block-id=\"6f924f0\"><style>.stk-6f924f0-column{max-width:1660px !important;min-width:auto !important;margin-right:auto !important;margin-left:auto !important;--stk-columns-spacing:16px !important;}<\/style><div class=\"stk-row stk-inner-blocks stk-block-content stk-content-align stk-6f924f0-column\">\n<div class=\"wp-block-stackable-column stk-block-column stk-column stk-block stk-263ccfc\" data-v=\"4\" data-block-id=\"263ccfc\"><div class=\"stk-column-wrapper stk-block-column__content stk-container stk-263ccfc-container stk--no-background stk--no-padding\"><div class=\"stk-block-content stk-inner-blocks stk-263ccfc-inner-blocks\">\n<div class=\"wp-block-stackable-text stk-block-text stk-block stk-46a2a37\" data-block-id=\"46a2a37\"><style>.stk-46a2a37 .stk-block-text__text{color:var(--stk-global-color-19321, #333333) !important;}<\/style><p class=\"stk-block-text__text has-text-color\">According to Prof. Zaninovi\u0107, it is indisputable that the ancient inhabitants of Kvarner, the Liburnians, produced wine. The tradition was continued and perfected by the Romans who came to Kvarner and built their rustic villas. The name Pucinum and its famous wines are also associated with the Kvarner region, to whose properties the Empress Livy, wife of Emperor Julius Augustus, can thank for her longevity (86 years). Numerous grants and documents speak of vineyards, viticulture and wine production (the Vinodol Code and the Statutes of Krk, Vrbnik and Rijeka), while vineyards on the island of Krk were first mentioned in 1163. Medieval Croats, led by the Benedictines, undoubtedly produced wine not only for liturgical needs (Ba\u0161\u0107anska plo\u010da). The beginning of intensive grape cultivation in the Bakar Bay area was encouraged by Empress Maria Theresa, and Alberto Fortis reported in 1774 that on Krk &quot;more than 24,000 barrels of wine for export were made&quot; (a Venetian barrel is 64.39 liters, which means that the people of Krk were already exporting 1,550,000 liters of wine without their own consumption). Before the arrival of phylloxera, and even today, grapevines were the first agricultural crop in Kvarner. The Kvarner area had large areas under grapevines before the arrival of phylloxera: the Su\u0161ak district had 367 ha, the area of the City of Bakar had 38 ha, Vinodol had 573 ha, and the Krk district had 2,360 ha. It is interesting that in 1903, 87% of the total area of the island of Susak was under grapevines, or 327 ha.<\/p><\/div>\n\n\n\n<div class=\"wp-block-stackable-heading stk-block-heading stk-block-heading--v2 stk-block stk-7a90ff3\" id=\"danas\" data-block-id=\"7a90ff3\"><style>.stk-7a90ff3 .stk-block-heading__text{color:var(--stk-global-color-55114, #c0b640) !important;}<\/style><h2 class=\"stk-block-heading__text has-text-color\">Today<\/h2><\/div>\n\n\n\n<div class=\"wp-block-stackable-text stk-block-text stk-block stk-ad74d9f\" data-block-id=\"ad74d9f\"><style>.stk-ad74d9f .stk-block-text__text{color:var(--stk-global-color-19321, #333333) !important;}<\/style><p class=\"stk-block-text__text has-text-color\">The Kvarner region produces more than 2 million liters of wine annually, and according to data from the Croatian Institute of Wine and Spirits, more than 200 hectares of vineyards are planted, of which about 150 hectares are planted with the \u017dlahtina variety. Almost all Kvarner wine producers produce sparkling wine, and the region ranks third in sparkling wine production in Croatia with an annual production of over 50,000 bottles of sparkling wine. All wineries, or rather wines and sparkling wines, achieve notable results at domestic and international competitions and exhibitions, which shows that Kvarner is a great <em>soil<\/em> for top-quality products<\/p><\/div>\n<\/div><\/div><\/div>\n<\/div><\/div>","protected":false},"excerpt":{"rendered":"<p>Povijest Prema prof. Zaninovi\u0107u nije sporno da su prastanovnici Kvarnera, Liburni, proizvodili vino. Tradiciju nastavljaju i usavr\u0161avaju Rimljani koji dolaze na Kvarner i grade svoje vile rustike. Za podru\u010dje Kvarnera vezano je i ime Pucinum te njegova \u010duvena vina \u010dijim svojstvima svoju dugovje\u010dnost (86 godina) mo\u017ee zahvaliti carica Livija, supruga cara Julia Augusta. O vinogradima [&hellip;]<\/p>\n","protected":false},"author":1,"featured_media":490,"parent":393,"menu_order":0,"comment_status":"closed","ping_status":"closed","template":"","meta":{"_acf_changed":false,"iawp_total_views":24,"footnotes":""},"class_list":["post-489","page","type-page","status-publish","has-post-thumbnail","hentry"],"acf":[],"_links":{"self":[{"href":"https:\/\/kvarner.wine\/en\/wp-json\/wp\/v2\/pages\/489","targetHints":{"allow":["GET"]}}],"collection":[{"href":"https:\/\/kvarner.wine\/en\/wp-json\/wp\/v2\/pages"}],"about":[{"href":"https:\/\/kvarner.wine\/en\/wp-json\/wp\/v2\/types\/page"}],"author":[{"embeddable":true,"href":"https:\/\/kvarner.wine\/en\/wp-json\/wp\/v2\/users\/1"}],"replies":[{"embeddable":true,"href":"https:\/\/kvarner.wine\/en\/wp-json\/wp\/v2\/comments?post=489"}],"version-history":[{"count":2,"href":"https:\/\/kvarner.wine\/en\/wp-json\/wp\/v2\/pages\/489\/revisions"}],"predecessor-version":[{"id":492,"href":"https:\/\/kvarner.wine\/en\/wp-json\/wp\/v2\/pages\/489\/revisions\/492"}],"up":[{"embeddable":true,"href":"https:\/\/kvarner.wine\/en\/wp-json\/wp\/v2\/pages\/393"}],"wp:featuredmedia":[{"embeddable":true,"href":"https:\/\/kvarner.wine\/en\/wp-json\/wp\/v2\/media\/490"}],"wp:attachment":[{"href":"https:\/\/kvarner.wine\/en\/wp-json\/wp\/v2\/media?parent=489"}],"curies":[{"name":"wp","href":"https:\/\/api.w.org\/{rel}","templated":true}]}}