{"id":393,"date":"2024-12-18T17:30:55","date_gmt":"2024-12-18T17:30:55","guid":{"rendered":"https:\/\/kvarner.wine\/wp\/?page_id=393"},"modified":"2025-02-02T19:20:18","modified_gmt":"2025-02-02T19:20:18","slug":"o-nama","status":"publish","type":"page","link":"https:\/\/kvarner.wine\/en\/o-nama\/","title":{"rendered":"About us"},"content":{"rendered":"<div class=\"wp-block-stackable-columns alignfull stk-block-columns stk-block stk-4adbf2b stk-block-background stk--has-background-overlay\" data-block-id=\"4adbf2b\"><style>.stk-4adbf2b {background-image:url(https:\/\/kvarner.wine\/wp-content\/uploads\/2024\/12\/hero1-1920.webp) !important;background-attachment:fixed !important;background-position:center right !important;background-size:cover !important;padding-top:0px !important;padding-right:0px !important;padding-bottom:0px !important;padding-left:0px !important;margin-bottom:50px !important;}@media screen and (max-width: 1023px){.stk-4adbf2b {background-position:center center !important;background-repeat:no-repeat !important;}}<\/style><div class=\"stk-row stk-inner-blocks stk-block-content stk-content-align stk-4adbf2b-column alignfull\">\n<div class=\"wp-block-stackable-column stk-block-column stk-column stk-block stk-dc7759b stk-block-background stk--has-background-overlay\" data-v=\"4\" data-block-id=\"dc7759b\"><style>.stk-dc7759b-container{margin-top:0px !important;margin-right:0px !important;margin-bottom:0px !important;margin-left:0px !important;min-height:420px !important;}.stk-dc7759b-inner-blocks{justify-content:flex-end !important;row-gap:0px !important;}.stk-dc7759b {background-color:transparent !important;}.stk-dc7759b:before{background-image:linear-gradient(54deg,rgb(192,182,64) 37%,rgba(191,181,63,0) 37%) !important;}<\/style><div class=\"stk-column-wrapper stk-block-column__content stk-container stk-dc7759b-container stk--no-background stk--no-padding\"><div class=\"stk--column-flex stk-block-content stk-inner-blocks stk-dc7759b-inner-blocks\">\n<div class=\"wp-block-stackable-text stk-block-text stk-block stk-c5876b1\" data-scroll-speed=\"5\" data-block-id=\"c5876b1\"><style>.stk-c5876b1 {padding-right:5em !important;padding-bottom:1em !important;padding-left:5em !important;}.stk-c5876b1 .stk-block-text__text{font-size:5rem !important;color:#ffffff !important;line-height:0.8em !important;}@media screen and (max-width: 1023px){.stk-c5876b1 .stk-block-text__text{font-size:5rem !important;}}@media screen and (max-width: 767px){.stk-c5876b1 {padding-top:16px !important;padding-right:16px !important;padding-bottom:16px !important;padding-left:16px !important;margin-top:0px !important;margin-right:0px !important;margin-bottom:0px !important;margin-left:0px !important;}.stk-c5876b1 .stk-block-text__text{font-size:60px !important;}}<\/style><p class=\"stk-block-text__text has-text-color has-text-align-left has-text-align-left-mobile\">About us<\/p><\/div>\n<\/div><\/div><\/div>\n<\/div><\/div>\n\n\n\n<div class=\"wp-block-stackable-heading stk-block-heading stk-block-heading--v2 stk-block stk-41e0384\" id=\"udruzenje-kvarner-wines\" data-block-id=\"41e0384\"><style>.stk-41e0384 .stk-block-heading__text{font-size:64px !important;color:var(--stk-global-color-55114, #c0b640) !important;font-weight:500 !important;font-family:\"Charis SIL\", Sans-serif !important;}@media screen and (max-width: 1023px){.stk-41e0384 .stk-block-heading__text{font-size:50px !important;}}<\/style><h2 class=\"stk-block-heading__text has-text-color has-text-align-center\">Kvarner Wines Association<\/h2><\/div>\n\n\n\n<div class=\"wp-block-stackable-image stk-block-image stk-block stk-29f6e66\" data-block-id=\"29f6e66\"><style>.stk-29f6e66 .stk-img-wrapper{width:320px !important;}<\/style><figure><span class=\"stk-img-wrapper stk-image--shape-stretch\"><img loading=\"lazy\" decoding=\"async\" class=\"stk-img wp-image-6\" src=\"https:\/\/kvarner.wine\/wp-content\/uploads\/2024\/12\/logo.webp\" width=\"549\" height=\"347\"\/><\/span><\/figure><\/div>\n\n\n\n<div class=\"wp-block-stackable-columns stk-block-columns stk-block stk-6f924f0\" data-block-id=\"6f924f0\"><style>.stk-6f924f0-column{max-width:1660px !important;min-width:auto !important;margin-right:auto !important;margin-left:auto !important;--stk-columns-spacing:16px !important;}<\/style><div class=\"stk-row stk-inner-blocks stk-block-content stk-content-align stk-6f924f0-column\">\n<div class=\"wp-block-stackable-column stk-block-column stk-column stk-block stk-263ccfc\" data-v=\"4\" data-block-id=\"263ccfc\"><div class=\"stk-column-wrapper stk-block-column__content stk-container stk-263ccfc-container stk--no-background stk--no-padding\"><div class=\"stk-block-content stk-inner-blocks stk-263ccfc-inner-blocks\">\n<div class=\"wp-block-stackable-text stk-block-text stk-block stk-8ec693e\" data-block-id=\"8ec693e\"><style>.stk-8ec693e .stk-block-text__text{color:#444444 !important;}<\/style><p class=\"stk-block-text__text has-text-color\">Marketing-promotional Association of Kvarner Wines (English: Kvarner Wines Associations) was founded in 2021 as an informal association of three entities: Cooperative of Winemakers Producer Organization <strong><a href=\"https:\/\/kvarner.wine\/en\/o-nama\/zadruga-vina-kvarnera\/\" data-type=\"page\" data-id=\"398\">Wines of Kvarner<\/a><\/strong>, Association &quot;\u201e<strong>\u017dlahtina winegrowers and wine producers<\/strong>\u201c&quot; and the Association for the Protection, Preservation and Promotion of Indigenous Products and Original Customs &quot;\u201e<strong>Kvarner quality<\/strong>\u201c&quot;. The Association has a president with a one-year mandate and a professional director, and was founded with the aim of promoting wines from indigenous Kvarner grape varieties, the most famous and eno-gastronomically and consumer-friendly being: \u017dlahtina, Belica (a blend of indigenous white varieties Verdi\u0107, Mejsko Belo, Divjaka, Jarbola, Brajkovac), Jarbola, Troji\u0161\u0107ina and Sansigot. In addition to promotion, the Association is engaged in education about table culture, i.e. the organoleptic properties of wine, by organizing workshops, presentations, lectures and scientific conferences. Other producers of Kvarner food and agricultural products, primarily those protected such as olive oil from Krk and Cres, Krk prosciutto, Krk and Grobnik cheese, Bakar ba\u0161kot, brandies and liqueurs, but also producers of cured meat products and desserts, in order to present Kvarner as a whole as the eno-gastronomic nucleus of the Mediterranean way of life.<\/p><\/div>\n\n\n\n<div class=\"wp-block-stackable-text stk-block-text stk-block stk-432d0f1\" data-block-id=\"432d0f1\"><style>.stk-432d0f1 .stk-block-text__text{color:#444444 !important;}<\/style><p class=\"stk-block-text__text has-text-color\">The association participates in all significant eno-gastronomic events in Croatia and neighboring countries, and is the organizer of the International eno-gastronomic festival WineRi in Rijeka and co-organizer of Bela nedeja Kastav, Vrbnik Wine Days and Ru\u017eica Vinodol Novi Vinodolski.<\/p><\/div>\n\n\n\n<div class=\"wp-block-stackable-text stk-block-text stk-block stk-c898526\" data-block-id=\"c898526\"><style>.stk-c898526 .stk-block-text__text{color:#444444 !important;}<\/style><p class=\"stk-block-text__text has-text-color\">In addition to the Primorje-Gorski Kotar County, the biggest supporters of the work of the Kvarner Wines Association are: the Kvarner Tourist Board, which has been following the work of the association since its establishment and supports all activities, and the Croatian Tourist Board, the Center for Agriculture and Rural Development of the Primorje-Gorski Kotar County, namely Ka\u0161etica Primorje-Gorski Kotar County, and the Chamber of Crafts of the Primorje-Gorski Kotar County.<\/p><\/div>\n\n\n\n<div class=\"wp-block-stackable-text stk-block-text stk-block stk-66df71f\" data-block-id=\"66df71f\"><style>.stk-66df71f .stk-block-text__text{color:#444444 !important;}<\/style><p class=\"stk-block-text__text has-text-color\">The Kvarner Wines brand mark is a quality mark created by the Kvarner Tourist Board and awarded to members of the Association in March 2021. The Kvarner Wines brand mark is located on the premises of wineries and tasting rooms that are members of the Kvarner Wines Association, indicating to visitors that they are in a place where they can taste the indigenous wines of Kvarner recommended by the Kvarner Tourist Board.&nbsp;<\/p><\/div>\n\n\n\n<div class=\"wp-block-stackable-text stk-block-text stk-block stk-ff52b55\" data-block-id=\"ff52b55\"><style>.stk-ff52b55 .stk-block-text__text{color:#444444 !important;}<\/style><p class=\"stk-block-text__text has-text-color\">Today, Kvarner is an interesting and successful wine destination, the third Croatian wine region in terms of sparkling wine production, made from Kvarner varieties. By following the &quot;Kvarner Wines&quot; labels, guests can also create a wine tour according to their wishes.<\/p><\/div>\n<\/div><\/div><\/div>\n<\/div><\/div>","protected":false},"excerpt":{"rendered":"<p>O nama Udru\u017eenje Kvarner Wines Marketin\u0161ko \u2013 promocijsko Udru\u017eenje Vina Kvarnera (engl. Kvarner Wines Associations) osnovano je 2021. godine kao neformalno udru\u017eenje triju subjekata: Zadruga vinara Proizvo\u0111a\u010dka organizacija Vina Kvarnera, Udruga \u201e\u017dlahtina vinogradari i proizvo\u0111a\u010di vina\u201c i Udruga za za\u0161titu, o\u010duvanje i promociju autohtonih proizvoda i izvornih obi\u010daja \u201eKvarnerska kvaliteta\u201c. Udru\u017eenje ima predsjednika s jednogodi\u0161njim [&hellip;]<\/p>\n","protected":false},"author":1,"featured_media":7,"parent":0,"menu_order":0,"comment_status":"closed","ping_status":"closed","template":"","meta":{"_acf_changed":false,"iawp_total_views":284,"footnotes":""},"class_list":["post-393","page","type-page","status-publish","has-post-thumbnail","hentry"],"acf":[],"_links":{"self":[{"href":"https:\/\/kvarner.wine\/en\/wp-json\/wp\/v2\/pages\/393","targetHints":{"allow":["GET"]}}],"collection":[{"href":"https:\/\/kvarner.wine\/en\/wp-json\/wp\/v2\/pages"}],"about":[{"href":"https:\/\/kvarner.wine\/en\/wp-json\/wp\/v2\/types\/page"}],"author":[{"embeddable":true,"href":"https:\/\/kvarner.wine\/en\/wp-json\/wp\/v2\/users\/1"}],"replies":[{"embeddable":true,"href":"https:\/\/kvarner.wine\/en\/wp-json\/wp\/v2\/comments?post=393"}],"version-history":[{"count":5,"href":"https:\/\/kvarner.wine\/en\/wp-json\/wp\/v2\/pages\/393\/revisions"}],"predecessor-version":[{"id":418,"href":"https:\/\/kvarner.wine\/en\/wp-json\/wp\/v2\/pages\/393\/revisions\/418"}],"wp:featuredmedia":[{"embeddable":true,"href":"https:\/\/kvarner.wine\/en\/wp-json\/wp\/v2\/media\/7"}],"wp:attachment":[{"href":"https:\/\/kvarner.wine\/en\/wp-json\/wp\/v2\/media?parent=393"}],"curies":[{"name":"wp","href":"https:\/\/api.w.org\/{rel}","templated":true}]}}