{"id":2328,"date":"2025-02-22T13:48:54","date_gmt":"2025-02-22T13:48:54","guid":{"rendered":"https:\/\/kvarner.wine\/?page_id=2328"},"modified":"2025-03-27T14:03:21","modified_gmt":"2025-03-27T14:03:21","slug":"shop","status":"publish","type":"page","link":"https:\/\/kvarner.wine\/en\/shop\/","title":{"rendered":"Shop"},"content":{"rendered":"\n<div class=\"wp-block-stackable-columns alignfull stk-block-columns stk-block stk-4adbf2b stk-block-background stk--has-background-overlay\" data-block-id=\"4adbf2b\"><style>.stk-4adbf2b {background-image:url(https:\/\/kvarner.wine\/wp-content\/uploads\/2025\/03\/header-shop_2.webp) !important;padding-top:0px !important;padding-right:0px !important;padding-bottom:0px !important;padding-left:0px !important;margin-bottom:50px !important;}<\/style><div class=\"stk-row stk-inner-blocks stk-block-content stk-content-align stk-4adbf2b-column alignfull\">\n<div class=\"wp-block-stackable-column stk-block-column stk-column stk-block stk-dc7759b stk-block-background stk--has-background-overlay\" data-v=\"4\" data-block-id=\"dc7759b\"><style>.stk-dc7759b-container{margin-top:0px !important;margin-right:0px !important;margin-bottom:0px !important;margin-left:0px !important;min-height:420px !important;}.stk-dc7759b-inner-blocks{justify-content:flex-end !important;row-gap:0px !important;}.stk-dc7759b {background-color:transparent !important;}.stk-dc7759b:before{background-image:linear-gradient(54deg,rgb(192,182,64) 37%,rgba(191,181,63,0) 37%) !important;}<\/style><div class=\"stk-column-wrapper stk-block-column__content stk-container stk-dc7759b-container stk--no-background stk--no-padding\"><div class=\"stk--column-flex stk-block-content stk-inner-blocks stk-dc7759b-inner-blocks\">\n<div class=\"wp-block-stackable-text stk-block-text stk-block stk-c5876b1\" data-scroll-speed=\"5\" data-block-id=\"c5876b1\"><style>.stk-c5876b1 {padding-right:5em !important;padding-bottom:1em !important;padding-left:5em !important;}.stk-c5876b1 .stk-block-text__text{font-size:5rem !important;color:#ffffff !important;line-height:1em !important;}@media screen and (max-width: 1023px){.stk-c5876b1 .stk-block-text__text{font-size:5rem !important;}}@media screen and (max-width: 767px){.stk-c5876b1 {padding-top:16px !important;padding-right:16px !important;padding-bottom:16px !important;padding-left:16px !important;margin-top:0px !important;margin-right:0px !important;margin-bottom:0px !important;margin-left:0px !important;}.stk-c5876b1 .stk-block-text__text{font-size:60px !important;}}<\/style><p class=\"stk-block-text__text has-text-color has-text-align-left has-text-align-left-mobile\">Shop<\/p><\/div>\n<\/div><\/div><\/div>\n<\/div><\/div>\n\n\n\n<div class=\"wp-block-stackable-columns stk-block-columns stk-block stk-6f924f0\" data-block-id=\"6f924f0\"><style>.stk-6f924f0-column{max-width:960px !important;min-width:auto !important;margin-right:auto !important;margin-left:auto !important;--stk-columns-spacing:16px !important;}<\/style><div class=\"stk-row stk-inner-blocks stk-block-content stk-content-align stk-6f924f0-column\">\n<div class=\"wp-block-stackable-column stk-block-column stk-column stk-block stk-263ccfc\" data-v=\"4\" data-block-id=\"263ccfc\"><div class=\"stk-column-wrapper stk-block-column__content stk-container stk-263ccfc-container stk--no-background stk--no-padding\"><div class=\"stk-block-content stk-inner-blocks stk-263ccfc-inner-blocks\">\n<div class=\"wp-block-stackable-text stk-block-text stk-block stk-0cd8fc1\" data-block-id=\"0cd8fc1\"><style>.stk-0cd8fc1 .stk-block-text__text{font-size:22px !important;color:#555555 !important;font-weight:400 !important;}@media screen and (max-width: 1023px){.stk-0cd8fc1 .stk-block-text__text{font-size:22px !important;}}<\/style><p class=\"stk-block-text__text has-text-color has-text-align-center\">Naru\u010dite kravatu, leptir ma\u0161nu, maramu ili naljepnicu!<\/p><\/div>\n\n\n\n<div class=\"wp-block-contact-form-7-contact-form-selector\">\n<div class=\"wpcf7 no-js\" id=\"wpcf7-f2336-o1\" lang=\"hr\" dir=\"ltr\" data-wpcf7-id=\"2336\">\n<div class=\"screen-reader-response\"><p role=\"status\" aria-live=\"polite\" aria-atomic=\"true\"><\/p> <ul><\/ul><\/div>\n<form action=\"\/en\/wp-json\/wp\/v2\/pages\/2328#wpcf7-f2336-o1\" method=\"post\" class=\"wpcf7-form init shop\" aria-label=\"Kontakt obrazac\" novalidate=\"novalidate\" data-status=\"init\">\n<fieldset class=\"hidden-fields-container\"><input type=\"hidden\" name=\"_wpcf7\" value=\"2336\" \/><input type=\"hidden\" name=\"_wpcf7_version\" value=\"6.1.5\" \/><input type=\"hidden\" name=\"_wpcf7_locale\" value=\"hr\" \/><input type=\"hidden\" name=\"_wpcf7_unit_tag\" value=\"wpcf7-f2336-o1\" \/><input type=\"hidden\" name=\"_wpcf7_container_post\" value=\"0\" \/><input type=\"hidden\" name=\"_wpcf7_posted_data_hash\" value=\"\" \/><input type=\"hidden\" name=\"_wpcf7cf_hidden_group_fields\" value=\"[]\" \/><input type=\"hidden\" name=\"_wpcf7cf_hidden_groups\" value=\"[]\" \/><input type=\"hidden\" name=\"_wpcf7cf_visible_groups\" value=\"[]\" \/><input type=\"hidden\" name=\"_wpcf7cf_repeaters\" value=\"[]\" \/><input type=\"hidden\" name=\"_wpcf7cf_steps\" value=\"{}\" \/><input type=\"hidden\" name=\"_wpcf7cf_options\" value=\"{&quot;form_id&quot;:2336,&quot;conditions&quot;:[{&quot;then_field&quot;:&quot;trophy-kolicina&quot;,&quot;and_rules&quot;:[{&quot;if_field&quot;:&quot;naljepnica-trophy-vrsta&quot;,&quot;operator&quot;:&quot;not empty&quot;,&quot;if_value&quot;:&quot;&quot;}]}],&quot;settings&quot;:{&quot;animation&quot;:&quot;yes&quot;,&quot;animation_intime&quot;:200,&quot;animation_outtime&quot;:200,&quot;conditions_ui&quot;:&quot;normal&quot;,&quot;notice_dismissed&quot;:false}}\" \/>\n<\/fieldset>\n<div style=\"text-align:center\">\n\t<p><small>PDV uklju\u010den u cijenu, po\u0161tarina besplatna<\/small>\n\t<\/p>\n<\/div>\n<div class=\"cf-cols cf-col-1-1-1\">\n\t<div>\n\t\t<p><a href=\"https:\/\/kvarner.wine\/wp-content\/uploads\/2025\/02\/Kravata.webp\"><img decoding=\"async\" src=\"https:\/\/kvarner.wine\/wp-content\/uploads\/2025\/02\/Kravata.webp\" \/><\/a>\n\t\t<\/p>\n\t\t<h3>Kravata Croata Kvarner Wines plava \/ bordo\n\t\t<\/h3>\n\t\t<p style=\"text-align:center\">80,00\u20ac\/kom\n\t\t<\/p>\n\t\t<p><small>Odaberite koli\u010dinu <\/small>\n\t\t<\/p>\n\t\t<div class=\"kolicina kravata\">\n\t\t\t<p><span class=\" brojevi min\">-<\/span><span class=\"wpcf7-form-control-wrap\" data-name=\"kravata\"><input class=\"wpcf7-form-control wpcf7-number wpcf7-validates-as-required wpcf7-validates-as-number\" min=\"0\" aria-required=\"true\" aria-invalid=\"false\" value=\"0\" type=\"number\" name=\"kravata\" \/><\/span><span class=\"brojevi plus\">+<\/span>\n\t\t\t<\/p>\n\t\t<\/div>\n\t<\/div>\n\t<div>\n\t\t<p><a href=\"https:\/\/kvarner.wine\/wp-content\/uploads\/2025\/02\/Leptir-kravata.webp\"><img decoding=\"async\" src=\"https:\/\/kvarner.wine\/wp-content\/uploads\/2025\/02\/Leptir-kravata.webp\" \/><\/a>\n\t\t<\/p>\n\t\t<h3>Leptir ma\u0161na Croata Kvarner Wines\n\t\t<\/h3>\n\t\t<p style=\"text-align:center\">40,00\u20ac\/kom\n\t\t<\/p>\n\t\t<p><small style=\"text-align:center\">Odaberite koli\u010dinu<\/small>\n\t\t<\/p>\n\t\t<div class=\"kolicina leptir\">\n\t\t\t<p><span class=\" brojevi min\">-<\/span><span class=\"wpcf7-form-control-wrap\" data-name=\"leptir-masna\"><input class=\"wpcf7-form-control wpcf7-number wpcf7-validates-as-required wpcf7-validates-as-number\" min=\"0\" aria-required=\"true\" aria-invalid=\"false\" value=\"0\" type=\"number\" name=\"leptir-masna\" \/><\/span><span class=\"brojevi plus\">+<\/span>\n\t\t\t<\/p>\n\t\t<\/div>\n\t<\/div>\n\t<div>\n\t\t<p><a href=\"https:\/\/kvarner.wine\/wp-content\/uploads\/2025\/02\/Marama-.webp\"><img decoding=\"async\" src=\"https:\/\/kvarner.wine\/wp-content\/uploads\/2025\/02\/Marama-.webp\" \/><\/a>\n\t\t<\/p>\n\t\t<h3>Marama Croata Kvarner Wines\n\t\t<\/h3>\n\t\t<p style=\"text-align:center\">80,00\u20ac\/kom\n\t\t<\/p>\n\t\t<p><small style=\"text-align:center\">Odaberite koli\u010dinu <\/small>\n\t\t<\/p>\n\t\t<div class=\"kolicina marama\">\n\t\t\t<p><span class=\" brojevi min\">-<\/span><span class=\"wpcf7-form-control-wrap\" data-name=\"marama\"><input class=\"wpcf7-form-control wpcf7-number wpcf7-validates-as-required wpcf7-validates-as-number\" min=\"0\" aria-required=\"true\" aria-invalid=\"false\" value=\"0\" type=\"number\" name=\"marama\" \/><\/span><span class=\"brojevi plus\">+<\/span>\n\t\t\t<\/p>\n\t\t<\/div>\n\t<\/div>\n\t<div>\n\t\t<p><a href=\"https:\/\/kvarner.wine\/wp-content\/uploads\/2026\/04\/kt-diamond.webp\"><img decoding=\"async\" src=\"https:\/\/kvarner.wine\/wp-content\/uploads\/2026\/04\/kt-diamond.webp\" \/><\/a>\n\t\t<\/p>\n\t\t<h3>Diamond naljepnica\n\t\t<\/h3>\n\t\t<div style=\"text-align:center;\">\n\t\t\t<p><small style=\"white-space: pre-wrap;\">100 kom = 50,00\u20ac<br \/>\n500 kom = 62,50\u20ac<br \/>\n1000 kom = 100,00\u20ac<br \/>\n2000 kom = 150,00\u20ac<br \/>\n5000 kom = 312,00\u20ac<\/small>\n\t\t\t<\/p>\n\t\t<\/div>\n\t\t<p><span class=\"wpcf7-form-control-wrap\" data-name=\"naljepnica-diamond-kolicina\"><select class=\"wpcf7-form-control wpcf7-select wpcf7-validates-as-required naljepnice-kol\" aria-required=\"true\" aria-invalid=\"false\" name=\"naljepnica-diamond-kolicina\"><option value=\"\">Odaberite koli\u010dinu<\/option><option value=\"100\">100<\/option><option value=\"500\">500<\/option><option value=\"1000\">1000<\/option><option value=\"2000\">2000<\/option><option value=\"5000\">5000<\/option><\/select><\/span>\n\t\t<\/p>\n\t<\/div>\n\t<div>\n\t\t<p><a href=\"https:\/\/kvarner.wine\/wp-content\/uploads\/2026\/04\/kt-gold.webp\"><img decoding=\"async\" src=\"https:\/\/kvarner.wine\/wp-content\/uploads\/2026\/04\/kt-gold.webp\" \/><\/a>\n\t\t<\/p>\n\t\t<h3>Gold naljepnica\n\t\t<\/h3>\n\t\t<div style=\"text-align:center;\">\n\t\t\t<p><small style=\"white-space: pre-wrap;\">100 kom = 50,00\u20ac<br \/>\n500 kom = 62,50\u20ac<br \/>\n1000 kom = 100,00\u20ac<br \/>\n2000 kom = 150,00\u20ac<br \/>\n5000 kom = 312,00\u20ac<\/small>\n\t\t\t<\/p>\n\t\t<\/div>\n\t\t<p><span class=\"wpcf7-form-control-wrap\" data-name=\"naljepnica-gold-kolicina\"><select class=\"wpcf7-form-control wpcf7-select wpcf7-validates-as-required naljepnice-kol\" aria-required=\"true\" aria-invalid=\"false\" name=\"naljepnica-gold-kolicina\"><option value=\"\">Odaberite koli\u010dinu<\/option><option value=\"100\">100<\/option><option value=\"500\">500<\/option><option value=\"1000\">1000<\/option><option value=\"2000\">2000<\/option><option value=\"5000\">5000<\/option><\/select><\/span>\n\t\t<\/p>\n\t<\/div>\n\t<div>\n\t\t<p><a href=\"https:\/\/kvarner.wine\/wp-content\/uploads\/2026\/04\/kt-silver.webp\"><img decoding=\"async\" src=\"https:\/\/kvarner.wine\/wp-content\/uploads\/2026\/04\/kt-silver.webp\" \/><\/a>\n\t\t<\/p>\n\t\t<h3>Silver naljepnica\n\t\t<\/h3>\n\t\t<div style=\"text-align:center;\">\n\t\t\t<p><small style=\"white-space: pre-wrap;\">100 kom = 50,00\u20ac<br \/>\n500 kom = 62,50\u20ac<br \/>\n1000 kom = 100,00\u20ac<br \/>\n2000 kom = 150,00\u20ac<br \/>\n5000 kom = 312,00\u20ac<\/small>\n\t\t\t<\/p>\n\t\t<\/div>\n\t\t<p><span class=\"wpcf7-form-control-wrap\" data-name=\"naljepnica-silver-kolicina\"><select class=\"wpcf7-form-control wpcf7-select wpcf7-validates-as-required naljepnice-kol\" aria-required=\"true\" aria-invalid=\"false\" name=\"naljepnica-silver-kolicina\"><option value=\"\">Odaberite koli\u010dinu<\/option><option value=\"100\">100<\/option><option value=\"500\">500<\/option><option value=\"1000\">1000<\/option><option value=\"2000\">2000<\/option><option value=\"5000\">5000<\/option><\/select><\/span>\n\t\t<\/p>\n\t<\/div>\n\t<div>\n\t\t<p><a href=\"https:\/\/kvarner.wine\/wp-content\/uploads\/2026\/04\/kt-bronze.webp\"><img decoding=\"async\" src=\"https:\/\/kvarner.wine\/wp-content\/uploads\/2026\/04\/kt-bronze.webp\" \/><\/a>\n\t\t<\/p>\n\t\t<h3>Bronze naljepnica\n\t\t<\/h3>\n\t\t<div style=\"text-align:center;\">\n\t\t\t<p><small style=\"white-space: pre-wrap;\">100 kom = 50,00\u20ac<br \/>\n500 kom = 62,50\u20ac<br \/>\n1000 kom = 100,00\u20ac<br \/>\n2000 kom = 150,00\u20ac<br \/>\n5000 kom = 312,00\u20ac<\/small>\n\t\t\t<\/p>\n\t\t<\/div>\n\t\t<p><span class=\"wpcf7-form-control-wrap\" data-name=\"naljepnica-bronze-kolicina\"><select class=\"wpcf7-form-control wpcf7-select wpcf7-validates-as-required naljepnice-kol\" aria-required=\"true\" aria-invalid=\"false\" name=\"naljepnica-bronze-kolicina\"><option value=\"\">Odaberite koli\u010dinu<\/option><option value=\"100\">100<\/option><option value=\"500\">500<\/option><option value=\"1000\">1000<\/option><option value=\"2000\">2000<\/option><option value=\"5000\">5000<\/option><\/select><\/span>\n\t\t<\/p>\n\t<\/div>\n\t<div>\n\t\t<p><a href=\"https:\/\/kvarner.wine\/wp-content\/uploads\/2026\/04\/kt-red-sve-2026.webp\"><img decoding=\"async\" src=\"https:\/\/kvarner.wine\/wp-content\/uploads\/2026\/04\/kt-red-sve-2026.webp\" \/><\/a>\n\t\t<\/p>\n\t\t<h3>KIWT Trophy naljepnica\n\t\t<\/h3>\n\t\t<div style=\"text-align:center;\">\n\t\t\t<p><small style=\"white-space: pre-wrap;\">100 kom = 50,00\u20ac<br \/>\n500 kom = 62,50\u20ac<br \/>\n1000 kom = 100,00\u20ac<br \/>\n2000 kom = 150,00\u20ac<br \/>\n5000 kom = 312,00\u20ac<\/small>\n\t\t\t<\/p>\n\t\t<\/div>\n\t\t<p><span class=\"wpcf7-form-control-wrap\" data-name=\"naljepnica-trophy-vrsta\"><select class=\"wpcf7-form-control wpcf7-select\" aria-invalid=\"false\" name=\"naljepnica-trophy-vrsta\"><option value=\"\">Odaberite vrstu<\/option><option value=\"Kvarner International Wine Trophy\">Kvarner International Wine Trophy<\/option><option value=\"Kvarner International Sparkling Wine Trophy\">Kvarner International Sparkling Wine Trophy<\/option><option value=\"Kvarner International White Wine Trophy\">Kvarner International White Wine Trophy<\/option><option value=\"Kvarner International Rose Wine Trophy\">Kvarner International Rose Wine Trophy<\/option><option value=\"Kvarner International Red Wine Trophy\">Kvarner International Red Wine Trophy<\/option><option value=\"Kvarner International Orange Wine Trophy\">Kvarner International Orange Wine Trophy<\/option><option value=\"Kvarner International Eco Wine Trophy\">Kvarner International Eco Wine Trophy<\/option><option value=\"Slavonija i hrvatsko Podunavlje Wine Trophy\">Slavonija i hrvatsko Podunavlje Wine Trophy<\/option><option value=\"Hrvatska Istra i Kvarner Wine Trophy\">Hrvatska Istra i Kvarner Wine Trophy<\/option><option value=\"Dalmacija Wine Trophy\">Dalmacija Wine Trophy<\/option><option value=\"Bregovita Hrvatska Wine Trophy\">Bregovita Hrvatska Wine Trophy<\/option><option value=\"\u017dlahtina Kvarner Wines Queen\">\u017dlahtina Kvarner Wines Queen<\/option><option value=\"Croatian Native Wine Trophy\">Croatian Native Wine Trophy<\/option><option value=\"Special Award Ivan Sokoli\u0107\">Special Award Ivan Sokoli\u0107<\/option><option value=\"Kvarner International Spirit Trophy\">Kvarner International Spirit Trophy<\/option><option value=\"Kvarner International Fruit Spirit Trophy\">Kvarner International Fruit Spirit Trophy<\/option><option value=\"Kvarner International Aged Fruit Spirit Trophy\">Kvarner International Aged Fruit Spirit Trophy<\/option><option value=\"Kvarner International Liqueur Trophy\">Kvarner International Liqueur Trophy<\/option><option value=\"Kvarner International Gin Trophy\">Kvarner International Gin Trophy<\/option><option value=\"Kvarner International Wine Liqueur Trophy\">Kvarner International Wine Liqueur Trophy<\/option><option value=\"Special Award Franjo Pokorny\">Special Award Franjo Pokorny<\/option><option value=\"Wine Brandy Trophy\">Wine Brandy Trophy<\/option><\/select><\/span>\n\t\t<\/p>\n\t\t<div data-id=\"trophy-kolicina\" data-orig_data_id=\"trophy-kolicina\"  class=\"\" data-class=\"wpcf7cf_group\">\n\t\t\t<p><span class=\"wpcf7-form-control-wrap\" data-name=\"naljepnica-trophy-kolicina\"><select class=\"wpcf7-form-control wpcf7-select wpcf7-validates-as-required naljepnice-kol\" aria-required=\"true\" aria-invalid=\"false\" name=\"naljepnica-trophy-kolicina\"><option value=\"\">Odaberite koli\u010dinu<\/option><option value=\"100\">100<\/option><option value=\"500\">500<\/option><option value=\"1000\">1000<\/option><option value=\"2000\">2000<\/option><option value=\"5000\">5000<\/option><\/select><\/span>\n\t\t\t<\/p>\n\t\t<\/div>\n\t<\/div>\n<\/div>\n<div  class=\"cf-cols ukupnacijena cf-col-1\">\n\t<p><label>Ukupna cijena<br \/>\n<span class=\"wpcf7-form-control-wrap\" data-name=\"ukupna-cijena\"><input class=\"wpcf7-form-control wpcf7-number wpcf7-validates-as-number\" readonly=\"readonly\" aria-invalid=\"false\" value=\"0.00\" type=\"number\" name=\"ukupna-cijena\" \/><\/span><br \/>\n<\/label>\n\t<\/p>\n<\/div>\n<div class=\"cf-cols cf-col-1-1\">\n\t<div>\n\t\t<p><label>Ime i prezime*<br \/>\n<span class=\"wpcf7-form-control-wrap\" data-name=\"ime\"><input size=\"40\" maxlength=\"400\" class=\"wpcf7-form-control wpcf7-text wpcf7-validates-as-required\" autocomplete=\"name\" aria-required=\"true\" aria-invalid=\"false\" value=\"\" type=\"text\" name=\"ime\" \/><\/span><br \/>\n<\/label>\n\t\t<\/p>\n\t<\/div>\n\t<div>\n\t\t<p><label>OiB*<br \/>\n<span class=\"wpcf7-form-control-wrap\" data-name=\"oib\"><input class=\"wpcf7-form-control wpcf7-number wpcf7-validates-as-required wpcf7-validates-as-number\" max=\"99999999999\" aria-required=\"true\" aria-invalid=\"false\" value=\"\" type=\"number\" name=\"oib\" \/><\/span><br \/>\n<\/label>\n\t\t<\/p>\n\t<\/div>\n<\/div>\n<div class=\"cf-cols cf-col-1-1\">\n\t<p><label>Ulica i ku\u0107ni broj*<br \/>\n<span class=\"wpcf7-form-control-wrap\" data-name=\"adresa\"><input size=\"40\" maxlength=\"400\" class=\"wpcf7-form-control wpcf7-text wpcf7-validates-as-required\" autocomplete=\"address\" aria-required=\"true\" aria-invalid=\"false\" value=\"\" type=\"text\" name=\"adresa\" \/><\/span><br \/>\n<\/label>\n\t<\/p>\n\t<p><label>Broj po\u0161te, grad*<br \/>\n<span class=\"wpcf7-form-control-wrap\" data-name=\"mjesto\"><input size=\"40\" maxlength=\"400\" class=\"wpcf7-form-control wpcf7-text wpcf7-validates-as-required\" aria-required=\"true\" aria-invalid=\"false\" value=\"\" type=\"text\" name=\"mjesto\" \/><\/span><br \/>\n<\/label>\n\t<\/p>\n<\/div>\n<div class=\"cf-cols cf-col-1-1\">\n\t<p><label>E-po\u0161ta*<br \/>\n<span class=\"wpcf7-form-control-wrap\" data-name=\"your-email\"><input size=\"40\" maxlength=\"400\" class=\"wpcf7-form-control wpcf7-email wpcf7-validates-as-required wpcf7-text wpcf7-validates-as-email\" autocomplete=\"email\" aria-required=\"true\" aria-invalid=\"false\" value=\"\" type=\"email\" name=\"your-email\" \/><\/span><br \/>\n<\/label>\n\t<\/p>\n\t<p><label>Telefonski broj*<br \/>\n<span class=\"wpcf7-form-control-wrap\" data-name=\"telefon\"><input size=\"40\" maxlength=\"400\" class=\"wpcf7-form-control wpcf7-text wpcf7-validates-as-required\" aria-required=\"true\" aria-invalid=\"false\" value=\"\" type=\"text\" name=\"telefon\" \/><\/span><br \/>\n<\/label>\n\t<\/p>\n<\/div>\n<p><input class=\"wpcf7-form-control wpcf7-submit has-spinner\" type=\"submit\" value=\"Po\u0161alji\" \/>\n<\/p><div class=\"wpcf7-response-output\" aria-hidden=\"true\"><\/div>\n<\/form>\n<\/div>\n<\/div>\n\n\n\n<div class=\"wp-block-stackable-divider stk-block-divider stk-block stk-f951d0f is-style-bar\" data-block-id=\"f951d0f\"><style>.stk-f951d0f hr.stk-block-divider__hr{background:var(--stk-global-color-75534, #719536) !important;border-radius:calc(3px \/ 2) !important;height:3px !important;width:33% !important;}<\/style><hr class=\"stk-block-divider__hr\"\/><\/div>\n\n\n\n<div class=\"wp-block-stackable-text stk-block-text stk-block stk-f469ae4\" data-block-id=\"f469ae4\"><style>.stk-f469ae4 .stk-block-text__text{font-size:14px !important;color:var(--stk-global-color-19321, #333333) !important;}@media screen and (max-width: 1023px){.stk-f469ae4 .stk-block-text__text{font-size:14px !important;}}<\/style><p class=\"stk-block-text__text has-text-color has-text-align-center\">Nakon naru\u010divanja na Va\u0161u e-mail adresu \u0161aljemo poruku potvrde naru\u010divanja. <br>Odabrane proizvode \u0161aljemo nakon uplate ukupnog iznosa op\u0107om uplatnicom ili internet bankarstvom:<\/p><\/div>\n\n\n\n<div class=\"wp-block-stackable-text stk-block-text stk-block stk-b760e1b\" data-block-id=\"b760e1b\"><style>.stk-b760e1b .stk-block-text__text{font-size:18px !important;color:var(--stk-global-color-19321, #333333) !important;}@media screen and (max-width: 1023px){.stk-b760e1b .stk-block-text__text{font-size:18px !important;}}<\/style><p class=\"stk-block-text__text has-text-color has-text-align-center\"><strong>Kvarner Wines<\/strong><br>Frankopanska 1, 51516 Vrbnik, Croatia<br>OiB: 54779527786; SWIFT: PBZGHR2X<br>IBAN: HR7023400091111122232 (PBZ)<\/p><\/div>\n<\/div><\/div><\/div>\n<\/div><\/div>\n","protected":false},"excerpt":{"rendered":"<p>Shop Naru\u010dite kravatu, leptir ma\u0161nu, maramu ili naljepnicu! Nakon naru\u010divanja na Va\u0161u e-mail adresu \u0161aljemo poruku potvrde naru\u010divanja. Odabrane proizvode \u0161aljemo nakon uplate ukupnog iznosa op\u0107om uplatnicom ili internet bankarstvom: Kvarner WinesFrankopanska 1, 51516 Vrbnik, CroatiaOiB: 54779527786; SWIFT: PBZGHR2XIBAN: HR7023400091111122232 (PBZ)<\/p>","protected":false},"author":1,"featured_media":2684,"parent":0,"menu_order":0,"comment_status":"closed","ping_status":"closed","template":"stranica-shop.php","meta":{"_acf_changed":false,"iawp_total_views":670,"footnotes":""},"class_list":["post-2328","page","type-page","status-publish","has-post-thumbnail","hentry"],"acf":[],"_links":{"self":[{"href":"https:\/\/kvarner.wine\/en\/wp-json\/wp\/v2\/pages\/2328","targetHints":{"allow":["GET"]}}],"collection":[{"href":"https:\/\/kvarner.wine\/en\/wp-json\/wp\/v2\/pages"}],"about":[{"href":"https:\/\/kvarner.wine\/en\/wp-json\/wp\/v2\/types\/page"}],"author":[{"embeddable":true,"href":"https:\/\/kvarner.wine\/en\/wp-json\/wp\/v2\/users\/1"}],"replies":[{"embeddable":true,"href":"https:\/\/kvarner.wine\/en\/wp-json\/wp\/v2\/comments?post=2328"}],"version-history":[{"count":5,"href":"https:\/\/kvarner.wine\/en\/wp-json\/wp\/v2\/pages\/2328\/revisions"}],"predecessor-version":[{"id":2689,"href":"https:\/\/kvarner.wine\/en\/wp-json\/wp\/v2\/pages\/2328\/revisions\/2689"}],"wp:featuredmedia":[{"embeddable":true,"href":"https:\/\/kvarner.wine\/en\/wp-json\/wp\/v2\/media\/2684"}],"wp:attachment":[{"href":"https:\/\/kvarner.wine\/en\/wp-json\/wp\/v2\/media?parent=2328"}],"curies":[{"name":"wp","href":"https:\/\/api.w.org\/{rel}","templated":true}]}}