{"id":2035,"date":"2025-01-28T15:54:05","date_gmt":"2025-01-28T15:54:05","guid":{"rendered":"https:\/\/kvarner.wine\/?page_id=2035"},"modified":"2025-01-28T15:54:13","modified_gmt":"2025-01-28T15:54:13","slug":"belica","status":"publish","type":"page","link":"https:\/\/kvarner.wine\/en\/vinarstvo-i-vinogradarstvo\/belica\/","title":{"rendered":"Belica"},"content":{"rendered":"<div class=\"wp-block-stackable-columns alignfull stk-block-columns stk-block stk-4adbf2b stk-block-background stk--has-background-overlay\" data-block-id=\"4adbf2b\"><style>.stk-4adbf2b {background-image:url(https:\/\/kvarner.wine\/wp-content\/uploads\/2025\/01\/belica.webp) !important;background-attachment:fixed !important;background-position:center right !important;background-size:cover !important;padding-top:0px !important;padding-right:0px !important;padding-bottom:0px !important;padding-left:0px !important;margin-bottom:68px !important;}@media screen and (max-width: 1023px){.stk-4adbf2b {background-position:center center !important;background-repeat:no-repeat !important;}}@media screen and (max-width: 767px){.stk-4adbf2b {background-position:bottom center !important;background-size:cover !important;}}<\/style><div class=\"stk-row stk-inner-blocks stk-block-content stk-content-align stk-4adbf2b-column alignfull\">\n<div class=\"wp-block-stackable-column stk-block-column stk-column stk-block stk-dc7759b stk-block-background stk--has-background-overlay\" data-v=\"4\" data-block-id=\"dc7759b\"><style>.stk-dc7759b-container{margin-top:0px !important;margin-right:0px !important;margin-bottom:0px !important;margin-left:0px !important;min-height:420px !important;}.stk-dc7759b-inner-blocks{justify-content:flex-end !important;row-gap:0px !important;}.stk-dc7759b {background-color:transparent !important;}.stk-dc7759b:before{background-image:linear-gradient(54deg,rgb(192,182,64) 37%,rgba(191,181,63,0) 37%) !important;}<\/style><div class=\"stk-column-wrapper stk-block-column__content stk-container stk-dc7759b-container stk--no-background stk--no-padding\"><div class=\"stk--column-flex stk-block-content stk-inner-blocks stk-dc7759b-inner-blocks\">\n<div class=\"wp-block-stackable-text stk-block-text stk-block stk-c5876b1\" data-scroll-speed=\"5\" data-block-id=\"c5876b1\"><style>.stk-c5876b1 {padding-right:5em !important;padding-bottom:1em !important;padding-left:5em !important;margin-bottom:0px !important;}.stk-c5876b1 .stk-block-text__text{font-size:5rem !important;color:#ffffff !important;line-height:1em !important;}@media screen and (max-width: 1023px){.stk-c5876b1 .stk-block-text__text{font-size:5rem !important;}}@media screen and (max-width: 767px){.stk-c5876b1 {padding-top:16px !important;padding-right:16px !important;padding-bottom:16px !important;padding-left:16px !important;margin-top:0px !important;margin-right:0px !important;margin-bottom:0px !important;margin-left:0px !important;}.stk-c5876b1 .stk-block-text__text{font-size:46px !important;}}<\/style><p class=\"stk-block-text__text has-text-color has-text-align-left has-text-align-left-mobile\">Belica<\/p><\/div>\n<\/div><\/div><\/div>\n<\/div><\/div>\n\n\n\n<div class=\"wp-block-stackable-columns stk-block-columns stk-block stk-1109015\" data-block-id=\"1109015\"><style>.stk-1109015 .stk--block-align-1109015{align-items:center !important;}.stk-1109015-column{max-width:1420px !important;min-width:auto !important;margin-right:auto !important;margin-left:auto !important;}<\/style><div class=\"stk-row stk-inner-blocks stk--block-align-1109015 stk-block-content stk-content-align stk-1109015-column\">\n<div class=\"wp-block-stackable-column stk-block-column stk-column stk-block stk-f919758\" data-v=\"4\" data-block-id=\"f919758\"><style>@media screen and (min-width: 768px){.stk-f919758 {flex:var(--stk-flex-grow, 1) 1 calc(75% - var(--stk-column-gap, 0px) * 1 \/ 2 ) !important;}}<\/style><div class=\"stk-column-wrapper stk-block-column__content stk-container stk-f919758-container stk--no-background stk--no-padding\"><div class=\"stk-block-content stk-inner-blocks stk-f919758-inner-blocks\">\n<div class=\"wp-block-stackable-text stk-block-text stk-block stk-8f66b2f\" data-block-id=\"8f66b2f\"><style>.stk-8f66b2f .stk-block-text__text{color:var(--stk-global-color-19321, #333333) !important;}<\/style><p class=\"stk-block-text__text has-text-color has-text-align-justify\">To begin the story about Belica wine, it is crucial to start with the fact that Belica is not a grape variety, but rather a blend of several grape varieties. Namely, in a narrow area around the town of Kastav, the varieties that are combined in the production of Belica wine grow, namely Mejsko Belo (an indigenous variety of the Kastav region), Verdi\u0107, Divjaka (an indigenous variety of the Kastav region), Jarbola (an indigenous variety of the Kastav region), Malvasia (an indigenous variety of Istria and the Croatian Littoral) and Brajkovac (an indigenous variety of the Kastav region). Belica grows in the wine-growing region of Croatia Istria and Kvarner, in the sub-region of Kvarner and the Croatian Littoral, in the Opatija \u2013 Rijeka \u2013 Vinodol wine-growing area. Belica belongs to the group of neglected and somewhat endangered varieties, which means that some of its components were already on the verge of extinction. Today, these varieties are found in mixed plantations in the Kastav region, and Belica is also specific in that no vineyard in which the varieties that make up Belica are grown is identical or even similar to another.<\/p><\/div>\n<\/div><\/div><\/div>\n\n\n\n<div class=\"wp-block-stackable-column stk-block-column stk-column stk-block stk-569c150\" data-v=\"4\" data-block-id=\"569c150\"><style>@media screen and (min-width: 768px){.stk-569c150 {flex:var(--stk-flex-grow, 1) 1 calc(25% - var(--stk-column-gap, 0px) * 1 \/ 2 ) !important;}}<\/style><div class=\"stk-column-wrapper stk-block-column__content stk-container stk-569c150-container stk--no-background stk--no-padding\"><div class=\"stk-block-content stk-inner-blocks stk-569c150-inner-blocks\">\n<div class=\"wp-block-stackable-image stk-block-image stk-block stk-3cb9288\" data-block-id=\"3cb9288\"><style>.stk-3cb9288 {max-width:90% !important;min-width:auto !important;margin-right:auto !important;margin-left:auto !important;}.stk-3cb9288 .stk-img-wrapper{aspect-ratio:1\/1 !important;height:auto !important;}.stk-3cb9288 .stk-img-wrapper img{object-fit:cover !important;}@media screen and (max-width: 1023px){.stk-3cb9288 .stk-img-wrapper{height:auto !important;}}@media screen and (max-width: 767px){.stk-3cb9288 .stk-img-wrapper{height:auto !important;}}<\/style><figure><span class=\"stk-img-wrapper stk-image--shape-stretch\"><img loading=\"lazy\" decoding=\"async\" class=\"stk-img wp-image-2041\" src=\"https:\/\/kvarner.wine\/wp-content\/uploads\/2025\/01\/belica-583x600.webp\" width=\"583\" height=\"600\" srcset=\"https:\/\/kvarner.wine\/wp-content\/uploads\/2025\/01\/belica-583x600.webp 583w, https:\/\/kvarner.wine\/wp-content\/uploads\/2025\/01\/belica-996x1024.webp 996w, https:\/\/kvarner.wine\/wp-content\/uploads\/2025\/01\/belica-768x790.webp 768w, https:\/\/kvarner.wine\/wp-content\/uploads\/2025\/01\/belica.webp 1300w\" sizes=\"auto, (max-width: 583px) 100vw, 583px\" \/><\/span><\/figure><\/div>\n<\/div><\/div><\/div>\n<\/div><\/div>","protected":false},"excerpt":{"rendered":"<p>Belica Za po\u010detak pri\u010de o vinu belica klju\u010dno je krenuti od \u010dinjenice kako belica nije sorta gro\u017e\u0111a, ve\u0107 se radi o kupa\u017ei nekoliko sorti gro\u017e\u0111a. Naime, na uskom podru\u010dju u okolici Grada Kastva rastu sorte koje se sljubljuju prilikom proizvodnje vina belica, a to su mejsko belo (autohtona sorta Kastav\u0161tine), verdi\u0107, divjaka (autohtona sorta Kastav\u0161tine), [&hellip;]<\/p>\n","protected":false},"author":1,"featured_media":0,"parent":1993,"menu_order":0,"comment_status":"closed","ping_status":"closed","template":"","meta":{"_acf_changed":false,"iawp_total_views":110,"footnotes":""},"class_list":["post-2035","page","type-page","status-publish","hentry"],"acf":[],"_links":{"self":[{"href":"https:\/\/kvarner.wine\/en\/wp-json\/wp\/v2\/pages\/2035","targetHints":{"allow":["GET"]}}],"collection":[{"href":"https:\/\/kvarner.wine\/en\/wp-json\/wp\/v2\/pages"}],"about":[{"href":"https:\/\/kvarner.wine\/en\/wp-json\/wp\/v2\/types\/page"}],"author":[{"embeddable":true,"href":"https:\/\/kvarner.wine\/en\/wp-json\/wp\/v2\/users\/1"}],"replies":[{"embeddable":true,"href":"https:\/\/kvarner.wine\/en\/wp-json\/wp\/v2\/comments?post=2035"}],"version-history":[{"count":2,"href":"https:\/\/kvarner.wine\/en\/wp-json\/wp\/v2\/pages\/2035\/revisions"}],"predecessor-version":[{"id":2043,"href":"https:\/\/kvarner.wine\/en\/wp-json\/wp\/v2\/pages\/2035\/revisions\/2043"}],"up":[{"embeddable":true,"href":"https:\/\/kvarner.wine\/en\/wp-json\/wp\/v2\/pages\/1993"}],"wp:attachment":[{"href":"https:\/\/kvarner.wine\/en\/wp-json\/wp\/v2\/media?parent=2035"}],"curies":[{"name":"wp","href":"https:\/\/api.w.org\/{rel}","templated":true}]}}