{"id":2012,"date":"2025-01-28T15:33:33","date_gmt":"2025-01-28T15:33:33","guid":{"rendered":"https:\/\/kvarner.wine\/?page_id=2012"},"modified":"2025-01-28T15:33:34","modified_gmt":"2025-01-28T15:33:34","slug":"jarbola","status":"publish","type":"page","link":"https:\/\/kvarner.wine\/en\/vinarstvo-i-vinogradarstvo\/jarbola\/","title":{"rendered":"Jarbola"},"content":{"rendered":"<div class=\"wp-block-stackable-columns alignfull stk-block-columns stk-block stk-4adbf2b stk-block-background stk--has-background-overlay\" data-block-id=\"4adbf2b\"><style>.stk-4adbf2b {background-image:url(https:\/\/kvarner.wine\/wp-content\/uploads\/2025\/01\/jarbola.webp) !important;background-attachment:fixed !important;background-position:center center !important;background-size:cover !important;padding-top:0px !important;padding-right:0px !important;padding-bottom:0px !important;padding-left:0px !important;margin-bottom:68px !important;}@media screen and (max-width: 1023px){.stk-4adbf2b {background-position:center center !important;background-repeat:no-repeat !important;}}@media screen and (max-width: 767px){.stk-4adbf2b {background-position:bottom center !important;background-size:cover !important;}}<\/style><div class=\"stk-row stk-inner-blocks stk-block-content stk-content-align stk-4adbf2b-column alignfull\">\n<div class=\"wp-block-stackable-column stk-block-column stk-column stk-block stk-dc7759b stk-block-background stk--has-background-overlay\" data-v=\"4\" data-block-id=\"dc7759b\"><style>.stk-dc7759b-container{margin-top:0px !important;margin-right:0px !important;margin-bottom:0px !important;margin-left:0px !important;min-height:420px !important;}.stk-dc7759b-inner-blocks{justify-content:flex-end !important;row-gap:0px !important;}.stk-dc7759b {background-color:transparent !important;}.stk-dc7759b:before{background-image:linear-gradient(54deg,rgb(192,182,64) 37%,rgba(191,181,63,0) 37%) !important;}<\/style><div class=\"stk-column-wrapper stk-block-column__content stk-container stk-dc7759b-container stk--no-background stk--no-padding\"><div class=\"stk--column-flex stk-block-content stk-inner-blocks stk-dc7759b-inner-blocks\">\n<div class=\"wp-block-stackable-text stk-block-text stk-block stk-c5876b1\" data-scroll-speed=\"5\" data-block-id=\"c5876b1\"><style>.stk-c5876b1 {padding-right:5em !important;padding-bottom:1em !important;padding-left:5em !important;margin-bottom:0px !important;}.stk-c5876b1 .stk-block-text__text{font-size:5rem !important;color:#ffffff !important;line-height:1em !important;}@media screen and (max-width: 1023px){.stk-c5876b1 .stk-block-text__text{font-size:5rem !important;}}@media screen and (max-width: 767px){.stk-c5876b1 {padding-top:16px !important;padding-right:16px !important;padding-bottom:16px !important;padding-left:16px !important;margin-top:0px !important;margin-right:0px !important;margin-bottom:0px !important;margin-left:0px !important;}.stk-c5876b1 .stk-block-text__text{font-size:46px !important;}}<\/style><p class=\"stk-block-text__text has-text-color has-text-align-left has-text-align-left-mobile\">Jarbola<\/p><\/div>\n<\/div><\/div><\/div>\n<\/div><\/div>\n\n\n\n<div class=\"wp-block-stackable-columns stk-block-columns stk-block stk-1109015\" data-block-id=\"1109015\"><style>.stk-1109015 .stk--block-align-1109015{align-items:center !important;}.stk-1109015-column{max-width:1420px !important;min-width:auto !important;margin-right:auto !important;margin-left:auto !important;}<\/style><div class=\"stk-row stk-inner-blocks stk--block-align-1109015 stk-block-content stk-content-align stk-1109015-column\">\n<div class=\"wp-block-stackable-column stk-block-column stk-column stk-block stk-f919758\" data-v=\"4\" data-block-id=\"f919758\"><style>@media screen and (min-width: 768px){.stk-f919758 {flex:var(--stk-flex-grow, 1) 1 calc(75% - var(--stk-column-gap, 0px) * 1 \/ 2 ) !important;}}<\/style><div class=\"stk-column-wrapper stk-block-column__content stk-container stk-f919758-container stk--no-background stk--no-padding\"><div class=\"stk-block-content stk-inner-blocks stk-f919758-inner-blocks\">\n<div class=\"wp-block-stackable-text stk-block-text stk-block stk-8f66b2f\" data-block-id=\"8f66b2f\"><style>.stk-8f66b2f .stk-block-text__text{color:var(--stk-global-color-19321, #333333) !important;}<\/style><p class=\"stk-block-text__text has-text-color has-text-align-justify\">The Institute for Agriculture and Tourism in Pore\u010d, in collaboration with the Municipality of Matulji, launched the \u201cO\u010duvanje autohtonih sorti \u2013 Jarbola\u201d project in 2003, with the aim of the long-term preservation, protection and economic revalorisation of the old native grape variety known as \u201cJarbola\u201d. Vines of the Jarbola variety were located and marked at several sites around Zvone\u0107, followed by two years of morphological measurements and basic chemical analyses of the must and wine. A health and genetic analysis of the vines was carried out, buds were taken from healthy vines for grafting, and a mother vineyard was planted. Based on the results obtained, Jarbola Bijela was included on the National List of Recognised Grape Cultivars in 2004 and designated as a recommended grape cultivar for the Hrvatsko Primorje sub-region.<\/p><\/div>\n<\/div><\/div><\/div>\n\n\n\n<div class=\"wp-block-stackable-column stk-block-column stk-column stk-block stk-569c150\" data-v=\"4\" data-block-id=\"569c150\"><style>@media screen and (min-width: 768px){.stk-569c150 {flex:var(--stk-flex-grow, 1) 1 calc(25% - var(--stk-column-gap, 0px) * 1 \/ 2 ) !important;}}<\/style><div class=\"stk-column-wrapper stk-block-column__content stk-container stk-569c150-container stk--no-background stk--no-padding\"><div class=\"stk-block-content stk-inner-blocks stk-569c150-inner-blocks\">\n<div class=\"wp-block-stackable-image stk-block-image stk-block stk-3cb9288\" data-block-id=\"3cb9288\"><style>.stk-3cb9288 {max-width:90% !important;min-width:auto !important;margin-right:auto !important;margin-left:auto !important;}.stk-3cb9288 .stk-img-wrapper{aspect-ratio:1\/1 !important;height:auto !important;}.stk-3cb9288 .stk-img-wrapper img{object-fit:cover !important;}@media screen and (max-width: 1023px){.stk-3cb9288 .stk-img-wrapper{height:auto !important;}}@media screen and (max-width: 767px){.stk-3cb9288 .stk-img-wrapper{height:auto !important;}}<\/style><figure><span class=\"stk-img-wrapper stk-image--shape-stretch\"><img loading=\"lazy\" decoding=\"async\" class=\"stk-img wp-image-2013\" src=\"https:\/\/kvarner.wine\/wp-content\/uploads\/2025\/01\/jarbola-587x600.webp\" width=\"587\" height=\"600\" srcset=\"https:\/\/kvarner.wine\/wp-content\/uploads\/2025\/01\/jarbola-587x600.webp 587w, https:\/\/kvarner.wine\/wp-content\/uploads\/2025\/01\/jarbola-1001x1024.webp 1001w, https:\/\/kvarner.wine\/wp-content\/uploads\/2025\/01\/jarbola-768x785.webp 768w, https:\/\/kvarner.wine\/wp-content\/uploads\/2025\/01\/jarbola.webp 1199w\" sizes=\"auto, (max-width: 587px) 100vw, 587px\" \/><\/span><\/figure><\/div>\n<\/div><\/div><\/div>\n<\/div><\/div>","protected":false},"excerpt":{"rendered":"<p>Jarbola Institut za poljoprivredu i turizam u Pore\u010du pokrenuo je u suradnji s Op\u0107inom Matulji 2003. godine projekt \u201cO\u010duvanje autohtonih sorti &#8211; Jarbola\u201d s ciljem dugoro\u010dnog o\u010duvanja, za\u0161tite i gospodarske revalorizacije stare autohtone sorte vinove sorte pod imenom \u201cJarbola\u201d. Prona\u0111eni su i obilje\u017eeni trsovi jarbole na vi\u0161e lokacija u okolici Zvone\u0107a, izvr\u0161ena su dvogodi\u0161nja morfolo\u0161ka [&hellip;]<\/p>\n","protected":false},"author":1,"featured_media":0,"parent":1993,"menu_order":0,"comment_status":"closed","ping_status":"closed","template":"","meta":{"_acf_changed":false,"iawp_total_views":77,"footnotes":""},"class_list":["post-2012","page","type-page","status-publish","hentry"],"acf":[],"_links":{"self":[{"href":"https:\/\/kvarner.wine\/en\/wp-json\/wp\/v2\/pages\/2012","targetHints":{"allow":["GET"]}}],"collection":[{"href":"https:\/\/kvarner.wine\/en\/wp-json\/wp\/v2\/pages"}],"about":[{"href":"https:\/\/kvarner.wine\/en\/wp-json\/wp\/v2\/types\/page"}],"author":[{"embeddable":true,"href":"https:\/\/kvarner.wine\/en\/wp-json\/wp\/v2\/users\/1"}],"replies":[{"embeddable":true,"href":"https:\/\/kvarner.wine\/en\/wp-json\/wp\/v2\/comments?post=2012"}],"version-history":[{"count":1,"href":"https:\/\/kvarner.wine\/en\/wp-json\/wp\/v2\/pages\/2012\/revisions"}],"predecessor-version":[{"id":2014,"href":"https:\/\/kvarner.wine\/en\/wp-json\/wp\/v2\/pages\/2012\/revisions\/2014"}],"up":[{"embeddable":true,"href":"https:\/\/kvarner.wine\/en\/wp-json\/wp\/v2\/pages\/1993"}],"wp:attachment":[{"href":"https:\/\/kvarner.wine\/en\/wp-json\/wp\/v2\/media?parent=2012"}],"curies":[{"name":"wp","href":"https:\/\/api.w.org\/{rel}","templated":true}]}}