{"id":1993,"date":"2025-01-28T14:49:12","date_gmt":"2025-01-28T14:49:12","guid":{"rendered":"https:\/\/kvarner.wine\/?page_id=1993"},"modified":"2025-01-28T16:14:49","modified_gmt":"2025-01-28T16:14:49","slug":"vinarstvo-i-vinogradarstvo","status":"publish","type":"page","link":"https:\/\/kvarner.wine\/en\/vinarstvo-i-vinogradarstvo\/","title":{"rendered":"Winemaking and viticulture"},"content":{"rendered":"<div class=\"wp-block-stackable-columns alignfull stk-block-columns stk-block stk-4adbf2b stk-block-background stk--has-background-overlay\" data-block-id=\"4adbf2b\"><style>.stk-4adbf2b {background-image:url(https:\/\/kvarner.wine\/wp-content\/uploads\/2024\/12\/hero1-1920.webp) !important;background-attachment:fixed !important;background-position:center right !important;background-size:cover !important;padding-top:0px !important;padding-right:0px !important;padding-bottom:0px !important;padding-left:0px !important;margin-bottom:68px !important;}@media screen and (max-width: 1023px){.stk-4adbf2b {background-position:center center !important;background-repeat:no-repeat !important;}}@media screen and (max-width: 767px){.stk-4adbf2b {background-position:bottom center !important;background-size:cover !important;}}<\/style><div class=\"stk-row stk-inner-blocks stk-block-content stk-content-align stk-4adbf2b-column alignfull\">\n<div class=\"wp-block-stackable-column stk-block-column stk-column stk-block stk-dc7759b stk-block-background stk--has-background-overlay\" data-v=\"4\" data-block-id=\"dc7759b\"><style>.stk-dc7759b-container{margin-top:0px !important;margin-right:0px !important;margin-bottom:0px !important;margin-left:0px !important;min-height:420px !important;}.stk-dc7759b-inner-blocks{justify-content:flex-end !important;row-gap:0px !important;}.stk-dc7759b {background-color:transparent !important;}.stk-dc7759b:before{background-image:linear-gradient(54deg,rgb(192,182,64) 37%,rgba(191,181,63,0) 37%) !important;}<\/style><div class=\"stk-column-wrapper stk-block-column__content stk-container stk-dc7759b-container stk--no-background stk--no-padding\"><div class=\"stk--column-flex stk-block-content stk-inner-blocks stk-dc7759b-inner-blocks\">\n<div class=\"wp-block-stackable-text stk-block-text stk-block stk-c5876b1\" data-scroll-speed=\"5\" data-block-id=\"c5876b1\"><style>.stk-c5876b1 {padding-right:5em !important;padding-bottom:1em !important;padding-left:5em !important;margin-bottom:0px !important;}.stk-c5876b1 .stk-block-text__text{font-size:5rem !important;color:#ffffff !important;line-height:1em !important;}@media screen and (max-width: 1023px){.stk-c5876b1 .stk-block-text__text{font-size:5rem !important;}}@media screen and (max-width: 767px){.stk-c5876b1 {padding-top:16px !important;padding-right:16px !important;padding-bottom:16px !important;padding-left:16px !important;margin-top:0px !important;margin-right:0px !important;margin-bottom:0px !important;margin-left:0px !important;}.stk-c5876b1 .stk-block-text__text{font-size:46px !important;}}<\/style><p class=\"stk-block-text__text has-text-color has-text-align-left has-text-align-left-mobile\">Winemaking and <br>viticulture<\/p><\/div>\n<\/div><\/div><\/div>\n<\/div><\/div>\n\n\n\n<div class=\"wp-block-stackable-columns stk-block-columns stk-block stk-7b7d238\" data-block-id=\"7b7d238\"><style>.stk-7b7d238 .stk--block-align-7b7d238{align-items:center !important;}.stk-7b7d238-column{max-width:1440px !important;min-width:auto !important;margin-right:auto !important;margin-left:auto !important;}@media screen and (max-width: 767px){.stk-7b7d238 {--stk-col-order-1:2 !important;--stk-col-order-2:1 !important;}}<\/style><div class=\"stk-row stk-inner-blocks stk--block-align-7b7d238 stk-block-content stk-content-align stk-7b7d238-column\">\n<div class=\"wp-block-stackable-column stk-block-column stk-column stk-block stk-b822cdf\" data-v=\"4\" data-block-id=\"b822cdf\"><style>@media screen and (min-width: 768px){.stk-b822cdf {flex:var(--stk-flex-grow, 1) 1 33.3% !important;}}<\/style><div class=\"stk-column-wrapper stk-block-column__content stk-container stk-b822cdf-container stk--no-background stk--no-padding\"><div class=\"stk-block-content stk-inner-blocks stk-b822cdf-inner-blocks\">\n<div class=\"wp-block-stackable-heading stk-block-heading stk-block-heading--v2 stk-block stk-5c6a57f\" id=\"zlahtina-vinska-kraljica-kvarnera\" data-block-id=\"5c6a57f\"><style>.stk-5c6a57f .stk-block-heading__text{font-size:32px !important;color:var(--stk-global-color-75534, #719536) !important;}@media screen and (max-width: 1023px){.stk-5c6a57f .stk-block-heading__text{font-size:32px !important;}}@media screen and (max-width: 767px){.stk-5c6a57f .stk-block-heading__text{font-size:26px !important;}}<\/style><h3 class=\"stk-block-heading__text has-text-color has-text-align-center\">\u017dlahtina \u2013 the wine queen of Kvarner<\/h3><\/div>\n\n\n\n<div class=\"wp-block-stackable-button-group stk-block-button-group stk-block stk-ba30e4f\" data-block-id=\"ba30e4f\"><style>.stk-ba30e4f .stk-button-group{flex-direction:row !important;}@media screen and (max-width: 1023px){.stk-ba30e4f .stk-button-group{flex-direction:row !important;}}@media screen and (max-width: 767px){.stk-ba30e4f .stk-button-group{flex-direction:row !important;}}<\/style><div class=\"stk-row stk-inner-blocks has-text-align-center stk-block-content stk-button-group\">\n<div class=\"wp-block-stackable-button stk-block-button clip1 stk-block stk-c89fd89\" data-block-id=\"c89fd89\"><style>.stk-c89fd89 {max-width:320px !important;min-width:auto !important;padding-top:0px !important;padding-right:0px !important;padding-bottom:0px !important;padding-left:0px !important;}.stk-c89fd89 .stk-button{padding-right:29px !important;padding-left:29px !important;background:var(--stk-global-color-55114, #c0b640) !important;}.stk-c89fd89 .stk-button__inner-text{color:#ffffff !important;}<\/style><a class=\"stk-link stk-button stk--hover-effect-darken\" href=\"https:\/\/kvarner.wine\/en\/vinarstvo-i-vinogradarstvo\/zlahtina\/\"><span class=\"has-text-color stk-button__inner-text\">Find out more<\/span><\/a><\/div>\n<\/div><\/div>\n<\/div><\/div><\/div>\n\n\n\n<div class=\"wp-block-stackable-column stk-block-column stk-column stk-block stk-9444760\" data-v=\"4\" data-block-id=\"9444760\"><style>@media screen and (min-width: 768px){.stk-9444760 {flex:var(--stk-flex-grow, 1) 1 66.7% !important;}}<\/style><div class=\"stk-column-wrapper stk-block-column__content stk-container stk-9444760-container stk--no-background stk--no-padding\"><div class=\"stk-block-content stk-inner-blocks stk-9444760-inner-blocks\">\n<div class=\"wp-block-stackable-image stk-block-image stk-block stk-9344603 clip1\" data-block-id=\"9344603\"><style>@media screen and (max-width: 767px){.stk-9344603 .stk-img-wrapper{aspect-ratio:1\/1 !important;}}<\/style><figure><a class=\"stk-link\" href=\"https:\/\/kvarner.wine\/en\/vinarstvo-i-vinogradarstvo\/zlahtina\/\"><span class=\"stk-img-wrapper stk-image--shape-stretch\"><img loading=\"lazy\" decoding=\"async\" class=\"stk-img wp-image-603\" src=\"https:\/\/kvarner.wine\/wp-content\/uploads\/2024\/12\/katunar.webp\" width=\"1280\" height=\"450\" srcset=\"https:\/\/kvarner.wine\/wp-content\/uploads\/2024\/12\/katunar.webp 1280w, https:\/\/kvarner.wine\/wp-content\/uploads\/2024\/12\/katunar-600x211.webp 600w, https:\/\/kvarner.wine\/wp-content\/uploads\/2024\/12\/katunar-1024x360.webp 1024w, https:\/\/kvarner.wine\/wp-content\/uploads\/2024\/12\/katunar-768x270.webp 768w\" sizes=\"auto, (max-width: 1280px) 100vw, 1280px\" \/><\/span><\/a><\/figure><\/div>\n<\/div><\/div><\/div>\n<\/div><\/div>\n\n\n\n<div class=\"wp-block-stackable-columns stk-block-columns stk-block stk-72df595\" data-block-id=\"72df595\"><style>.stk-72df595 .stk--block-align-72df595{align-items:center !important;}.stk-72df595-column{max-width:1440px !important;min-width:auto !important;margin-right:auto !important;margin-left:auto !important;}@media screen and (max-width: 767px){.stk-72df595 {--stk-col-order-1:2 !important;--stk-col-order-2:1 !important;}}<\/style><div class=\"stk-row stk-inner-blocks stk--block-align-72df595 stk-block-content stk-content-align stk-72df595-column\">\n<div class=\"wp-block-stackable-column stk-block-column stk-column stk-block stk-e08ef2a\" data-v=\"4\" data-block-id=\"e08ef2a\"><div class=\"stk-column-wrapper stk-block-column__content stk-container stk-e08ef2a-container stk--no-background stk--no-padding\"><div class=\"stk-block-content stk-inner-blocks stk-e08ef2a-inner-blocks\">\n<div class=\"wp-block-stackable-image stk-block-image stk-block stk-73624e6 clip1\" data-block-id=\"73624e6\"><style>@media screen and (max-width: 767px){.stk-73624e6 .stk-img-wrapper{aspect-ratio:1\/1 !important;}}<\/style><figure><a class=\"stk-link\" href=\"https:\/\/kvarner.wine\/en\/vinarstvo-i-vinogradarstvo\/jarbola\/\"><span class=\"stk-img-wrapper stk-image--shape-stretch\"><img loading=\"lazy\" decoding=\"async\" class=\"stk-img wp-image-2013\" src=\"https:\/\/kvarner.wine\/wp-content\/uploads\/2025\/01\/jarbola-370x250.webp\" width=\"370\" height=\"250\"\/><\/span><\/a><\/figure><\/div>\n\n\n\n<div class=\"wp-block-stackable-heading stk-block-heading stk-block-heading--v2 stk-block stk-954f1b1\" id=\"jarbola\" data-block-id=\"954f1b1\"><style>.stk-954f1b1 .stk-block-heading__text{font-size:32px !important;color:var(--stk-global-color-75534, #719536) !important;}@media screen and (max-width: 1023px){.stk-954f1b1 .stk-block-heading__text{font-size:32px !important;}}@media screen and (max-width: 767px){.stk-954f1b1 .stk-block-heading__text{font-size:26px !important;}}<\/style><h3 class=\"stk-block-heading__text has-text-color has-text-align-center\">Jarbola<\/h3><\/div>\n\n\n\n<div class=\"wp-block-stackable-button-group stk-block-button-group stk-block stk-ebbef87\" data-block-id=\"ebbef87\"><style>.stk-ebbef87 .stk-button-group{flex-direction:row !important;}@media screen and (max-width: 1023px){.stk-ebbef87 .stk-button-group{flex-direction:row !important;}}@media screen and (max-width: 767px){.stk-ebbef87 .stk-button-group{flex-direction:row !important;}}<\/style><div class=\"stk-row stk-inner-blocks has-text-align-center stk-block-content stk-button-group\">\n<div class=\"wp-block-stackable-button stk-block-button clip1 stk-block stk-a5c0d77\" data-block-id=\"a5c0d77\"><style>.stk-a5c0d77 {max-width:320px !important;min-width:auto !important;padding-top:0px !important;padding-right:0px !important;padding-bottom:0px !important;padding-left:0px !important;}.stk-a5c0d77 .stk-button{padding-right:29px !important;padding-left:29px !important;background:var(--stk-global-color-55114, #c0b640) !important;}.stk-a5c0d77 .stk-button__inner-text{color:#ffffff !important;}<\/style><a class=\"stk-link stk-button stk--hover-effect-darken\" href=\"https:\/\/kvarner.wine\/en\/vinarstvo-i-vinogradarstvo\/jarbola\/\"><span class=\"has-text-color stk-button__inner-text\">Find out more<\/span><\/a><\/div>\n<\/div><\/div>\n<\/div><\/div><\/div>\n\n\n\n<div class=\"wp-block-stackable-column stk-block-column stk-column stk-block stk-10d997b\" data-v=\"4\" data-block-id=\"10d997b\"><div class=\"stk-column-wrapper stk-block-column__content stk-container stk-10d997b-container stk--no-background stk--no-padding\"><div class=\"stk-block-content stk-inner-blocks stk-10d997b-inner-blocks\">\n<div class=\"wp-block-stackable-image stk-block-image stk-block stk-1873620 clip1\" data-block-id=\"1873620\"><style>@media screen and (max-width: 767px){.stk-1873620 .stk-img-wrapper{aspect-ratio:1\/1 !important;}}<\/style><figure><a class=\"stk-link\" href=\"https:\/\/kvarner.wine\/en\/vinarstvo-i-vinogradarstvo\/belica\/\"><span class=\"stk-img-wrapper stk-image--shape-stretch\"><img loading=\"lazy\" decoding=\"async\" class=\"stk-img wp-image-2041\" src=\"https:\/\/kvarner.wine\/wp-content\/uploads\/2025\/01\/belica-370x250.webp\" width=\"370\" height=\"250\"\/><\/span><\/a><\/figure><\/div>\n\n\n\n<div class=\"wp-block-stackable-heading stk-block-heading stk-block-heading--v2 stk-block stk-7767773\" id=\"belica\" data-block-id=\"7767773\"><style>.stk-7767773 .stk-block-heading__text{font-size:32px !important;color:var(--stk-global-color-75534, #719536) !important;}@media screen and (max-width: 1023px){.stk-7767773 .stk-block-heading__text{font-size:32px !important;}}@media screen and (max-width: 767px){.stk-7767773 .stk-block-heading__text{font-size:26px !important;}}<\/style><h3 class=\"stk-block-heading__text has-text-color has-text-align-center\">Belica<\/h3><\/div>\n\n\n\n<div class=\"wp-block-stackable-button-group stk-block-button-group stk-block stk-cba1e77\" data-block-id=\"cba1e77\"><style>.stk-cba1e77 .stk-button-group{flex-direction:row !important;}@media screen and (max-width: 1023px){.stk-cba1e77 .stk-button-group{flex-direction:row !important;}}@media screen and (max-width: 767px){.stk-cba1e77 .stk-button-group{flex-direction:row !important;}}<\/style><div class=\"stk-row stk-inner-blocks has-text-align-center stk-block-content stk-button-group\">\n<div class=\"wp-block-stackable-button stk-block-button clip1 stk-block stk-6166662\" data-block-id=\"6166662\"><style>.stk-6166662 {max-width:320px !important;min-width:auto !important;padding-top:0px !important;padding-right:0px !important;padding-bottom:0px !important;padding-left:0px !important;}.stk-6166662 .stk-button{padding-right:29px !important;padding-left:29px !important;background:var(--stk-global-color-55114, #c0b640) !important;}.stk-6166662 .stk-button__inner-text{color:#ffffff !important;}<\/style><a class=\"stk-link stk-button stk--hover-effect-darken\" href=\"https:\/\/kvarner.wine\/en\/vinarstvo-i-vinogradarstvo\/belica\/\"><span class=\"has-text-color stk-button__inner-text\">Find out more<\/span><\/a><\/div>\n<\/div><\/div>\n<\/div><\/div><\/div>\n\n\n\n<div class=\"wp-block-stackable-column stk-block-column stk-column stk-block stk-55a6ef2\" data-v=\"4\" data-block-id=\"55a6ef2\"><div class=\"stk-column-wrapper stk-block-column__content stk-container stk-55a6ef2-container stk--no-background stk--no-padding\"><div class=\"stk-block-content stk-inner-blocks stk-55a6ef2-inner-blocks\">\n<div class=\"wp-block-stackable-image stk-block-image stk-block stk-971633b clip1\" data-block-id=\"971633b\"><style>@media screen and (max-width: 767px){.stk-971633b .stk-img-wrapper{aspect-ratio:1\/1 !important;}}<\/style><figure><a class=\"stk-link\" href=\"https:\/\/kvarner.wine\/en\/vinarstvo-i-vinogradarstvo\/sansigot\/\"><span class=\"stk-img-wrapper stk-image--shape-stretch\"><img loading=\"lazy\" decoding=\"async\" class=\"stk-img wp-image-2045\" src=\"https:\/\/kvarner.wine\/wp-content\/uploads\/2025\/01\/sansigot-370x250.webp\" width=\"370\" height=\"250\"\/><\/span><\/a><\/figure><\/div>\n\n\n\n<div class=\"wp-block-stackable-heading stk-block-heading stk-block-heading--v2 stk-block stk-2045757\" id=\"sansigot\" data-block-id=\"2045757\"><style>.stk-2045757 .stk-block-heading__text{font-size:32px !important;color:var(--stk-global-color-75534, #719536) !important;}@media screen and (max-width: 1023px){.stk-2045757 .stk-block-heading__text{font-size:32px !important;}}@media screen and (max-width: 767px){.stk-2045757 .stk-block-heading__text{font-size:26px !important;}}<\/style><h3 class=\"stk-block-heading__text has-text-color has-text-align-center\">Sansigot<\/h3><\/div>\n\n\n\n<div class=\"wp-block-stackable-button-group stk-block-button-group stk-block stk-7790698\" data-block-id=\"7790698\"><style>.stk-7790698 .stk-button-group{flex-direction:row !important;}@media screen and (max-width: 1023px){.stk-7790698 .stk-button-group{flex-direction:row !important;}}@media screen and (max-width: 767px){.stk-7790698 .stk-button-group{flex-direction:row !important;}}<\/style><div class=\"stk-row stk-inner-blocks has-text-align-center stk-block-content stk-button-group\">\n<div class=\"wp-block-stackable-button stk-block-button clip1 stk-block stk-b65d44f\" data-block-id=\"b65d44f\"><style>.stk-b65d44f {max-width:320px !important;min-width:auto !important;padding-top:0px !important;padding-right:0px !important;padding-bottom:0px !important;padding-left:0px !important;}.stk-b65d44f .stk-button{padding-right:29px !important;padding-left:29px !important;background:var(--stk-global-color-55114, #c0b640) !important;}.stk-b65d44f .stk-button__inner-text{color:#ffffff !important;}<\/style><a class=\"stk-link stk-button stk--hover-effect-darken\" href=\"https:\/\/kvarner.wine\/en\/vinarstvo-i-vinogradarstvo\/sansigot\/\"><span class=\"has-text-color stk-button__inner-text\">Find out more<\/span><\/a><\/div>\n<\/div><\/div>\n<\/div><\/div><\/div>\n<\/div><\/div>\n\n\n\n<div class=\"wp-block-stackable-columns stk-block-columns stk-block stk-3d8cd14\" data-block-id=\"3d8cd14\"><style>.stk-3d8cd14 .stk--block-align-3d8cd14{align-items:center !important;}.stk-3d8cd14-column{max-width:1440px !important;min-width:auto !important;margin-right:auto !important;margin-left:auto !important;}<\/style><div class=\"stk-row stk-inner-blocks stk--block-align-3d8cd14 stk-block-content stk-content-align stk-3d8cd14-column\">\n<div class=\"wp-block-stackable-column stk-block-column stk-column stk-block stk-246d88b\" data-v=\"4\" data-block-id=\"246d88b\"><style>@media screen and (min-width: 768px){.stk-246d88b {flex:var(--stk-flex-grow, 1) 1 66.7% !important;}}<\/style><div class=\"stk-column-wrapper stk-block-column__content stk-container stk-246d88b-container stk--no-background stk--no-padding\"><div class=\"stk-block-content stk-inner-blocks stk-246d88b-inner-blocks\">\n<div class=\"wp-block-stackable-image stk-block-image stk-block stk-534079b clip1\" data-block-id=\"534079b\"><style>@media screen and (max-width: 767px){.stk-534079b .stk-img-wrapper{aspect-ratio:1\/1 !important;}.stk-534079b .stk-img-wrapper img{object-position:68% 42% !important;}}<\/style><figure><a class=\"stk-link\" href=\"https:\/\/kvarner.wine\/en\/vinska-abeceda\/\"><span class=\"stk-img-wrapper stk-image--shape-stretch\"><img loading=\"lazy\" decoding=\"async\" class=\"stk-img wp-image-1906\" src=\"https:\/\/kvarner.wine\/wp-content\/uploads\/2025\/01\/vinarstvo.webp\" width=\"2200\" height=\"990\" srcset=\"https:\/\/kvarner.wine\/wp-content\/uploads\/2025\/01\/vinarstvo.webp 2200w, https:\/\/kvarner.wine\/wp-content\/uploads\/2025\/01\/vinarstvo-600x270.webp 600w, https:\/\/kvarner.wine\/wp-content\/uploads\/2025\/01\/vinarstvo-1024x461.webp 1024w, https:\/\/kvarner.wine\/wp-content\/uploads\/2025\/01\/vinarstvo-768x346.webp 768w, https:\/\/kvarner.wine\/wp-content\/uploads\/2025\/01\/vinarstvo-1536x691.webp 1536w, https:\/\/kvarner.wine\/wp-content\/uploads\/2025\/01\/vinarstvo-2048x922.webp 2048w\" sizes=\"auto, (max-width: 2200px) 100vw, 2200px\" \/><\/span><\/a><\/figure><\/div>\n<\/div><\/div><\/div>\n\n\n\n<div class=\"wp-block-stackable-column stk-block-column stk-column stk-block stk-ba16be0\" data-v=\"4\" data-block-id=\"ba16be0\"><style>@media screen and (min-width: 768px){.stk-ba16be0 {flex:var(--stk-flex-grow, 1) 1 33.3% !important;}}<\/style><div class=\"stk-column-wrapper stk-block-column__content stk-container stk-ba16be0-container stk--no-background stk--no-padding\"><div class=\"stk-block-content stk-inner-blocks stk-ba16be0-inner-blocks\">\n<div class=\"wp-block-stackable-heading stk-block-heading stk-block-heading--v2 stk-block stk-0eb90ef\" id=\"vinska-abeceda-sommelierki-ines-matic-mateskovic-i-lucija-matijevic\" data-block-id=\"0eb90ef\"><style>.stk-0eb90ef .stk-block-heading__text{font-size:32px !important;color:var(--stk-global-color-75534, #719536) !important;}@media screen and (max-width: 1023px){.stk-0eb90ef .stk-block-heading__text{font-size:32px !important;}}@media screen and (max-width: 767px){.stk-0eb90ef .stk-block-heading__text{font-size:26px !important;}}<\/style><h3 class=\"stk-block-heading__text has-text-color has-text-align-center\">Wine ABC of Sommeliers: Ines Mati\u0107 Mate\u0161kovi\u0107 and Lucija Matijevi\u0107<\/h3><\/div>\n\n\n\n<div class=\"wp-block-stackable-button-group stk-block-button-group stk-block stk-158416c\" data-block-id=\"158416c\"><style>.stk-158416c .stk-button-group{flex-direction:row !important;}@media screen and (max-width: 1023px){.stk-158416c .stk-button-group{flex-direction:row !important;}}@media screen and (max-width: 767px){.stk-158416c .stk-button-group{flex-direction:row !important;}}<\/style><div class=\"stk-row stk-inner-blocks has-text-align-center stk-block-content stk-button-group\">\n<div class=\"wp-block-stackable-button stk-block-button clip1 stk-block stk-9090ce9\" data-block-id=\"9090ce9\"><style>.stk-9090ce9 {max-width:320px !important;min-width:auto !important;padding-top:0px !important;padding-right:0px !important;padding-bottom:0px !important;padding-left:0px !important;}.stk-9090ce9 .stk-button{padding-right:29px !important;padding-left:29px !important;background:var(--stk-global-color-55114, #c0b640) !important;}.stk-9090ce9 .stk-button__inner-text{color:#ffffff !important;}<\/style><a class=\"stk-link stk-button stk--hover-effect-darken\" href=\"https:\/\/kvarner.wine\/en\/vinska-abeceda\/\"><span class=\"has-text-color stk-button__inner-text\">Find out more<\/span><\/a><\/div>\n<\/div><\/div>\n<\/div><\/div><\/div>\n<\/div><\/div>\n\n\n\n<p data-block-type=\"core\"><\/p>","protected":false},"excerpt":{"rendered":"<p>Vinarstvo i vinogradarstvo \u017dlahtina &#8211; vinska kraljica Kvarnera Saznaj vi\u0161e Jarbola Saznaj vi\u0161e Belica Saznaj vi\u0161e Sansigot Saznaj vi\u0161e Vinska abeceda sommelierki: Ines Mati\u0107 Mate\u0161kovi\u0107 i Lucija Matijevi\u0107 Saznaj vi\u0161e<\/p>","protected":false},"author":1,"featured_media":572,"parent":0,"menu_order":0,"comment_status":"closed","ping_status":"closed","template":"","meta":{"_acf_changed":false,"iawp_total_views":111,"footnotes":""},"class_list":["post-1993","page","type-page","status-publish","has-post-thumbnail","hentry"],"acf":[],"_links":{"self":[{"href":"https:\/\/kvarner.wine\/en\/wp-json\/wp\/v2\/pages\/1993","targetHints":{"allow":["GET"]}}],"collection":[{"href":"https:\/\/kvarner.wine\/en\/wp-json\/wp\/v2\/pages"}],"about":[{"href":"https:\/\/kvarner.wine\/en\/wp-json\/wp\/v2\/types\/page"}],"author":[{"embeddable":true,"href":"https:\/\/kvarner.wine\/en\/wp-json\/wp\/v2\/users\/1"}],"replies":[{"embeddable":true,"href":"https:\/\/kvarner.wine\/en\/wp-json\/wp\/v2\/comments?post=1993"}],"version-history":[{"count":5,"href":"https:\/\/kvarner.wine\/en\/wp-json\/wp\/v2\/pages\/1993\/revisions"}],"predecessor-version":[{"id":2078,"href":"https:\/\/kvarner.wine\/en\/wp-json\/wp\/v2\/pages\/1993\/revisions\/2078"}],"wp:featuredmedia":[{"embeddable":true,"href":"https:\/\/kvarner.wine\/en\/wp-json\/wp\/v2\/media\/572"}],"wp:attachment":[{"href":"https:\/\/kvarner.wine\/en\/wp-json\/wp\/v2\/media?parent=1993"}],"curies":[{"name":"wp","href":"https:\/\/api.w.org\/{rel}","templated":true}]}}