{"id":1422,"date":"2025-01-20T16:25:46","date_gmt":"2025-01-20T16:25:46","guid":{"rendered":"https:\/\/kvarner.wine\/?page_id=1422"},"modified":"2025-01-21T17:07:54","modified_gmt":"2025-01-21T17:07:54","slug":"kvarnerska-kvaliteta","status":"publish","type":"page","link":"https:\/\/kvarner.wine\/en\/kvarnerska-kvaliteta\/","title":{"rendered":"Kvarner quality"},"content":{"rendered":"<div class=\"wp-block-stackable-columns alignfull stk-block-columns stk-block stk-4adbf2b stk-block-background stk--has-background-overlay\" data-block-id=\"4adbf2b\"><style>.stk-4adbf2b {background-image:url(https:\/\/kvarner.wine\/wp-content\/uploads\/2024\/12\/pavlomir.webp) !important;background-attachment:fixed !important;background-position:center center !important;background-size:cover !important;padding-top:0px !important;padding-right:0px !important;padding-bottom:0px !important;padding-left:0px !important;margin-bottom:72px !important;}@media screen and (max-width: 1023px){.stk-4adbf2b {background-position:center center !important;background-repeat:no-repeat !important;}}<\/style><div class=\"stk-row stk-inner-blocks stk-block-content stk-content-align stk-4adbf2b-column alignfull\">\n<div class=\"wp-block-stackable-column stk-block-column stk-column stk-block stk-dc7759b stk-block-background stk--has-background-overlay\" data-v=\"4\" data-block-id=\"dc7759b\"><style>.stk-dc7759b-container{margin-top:0px !important;margin-right:0px !important;margin-bottom:0px !important;margin-left:0px !important;min-height:420px !important;}.stk-dc7759b-inner-blocks{justify-content:flex-end !important;row-gap:0px !important;}.stk-dc7759b {background-color:transparent !important;}.stk-dc7759b:before{background-image:linear-gradient(54deg,rgb(192,182,64) 37%,rgba(191,181,63,0) 37%) !important;}<\/style><div class=\"stk-column-wrapper stk-block-column__content stk-container stk-dc7759b-container stk--no-background stk--no-padding\"><div class=\"stk--column-flex stk-block-content stk-inner-blocks stk-dc7759b-inner-blocks\">\n<div class=\"wp-block-stackable-text stk-block-text stk-block stk-c5876b1\" data-scroll-speed=\"5\" data-block-id=\"c5876b1\"><style>.stk-c5876b1 {padding-right:5em !important;padding-bottom:1em !important;padding-left:5em !important;}.stk-c5876b1 .stk-block-text__text{font-size:5rem !important;color:#ffffff !important;line-height:0.8em !important;}@media screen and (max-width: 1023px){.stk-c5876b1 .stk-block-text__text{font-size:5rem !important;}}@media screen and (max-width: 767px){.stk-c5876b1 {padding-top:16px !important;padding-right:16px !important;padding-bottom:16px !important;padding-left:16px !important;margin-top:0px !important;margin-right:0px !important;margin-bottom:0px !important;margin-left:0px !important;}.stk-c5876b1 .stk-block-text__text{font-size:60px !important;}}<\/style><p class=\"stk-block-text__text has-text-color has-text-align-left has-text-align-left-mobile\">Kvarner <br>quality<\/p><\/div>\n<\/div><\/div><\/div>\n<\/div><\/div>\n\n\n\n<div class=\"wp-block-stackable-columns stk-block-columns stk-block stk-6befaf3\" data-block-id=\"6befaf3\"><style>.stk-6befaf3 {margin-bottom:28px !important;}.stk-6befaf3-column{max-width:960px !important;min-width:auto !important;margin-right:auto !important;margin-left:auto !important;}<\/style><div class=\"stk-row stk-inner-blocks stk-block-content stk-content-align stk-6befaf3-column\">\n<div class=\"wp-block-stackable-column stk-block-column stk-column stk-block stk-16b7311\" data-v=\"4\" data-block-id=\"16b7311\"><style>.stk-16b7311 {align-self:center !important;}<\/style><div class=\"stk-column-wrapper stk-block-column__content stk-container stk-16b7311-container stk--no-background stk--no-padding\"><div class=\"stk--block-horizontal-flex stk-block-content stk-inner-blocks stk-16b7311-inner-blocks\">\n<div class=\"wp-block-stackable-image stk-block-image stk-block stk-d1e860a stk--has-lightbox\" data-block-id=\"d1e860a\"><figure><span class=\"stk-img-wrapper stk-image--shape-stretch\"><img loading=\"lazy\" decoding=\"async\" class=\"stk-img wp-image-1723\" src=\"https:\/\/kvarner.wine\/wp-content\/uploads\/2025\/01\/karta1.webp\" width=\"1080\" height=\"1080\" srcset=\"https:\/\/kvarner.wine\/wp-content\/uploads\/2025\/01\/karta1.webp 1080w, https:\/\/kvarner.wine\/wp-content\/uploads\/2025\/01\/karta1-600x600.webp 600w, https:\/\/kvarner.wine\/wp-content\/uploads\/2025\/01\/karta1-1024x1024.webp 1024w, https:\/\/kvarner.wine\/wp-content\/uploads\/2025\/01\/karta1-300x300.webp 300w, https:\/\/kvarner.wine\/wp-content\/uploads\/2025\/01\/karta1-768x768.webp 768w, https:\/\/kvarner.wine\/wp-content\/uploads\/2025\/01\/karta1-80x80.webp 80w\" sizes=\"auto, (max-width: 1080px) 100vw, 1080px\" \/><\/span><\/figure><\/div>\n\n\n\n<div class=\"wp-block-stackable-image stk-block-image stk-block stk-54cafb4 stk--has-lightbox\" data-block-id=\"54cafb4\"><figure><span class=\"stk-img-wrapper stk-image--shape-stretch\"><img loading=\"lazy\" decoding=\"async\" class=\"stk-img wp-image-1725\" src=\"https:\/\/kvarner.wine\/wp-content\/uploads\/2025\/01\/karta2.webp\" width=\"1080\" height=\"1080\" srcset=\"https:\/\/kvarner.wine\/wp-content\/uploads\/2025\/01\/karta2.webp 1080w, https:\/\/kvarner.wine\/wp-content\/uploads\/2025\/01\/karta2-600x600.webp 600w, https:\/\/kvarner.wine\/wp-content\/uploads\/2025\/01\/karta2-1024x1024.webp 1024w, https:\/\/kvarner.wine\/wp-content\/uploads\/2025\/01\/karta2-300x300.webp 300w, https:\/\/kvarner.wine\/wp-content\/uploads\/2025\/01\/karta2-768x768.webp 768w, https:\/\/kvarner.wine\/wp-content\/uploads\/2025\/01\/karta2-80x80.webp 80w\" sizes=\"auto, (max-width: 1080px) 100vw, 1080px\" \/><\/span><\/figure><\/div>\n<\/div><\/div><\/div>\n<\/div><\/div>\n\n\n\n<div class=\"wp-block-stackable-columns stk-block-columns stk-block stk-7f16068\" data-block-id=\"7f16068\"><style>.stk-7f16068 {margin-bottom:70px !important;}.stk-7f16068-column{max-width:960px !important;min-width:auto !important;margin-right:auto !important;margin-left:auto !important;}<\/style><div class=\"stk-row stk-inner-blocks stk-block-content stk-content-align stk-7f16068-column\">\n<div class=\"wp-block-stackable-column stk-block-column stk-column stk-block stk-8f50aee\" data-v=\"4\" data-block-id=\"8f50aee\"><div class=\"stk-column-wrapper stk-block-column__content stk-container stk-8f50aee-container stk--no-background stk--no-padding\"><div class=\"stk-block-content stk-inner-blocks stk-8f50aee-inner-blocks\">\n<div class=\"wp-block-stackable-text stk-block-text stk-block stk-c8ac454\" data-block-id=\"c8ac454\"><style>.stk-c8ac454 .stk-block-text__text{color:var(--stk-global-color-19321, #333333) !important;}<\/style><p class=\"stk-block-text__text has-text-color has-text-align-center\">The Kvarner Wines brand mark is a quality mark created by the Kvarner Tourist Board and awarded to members of the Association in March 2021. The Kvarner Wines brand mark is located on the premises of wineries and tasting rooms that are members of the Kvarner Wines Association, indicating to visitors that they are in a place where they can taste the indigenous wines of Kvarner recommended by the Kvarner Tourist Board.&nbsp;<\/p><\/div>\n<\/div><\/div><\/div>\n<\/div><\/div>\n\n\n\n<div class=\"wp-block-stackable-columns stk-block-columns stk-block stk-f396eaf\" data-block-id=\"f396eaf\"><style>.stk-f396eaf-column{max-width:1440px !important;min-width:auto !important;margin-right:auto !important;margin-left:auto !important;}<\/style><div class=\"stk-row stk-inner-blocks stk-block-content stk-content-align stk-f396eaf-column\">\n<div class=\"wp-block-stackable-column stk-block-column stk-column stk-block stk-6c6eb35\" data-v=\"4\" data-block-id=\"6c6eb35\"><style>.stk-6c6eb35-container{max-width:1800px !important;min-width:auto !important;margin-right:auto !important;margin-left:auto !important;}@media screen and (max-width: 767px){.stk-6c6eb35 {padding-right:1em !important;padding-left:1em !important;}}<\/style><div class=\"stk-column-wrapper stk-block-column__content stk-container stk-6c6eb35-container stk--no-background stk--no-padding\"><div class=\"stk-block-content stk-inner-blocks stk-6c6eb35-inner-blocks\">\n<div class=\"wp-block-query news-query is-layout-flow wp-block-query-is-layout-flow\" data-block-type=\"core\"><ul class=\"columns-4 wp-block-post-template is-layout-grid wp-container-core-post-template-is-layout-b954fd2f wp-block-post-template-is-layout-grid\" data-block-type=\"core\"><li class=\"wp-block-post post-1429 quarner-quality type-quarner-quality status-publish has-post-thumbnail hentry\">\n\n<div class=\"wp-block-group\" data-block-type=\"core\"><div class=\"wp-block-group__inner-container is-layout-constrained wp-block-group-is-layout-constrained\"><figure style=\"aspect-ratio:4\/3;\" class=\"wp-block-post-featured-image\" data-block-type=\"core\"><a href=\"https:\/\/kvarner.wine\/en\/quarner-quality\/buretic-bregi\/\" target=\"_self\"  ><img loading=\"lazy\" decoding=\"async\" width=\"1920\" height=\"600\" src=\"https:\/\/kvarner.wine\/wp-content\/uploads\/2025\/01\/buretic-bregi.webp\" class=\"attachment-post-thumbnail size-post-thumbnail wp-post-image\" alt=\"Bureti\u0107 Bregi\" style=\"width:100%;height:100%;object-fit:cover;\" srcset=\"https:\/\/kvarner.wine\/wp-content\/uploads\/2025\/01\/buretic-bregi.webp 1920w, https:\/\/kvarner.wine\/wp-content\/uploads\/2025\/01\/buretic-bregi-600x188.webp 600w, https:\/\/kvarner.wine\/wp-content\/uploads\/2025\/01\/buretic-bregi-1024x320.webp 1024w, https:\/\/kvarner.wine\/wp-content\/uploads\/2025\/01\/buretic-bregi-768x240.webp 768w, https:\/\/kvarner.wine\/wp-content\/uploads\/2025\/01\/buretic-bregi-1536x480.webp 1536w\" sizes=\"auto, (max-width: 1920px) 100vw, 1920px\" \/><\/a><\/figure>\n\n<h2 style=\"color:#2d6010;\" class=\"has-text-align-center has-link-color wp-elements-edf7c7a5bee86ebfcc6c10bfb233eec3 wp-block-post-title has-text-color\" data-block-type=\"core\"><a href=\"https:\/\/kvarner.wine\/en\/quarner-quality\/buretic-bregi\/\" target=\"_self\" >Bureti\u0107 Bregi<\/a><\/h2>\n\n\n<div style=\"height:20px\" aria-hidden=\"true\" class=\"wp-block-spacer\" data-block-type=\"core\"><\/div>\n<\/div><\/div>\n\n\n<div style=\"font-size:15px;\" class=\"has-text-align-center wp-block-post-excerpt\" data-block-type=\"core\"><p class=\"wp-block-post-excerpt__excerpt\">The Bureti\u0107 Bregi company has been operating in Bregi on the slopes of U\u010dka since 2003, continuing the tradition of the Bureti\u0107 family from Boljun in Istria, which has been growing and producing\u2026<\/p><p class=\"wp-block-post-excerpt__more-text\"><a class=\"wp-block-post-excerpt__more-link\" href=\"https:\/\/kvarner.wine\/en\/quarner-quality\/buretic-bregi\/\">find out more<\/a><\/p><\/div>\n<\/li><li class=\"wp-block-post post-1437 quarner-quality type-quarner-quality status-publish has-post-thumbnail hentry\">\n\n<div class=\"wp-block-group\" data-block-type=\"core\"><div class=\"wp-block-group__inner-container is-layout-constrained wp-block-group-is-layout-constrained\"><figure style=\"aspect-ratio:4\/3;\" class=\"wp-block-post-featured-image\" data-block-type=\"core\"><a href=\"https:\/\/kvarner.wine\/en\/quarner-quality\/kasetica-primorsko-goranska\/\" target=\"_self\"  ><img loading=\"lazy\" decoding=\"async\" width=\"1920\" height=\"871\" src=\"https:\/\/kvarner.wine\/wp-content\/uploads\/2025\/01\/kasetica3.webp\" class=\"attachment-post-thumbnail size-post-thumbnail wp-post-image\" alt=\"Ka\u0161etica primorsko &#8211; goranska\" style=\"width:100%;height:100%;object-fit:cover;\" srcset=\"https:\/\/kvarner.wine\/wp-content\/uploads\/2025\/01\/kasetica3.webp 1920w, https:\/\/kvarner.wine\/wp-content\/uploads\/2025\/01\/kasetica3-600x272.webp 600w, https:\/\/kvarner.wine\/wp-content\/uploads\/2025\/01\/kasetica3-1024x465.webp 1024w, https:\/\/kvarner.wine\/wp-content\/uploads\/2025\/01\/kasetica3-768x348.webp 768w, https:\/\/kvarner.wine\/wp-content\/uploads\/2025\/01\/kasetica3-1536x697.webp 1536w\" sizes=\"auto, (max-width: 1920px) 100vw, 1920px\" \/><\/a><\/figure>\n\n<h2 style=\"color:#2d6010;\" class=\"has-text-align-center has-link-color wp-elements-edf7c7a5bee86ebfcc6c10bfb233eec3 wp-block-post-title has-text-color\" data-block-type=\"core\"><a href=\"https:\/\/kvarner.wine\/en\/quarner-quality\/kasetica-primorsko-goranska\/\" target=\"_self\" >Ka\u0161etica primorje \u2013 Gorski Kotar<\/a><\/h2>\n\n\n<div style=\"height:20px\" aria-hidden=\"true\" class=\"wp-block-spacer\" data-block-type=\"core\"><\/div>\n<\/div><\/div>\n\n\n<div style=\"font-size:15px;\" class=\"has-text-align-center wp-block-post-excerpt\" data-block-type=\"core\"><p class=\"wp-block-post-excerpt__excerpt\">Ka\u0161etica Primorsko-Goranska is a project of the Center for Agriculture and Rural Development PG\u017d designed with the aim of promoting and developing indigenous products. It is a brand that brings together producers of autochthonous products from our...<\/p><p class=\"wp-block-post-excerpt__more-text\"><a class=\"wp-block-post-excerpt__more-link\" href=\"https:\/\/kvarner.wine\/en\/quarner-quality\/kasetica-primorsko-goranska\/\">find out more<\/a><\/p><\/div>\n<\/li><li class=\"wp-block-post post-708 quarner-quality type-quarner-quality status-publish has-post-thumbnail hentry\">\n\n<div class=\"wp-block-group\" data-block-type=\"core\"><div class=\"wp-block-group__inner-container is-layout-constrained wp-block-group-is-layout-constrained\"><figure style=\"aspect-ratio:4\/3;\" class=\"wp-block-post-featured-image\" data-block-type=\"core\"><a href=\"https:\/\/kvarner.wine\/en\/quarner-quality\/pz-dolcina\/\" target=\"_self\"  ><img loading=\"lazy\" decoding=\"async\" width=\"997\" height=\"603\" src=\"https:\/\/kvarner.wine\/wp-content\/uploads\/2024\/12\/dolcina.webp\" class=\"attachment-post-thumbnail size-post-thumbnail wp-post-image\" alt=\"PZ Dol\u010dina\" style=\"width:100%;height:100%;object-fit:cover;\" srcset=\"https:\/\/kvarner.wine\/wp-content\/uploads\/2024\/12\/dolcina.webp 997w, https:\/\/kvarner.wine\/wp-content\/uploads\/2024\/12\/dolcina-600x363.webp 600w, https:\/\/kvarner.wine\/wp-content\/uploads\/2024\/12\/dolcina-768x464.webp 768w\" sizes=\"auto, (max-width: 997px) 100vw, 997px\" \/><\/a><\/figure>\n\n<h2 style=\"color:#2d6010;\" class=\"has-text-align-center has-link-color wp-elements-edf7c7a5bee86ebfcc6c10bfb233eec3 wp-block-post-title has-text-color\" data-block-type=\"core\"><a href=\"https:\/\/kvarner.wine\/en\/quarner-quality\/pz-dolcina\/\" target=\"_self\" >PZ Dol\u010dina<\/a><\/h2>\n\n\n<div style=\"height:20px\" aria-hidden=\"true\" class=\"wp-block-spacer\" data-block-type=\"core\"><\/div>\n<\/div><\/div>\n\n\n<div style=\"font-size:15px;\" class=\"has-text-align-center wp-block-post-excerpt\" data-block-type=\"core\"><p class=\"wp-block-post-excerpt__excerpt\">Originating from the slopes of Bakar Bay in the area between Bakar and Bakarac, at the beginning of 19. for centuries, according to records, copper water was produced. There is an oral tradition in the people as\u2026<\/p><p class=\"wp-block-post-excerpt__more-text\"><a class=\"wp-block-post-excerpt__more-link\" href=\"https:\/\/kvarner.wine\/en\/quarner-quality\/pz-dolcina\/\">find out more<\/a><\/p><\/div>\n<\/li><li class=\"wp-block-post post-1432 quarner-quality type-quarner-quality status-publish has-post-thumbnail hentry\">\n\n<div class=\"wp-block-group\" data-block-type=\"core\"><div class=\"wp-block-group__inner-container is-layout-constrained wp-block-group-is-layout-constrained\"><figure style=\"aspect-ratio:4\/3;\" class=\"wp-block-post-featured-image\" data-block-type=\"core\"><a href=\"https:\/\/kvarner.wine\/en\/quarner-quality\/tramontanawoodcraft\/\" target=\"_self\"  ><img loading=\"lazy\" decoding=\"async\" width=\"1184\" height=\"430\" src=\"https:\/\/kvarner.wine\/wp-content\/uploads\/2025\/01\/tramontana.webp\" class=\"attachment-post-thumbnail size-post-thumbnail wp-post-image\" alt=\"TramontanaWoodCraft\" style=\"width:100%;height:100%;object-fit:cover;\" srcset=\"https:\/\/kvarner.wine\/wp-content\/uploads\/2025\/01\/tramontana.webp 1184w, https:\/\/kvarner.wine\/wp-content\/uploads\/2025\/01\/tramontana-600x218.webp 600w, https:\/\/kvarner.wine\/wp-content\/uploads\/2025\/01\/tramontana-1024x372.webp 1024w, https:\/\/kvarner.wine\/wp-content\/uploads\/2025\/01\/tramontana-768x279.webp 768w\" sizes=\"auto, (max-width: 1184px) 100vw, 1184px\" \/><\/a><\/figure>\n\n<h2 style=\"color:#2d6010;\" class=\"has-text-align-center has-link-color wp-elements-edf7c7a5bee86ebfcc6c10bfb233eec3 wp-block-post-title has-text-color\" data-block-type=\"core\"><a href=\"https:\/\/kvarner.wine\/en\/quarner-quality\/tramontanawoodcraft\/\" target=\"_self\" >TramontanaWoodCraft<\/a><\/h2>\n\n\n<div style=\"height:20px\" aria-hidden=\"true\" class=\"wp-block-spacer\" data-block-type=\"core\"><\/div>\n<\/div><\/div>\n\n\n<div style=\"font-size:15px;\" class=\"has-text-align-center wp-block-post-excerpt\" data-block-type=\"core\"><p class=\"wp-block-post-excerpt__excerpt\">TramontanaWoodCraft is located on the island of Cres - a family brand that specializes in the unique production of wooden and stone handicrafts for gastronomic use.<\/p><p class=\"wp-block-post-excerpt__more-text\"><a class=\"wp-block-post-excerpt__more-link\" href=\"https:\/\/kvarner.wine\/en\/quarner-quality\/tramontanawoodcraft\/\">find out more<\/a><\/p><\/div>\n<\/li><\/ul><\/div>\n<\/div><\/div><\/div>\n<\/div><\/div>\n\n\n\n<div class=\"wp-block-stackable-spacer stk-block-spacer stk--no-padding stk-block stk-e4ae274\" data-block-id=\"e4ae274\"><style>.stk-e4ae274 {height:82px !important;}<\/style><\/div>","protected":false},"excerpt":{"rendered":"<p>Kvarnerska kvaliteta Brend oznaka&nbsp;Kvarner Wines oznaka je kvalitete koju je kreirala&nbsp;Turisti\u010dka zajednica Kvarnera, a dodijeljena je jo\u0161 u o\u017eujku 2021. godine \u010dlanovima Udru\u017eenja. Brend oznaka Kvarner Wines nalazi se na objektima vinarija i ku\u0161aonica \u010dlanica udru\u017eenja Vina Kvarnera te&nbsp;posjetiteljima ukazuje da se nalaze na mjestu gdje mogu ku\u0161ati autohtona vina Kvarnera koja im preporu\u010duje Turisti\u010dka [&hellip;]<\/p>\n","protected":false},"author":1,"featured_media":0,"parent":0,"menu_order":0,"comment_status":"closed","ping_status":"closed","template":"","meta":{"_acf_changed":false,"iawp_total_views":52,"footnotes":""},"class_list":["post-1422","page","type-page","status-publish","hentry"],"acf":[],"_links":{"self":[{"href":"https:\/\/kvarner.wine\/en\/wp-json\/wp\/v2\/pages\/1422","targetHints":{"allow":["GET"]}}],"collection":[{"href":"https:\/\/kvarner.wine\/en\/wp-json\/wp\/v2\/pages"}],"about":[{"href":"https:\/\/kvarner.wine\/en\/wp-json\/wp\/v2\/types\/page"}],"author":[{"embeddable":true,"href":"https:\/\/kvarner.wine\/en\/wp-json\/wp\/v2\/users\/1"}],"replies":[{"embeddable":true,"href":"https:\/\/kvarner.wine\/en\/wp-json\/wp\/v2\/comments?post=1422"}],"version-history":[{"count":5,"href":"https:\/\/kvarner.wine\/en\/wp-json\/wp\/v2\/pages\/1422\/revisions"}],"predecessor-version":[{"id":1728,"href":"https:\/\/kvarner.wine\/en\/wp-json\/wp\/v2\/pages\/1422\/revisions\/1728"}],"wp:attachment":[{"href":"https:\/\/kvarner.wine\/en\/wp-json\/wp\/v2\/media?parent=1422"}],"curies":[{"name":"wp","href":"https:\/\/api.w.org\/{rel}","templated":true}]}}