{"id":1203,"date":"2025-01-14T18:45:36","date_gmt":"2025-01-14T18:45:36","guid":{"rendered":"https:\/\/kvarner.wine\/?page_id=1203"},"modified":"2026-02-19T13:36:17","modified_gmt":"2026-02-19T13:36:17","slug":"prijava-wineri-2026","status":"publish","type":"page","link":"https:\/\/kvarner.wine\/en\/prijava-wineri-2026\/","title":{"rendered":"WineRi 2026 Registration"},"content":{"rendered":"<div class=\"wp-block-stackable-columns alignfull stk-block-columns stk-block stk-4adbf2b stk-block-background stk--has-background-overlay\" data-block-id=\"4adbf2b\"><style>.stk-4adbf2b {background-image:url(https:\/\/kvarner.wine\/wp-content\/uploads\/2025\/12\/wine-ri-2026.webp) !important;background-position:top center !important;background-size:cover !important;padding-top:0px !important;padding-right:0px !important;padding-bottom:0px !important;padding-left:0px !important;margin-bottom:50px !important;}@media screen and (max-width: 1023px){.stk-4adbf2b {background-position:center center !important;background-repeat:no-repeat !important;}}@media screen and (max-width: 767px){.stk-4adbf2b {background-position:center right !important;background-size:cover !important;}}<\/style><div class=\"stk-row stk-inner-blocks stk-block-content stk-content-align stk-4adbf2b-column alignfull\">\n<div class=\"wp-block-stackable-column stk-block-column stk-column stk-block stk-dc7759b stk-block-background stk--has-background-overlay\" data-v=\"4\" data-block-id=\"dc7759b\"><style>.stk-dc7759b-container{margin-top:0px !important;margin-right:0px !important;margin-bottom:0px !important;margin-left:0px !important;min-height:420px !important;}.stk-dc7759b-inner-blocks{justify-content:flex-end !important;row-gap:0px !important;}.stk-dc7759b {background-color:transparent !important;}.stk-dc7759b:before{background-image:linear-gradient(54deg,rgb(192,182,64) 37%,rgba(191,181,63,0) 37%) !important;}<\/style><div class=\"stk-column-wrapper stk-block-column__content stk-container stk-dc7759b-container stk--no-background stk--no-padding\"><div class=\"stk--column-flex stk-block-content stk-inner-blocks stk-dc7759b-inner-blocks\">\n<div class=\"wp-block-stackable-text stk-block-text stk-block stk-c5876b1\" data-scroll-speed=\"5\" data-block-id=\"c5876b1\"><style>.stk-c5876b1 {padding-right:5em !important;padding-bottom:1em !important;padding-left:5em !important;}.stk-c5876b1 .stk-block-text__text{font-size:5rem !important;color:#ffffff !important;line-height:1em !important;}@media screen and (max-width: 1023px){.stk-c5876b1 .stk-block-text__text{font-size:5rem !important;}}@media screen and (max-width: 767px){.stk-c5876b1 {padding-top:16px !important;padding-right:16px !important;padding-bottom:16px !important;padding-left:16px !important;margin-top:0px !important;margin-right:0px !important;margin-bottom:0px !important;margin-left:0px !important;}.stk-c5876b1 .stk-block-text__text{font-size:60px !important;}}<\/style><p class=\"stk-block-text__text has-text-color has-text-align-left has-text-align-left-mobile\">Exhibitor registration <br>for WineRi 2026<\/p><\/div>\n<\/div><\/div><\/div>\n<\/div><\/div>\n\n\n\n<div class=\"wp-block-stackable-columns stk-block-columns stk-block stk-d888795\" data-block-id=\"d888795\"><style>.stk-d888795-column{max-width:960px !important;min-width:auto !important;margin-right:auto !important;margin-left:auto !important;--stk-columns-spacing:16px !important;}<\/style><div class=\"stk-row stk-inner-blocks stk-block-content stk-content-align stk-d888795-column\">\n<div class=\"wp-block-stackable-column stk-block-column stk-column stk-block stk-ea3ff2a\" data-v=\"4\" data-block-id=\"ea3ff2a\"><div class=\"stk-column-wrapper stk-block-column__content stk-container stk-ea3ff2a-container stk--no-background stk--no-padding\"><div class=\"stk-block-content stk-inner-blocks stk-ea3ff2a-inner-blocks\">\n<div class=\"wp-block-stackable-heading stk-block-heading stk-block-heading--v2 stk-block stk-93a9710\" id=\"prijave-su-zakljucene\" data-block-id=\"93a9710\"><style>.stk-93a9710 {margin-bottom:50px !important;}.stk-93a9710 .stk-block-heading__text{font-size:48px !important;color:#cf2e2e !important;}@media screen and (max-width: 1023px){.stk-93a9710 .stk-block-heading__text{font-size:48px !important;}}<\/style><h2 class=\"stk-block-heading__text has-text-color has-text-align-center\">Registrations are closed.<\/h2><\/div>\n\n\n\n<p class=\"has-text-align-center\" data-block-type=\"core\">This is the application form with which you irrevocably order (in accordance with the General Conditions of the Festival) 1 (one) to a maximum of 3 (three) festival positions at a price of 444.44 Euros + VAT per position for the performance at the International Eno - Gastro Festival <strong>Winers <\/strong>which will be held <strong>March 13 and 14, 2026.<\/strong> at the EXPORTDRVO Congress Center, Delta bb Rijeka.<\/p>\n\n\n\n<p class=\"has-text-align-center has-text-color has-link-color wp-elements-bd0a6af6b0bc21a5b2231b949e2e3786\" style=\"color:#8eae5c;font-size:26px\" data-block-type=\"core\"><strong>The festival position includes:<\/strong><\/p>\n\n\n\n<p class=\"has-text-align-center\" data-block-type=\"core\">display counter: L 100 cm x W 70 cm x H 100 cm<br>exhibitor&#039;s caption<br>ice bucket and ice (if a bucket is needed \u2013 it must be announced in advance)<br>spitton<br>neutralizers<br>2 accreditations for exhibitors for each festival day + 2 for business partners and guests<\/p>\n\n\n\n<p class=\"has-text-align-center\" data-block-type=\"core\">Register by selecting at least one and a maximum of three tables, then fill out the form with your personal information below the hall floor plan.<\/p>\n\n\n\n<div class=\"wp-block-stackable-divider stk-block-divider stk-block stk-8449884\" data-block-id=\"8449884\"><style>.stk-8449884 hr.stk-block-divider__hr{width:50% !important;}<\/style><hr class=\"stk-block-divider__hr\"\/><\/div>\n\n\n\n<p class=\"has-text-align-center\" data-block-type=\"core\"><strong>Explanation of positions on the floor plan<\/strong><\/p>\n\n\n\n<div class=\"wp-block-stackable-columns stk-block-columns stk-block stk-baed50d\" data-block-id=\"baed50d\"><style>.stk-baed50d-column{max-width:460px !important;min-width:auto !important;margin-right:auto !important;margin-left:auto !important;}<\/style><div class=\"stk-row stk-inner-blocks has-text-align-center stk-block-content stk-content-align stk-baed50d-column\">\n<div class=\"wp-block-stackable-column stk-block-column stk-column stk-block stk-6ab90ac\" data-v=\"4\" data-block-id=\"6ab90ac\"><style>@media screen and (max-width: 767px){.stk-6ab90ac {flex:var(--stk-flex-grow, 1) 1 calc(50% - var(--stk-column-gap, 0px) * 1 \/ 2 ) !important;}}<\/style><div class=\"stk-column-wrapper stk-block-column__content stk-container stk-6ab90ac-container stk--no-background stk--no-padding\"><div class=\"stk-block-content stk-inner-blocks stk-6ab90ac-inner-blocks\">\n<div class=\"wp-block-stackable-icon-list stk-block-icon-list has-text-align-center stk-block stk-3b54c51\" data-block-id=\"3b54c51\"><style>.stk-3b54c51 {--stk-icon-list-marker-color:#bafeba !important;--stk-icon-list-icon-size:31px !important;}.stk-3b54c51 .stk-block-icon-list-item__content{margin-inline:auto !important;}.stk-3b54c51 .stk-block-icon-list__group{margin-inline:auto !important;}<\/style><svg style=\"display:none\"><defs><g id=\"stk-icon-list__icon-svg-def-3b54c51\"><svg xmlns=\"http:\/\/www.w3.org\/2000\/svg\" viewbox=\"0 0 448 512\"><path d=\"M0 96C0 60.7 28.7 32 64 32H384c35.3 0 64 28.7 64 64V416c0 35.3-28.7 64-64 64H64c-35.3 0-64-28.7-64-64V96z\"\/><\/svg><\/g><\/defs><\/svg><ul class=\"stk-block-icon-list__ul stk-block-icon-list--column\">\n<li class=\"wp-block-stackable-icon-list-item stk-block-icon-list-item stk-block stk-ed3f367\" data-block-id=\"ed3f367\"><div class=\"stk-block-icon-list-item__content\"><span class=\"stk--svg-wrapper\"><div class=\"stk--inner-svg\"><svg aria-hidden=\"true\" width=\"32\" height=\"32\"><use xlink:href=\"#stk-icon-list__icon-svg-def-3b54c51\"><\/use><\/svg><\/div><\/span><span class=\"stk-block-icon-list-item__text\">free<\/span><\/div><\/li>\n<\/ul><\/div>\n<\/div><\/div><\/div>\n\n\n\n<div class=\"wp-block-stackable-column stk-block-column stk-column stk-block stk-972da2c\" data-v=\"4\" data-block-id=\"972da2c\"><style>@media screen and (max-width: 767px){.stk-972da2c {flex:var(--stk-flex-grow, 1) 1 calc(50% - var(--stk-column-gap, 0px) * 1 \/ 2 ) !important;}}<\/style><div class=\"stk-column-wrapper stk-block-column__content stk-container stk-972da2c-container stk--no-background stk--no-padding\"><div class=\"stk-block-content stk-inner-blocks stk-972da2c-inner-blocks\">\n<div class=\"wp-block-stackable-icon-list stk-block-icon-list has-text-align-center stk-block stk-f922bfc\" data-block-id=\"f922bfc\"><style>.stk-f922bfc {--stk-icon-list-marker-color:#fcfbb8 !important;--stk-icon-list-icon-size:31px !important;}.stk-f922bfc .stk-block-icon-list-item__content{margin-inline:auto !important;}.stk-f922bfc .stk-block-icon-list__group{margin-inline:auto !important;}<\/style><svg style=\"display:none\"><defs><g id=\"stk-icon-list__icon-svg-def-f922bfc\"><svg xmlns=\"http:\/\/www.w3.org\/2000\/svg\" viewbox=\"0 0 448 512\"><path d=\"M0 96C0 60.7 28.7 32 64 32H384c35.3 0 64 28.7 64 64V416c0 35.3-28.7 64-64 64H64c-35.3 0-64-28.7-64-64V96z\"\/><\/svg><\/g><\/defs><\/svg><ul class=\"stk-block-icon-list__ul stk-block-icon-list--column\">\n<li class=\"wp-block-stackable-icon-list-item stk-block-icon-list-item stk-block stk-58ad2f9\" data-block-id=\"58ad2f9\"><div class=\"stk-block-icon-list-item__content\"><span class=\"stk--svg-wrapper\"><div class=\"stk--inner-svg\"><svg aria-hidden=\"true\" width=\"32\" height=\"32\"><use xlink:href=\"#stk-icon-list__icon-svg-def-f922bfc\"><\/use><\/svg><\/div><\/span><span class=\"stk-block-icon-list-item__text\">Reserved<\/span><\/div><\/li>\n<\/ul><\/div>\n<\/div><\/div><\/div>\n\n\n\n<div class=\"wp-block-stackable-column stk-block-column stk-column stk-block stk-6756278\" data-v=\"4\" data-block-id=\"6756278\"><style>@media screen and (max-width: 767px){.stk-6756278 {flex:var(--stk-flex-grow, 1) 1 calc(100% - var(--stk-column-gap, 0px) * 0 \/ 1 ) !important;}}<\/style><div class=\"stk-column-wrapper stk-block-column__content stk-container stk-6756278-container stk--no-background stk--no-padding\"><div class=\"stk-block-content stk-inner-blocks stk-6756278-inner-blocks\">\n<div class=\"wp-block-stackable-icon-list stk-block-icon-list has-text-align-center stk-block stk-666e3a7\" data-block-id=\"666e3a7\"><style>.stk-666e3a7 {--stk-icon-list-marker-color:#ffbbbb !important;--stk-icon-list-icon-size:31px !important;}.stk-666e3a7 .stk-block-icon-list-item__content{margin-inline:auto !important;}.stk-666e3a7 .stk-block-icon-list__group{margin-inline:auto !important;}<\/style><svg style=\"display:none\"><defs><g id=\"stk-icon-list__icon-svg-def-666e3a7\"><svg xmlns=\"http:\/\/www.w3.org\/2000\/svg\" viewbox=\"0 0 448 512\"><path d=\"M0 96C0 60.7 28.7 32 64 32H384c35.3 0 64 28.7 64 64V416c0 35.3-28.7 64-64 64H64c-35.3 0-64-28.7-64-64V96z\"\/><\/svg><\/g><\/defs><\/svg><ul class=\"stk-block-icon-list__ul stk-block-icon-list--column\">\n<li class=\"wp-block-stackable-icon-list-item stk-block-icon-list-item stk-block stk-cc34cab\" data-block-id=\"cc34cab\"><div class=\"stk-block-icon-list-item__content\"><span class=\"stk--svg-wrapper\"><div class=\"stk--inner-svg\"><svg aria-hidden=\"true\" width=\"32\" height=\"32\"><use xlink:href=\"#stk-icon-list__icon-svg-def-666e3a7\"><\/use><\/svg><\/div><\/span><span class=\"stk-block-icon-list-item__text\">confirmed<\/span><\/div><\/li>\n<\/ul><\/div>\n<\/div><\/div><\/div>\n<\/div><\/div>\n<\/div><\/div><\/div>\n<\/div><\/div>","protected":false},"excerpt":{"rendered":"<p>Prijava izlaga\u010da za WineRi 2026 Prijave su zaklju\u010dene Ovo je prijavnica kojom neopozivo naru\u010dujete (sukladno Op\u0107im uvjetima Festivala) 1 (jednu) do maksimalno 3 (tri) festivalske pozicije po cijeni 444,44 Eura + PDV po poziciji za nastup na Me\u0111unarodnom eno \u2013 gastro festivalu WineRi koji \u0107e se odr\u017eati 13. i 14. o\u017eujka 2026. godine u Kongresnom [&hellip;]<\/p>\n","protected":false},"author":1,"featured_media":3249,"parent":0,"menu_order":0,"comment_status":"closed","ping_status":"closed","template":"stranica-prijava.php","meta":{"_acf_changed":false,"iawp_total_views":3903,"footnotes":""},"class_list":["post-1203","page","type-page","status-publish","has-post-thumbnail","hentry"],"acf":[],"_links":{"self":[{"href":"https:\/\/kvarner.wine\/en\/wp-json\/wp\/v2\/pages\/1203","targetHints":{"allow":["GET"]}}],"collection":[{"href":"https:\/\/kvarner.wine\/en\/wp-json\/wp\/v2\/pages"}],"about":[{"href":"https:\/\/kvarner.wine\/en\/wp-json\/wp\/v2\/types\/page"}],"author":[{"embeddable":true,"href":"https:\/\/kvarner.wine\/en\/wp-json\/wp\/v2\/users\/1"}],"replies":[{"embeddable":true,"href":"https:\/\/kvarner.wine\/en\/wp-json\/wp\/v2\/comments?post=1203"}],"version-history":[{"count":5,"href":"https:\/\/kvarner.wine\/en\/wp-json\/wp\/v2\/pages\/1203\/revisions"}],"predecessor-version":[{"id":3483,"href":"https:\/\/kvarner.wine\/en\/wp-json\/wp\/v2\/pages\/1203\/revisions\/3483"}],"wp:featuredmedia":[{"embeddable":true,"href":"https:\/\/kvarner.wine\/en\/wp-json\/wp\/v2\/media\/3249"}],"wp:attachment":[{"href":"https:\/\/kvarner.wine\/en\/wp-json\/wp\/v2\/media?parent=1203"}],"curies":[{"name":"wp","href":"https:\/\/api.w.org\/{rel}","templated":true}]}}